{"id":9570,"date":"2021-07-28T14:02:05","date_gmt":"2021-07-28T12:02:05","guid":{"rendered":"https:\/\/procleaner.pl\/outsourcing\/"},"modified":"2024-10-10T10:06:26","modified_gmt":"2024-10-10T08:06:26","slug":"outsourcing","status":"publish","type":"page","link":"https:\/\/procleaner.pl\/en\/outsourcing\/","title":{"rendered":"Outsourcing"},"content":{"rendered":"\t\t<div data-elementor-type=\"wp-page\" data-elementor-id=\"9570\" class=\"elementor elementor-9570 elementor-3321\">\n\t\t\t\t\t\t\t\t\t<section class=\"elementor-section elementor-top-section elementor-element elementor-element-6fb69f6 elementor-section-boxed elementor-section-height-default elementor-section-height-default\" data-id=\"6fb69f6\" data-element_type=\"section\" data-settings=\"{&quot;background_background&quot;:&quot;classic&quot;,&quot;background_motion_fx_motion_fx_scrolling&quot;:&quot;yes&quot;,&quot;background_motion_fx_translateY_effect&quot;:&quot;yes&quot;,&quot;background_motion_fx_translateY_speed&quot;:{&quot;unit&quot;:&quot;px&quot;,&quot;size&quot;:4,&quot;sizes&quot;:[]},&quot;background_motion_fx_translateY_affectedRange&quot;:{&quot;unit&quot;:&quot;%&quot;,&quot;size&quot;:&quot;&quot;,&quot;sizes&quot;:{&quot;start&quot;:0,&quot;end&quot;:100}},&quot;background_motion_fx_devices&quot;:[&quot;desktop&quot;,&quot;tablet&quot;,&quot;mobile&quot;]}\">\n\t\t\t\t\t\t\t<div class=\"elementor-background-overlay\"><\/div>\n\t\t\t\t\t\t\t<div class=\"elementor-container elementor-column-gap-no\">\n\t\t\t\t\t<div class=\"elementor-column elementor-col-100 elementor-top-column elementor-element elementor-element-d07bc32\" data-id=\"d07bc32\" data-element_type=\"column\">\n\t\t\t<div class=\"elementor-widget-wrap elementor-element-populated\">\n\t\t\t\t\t\t\t\t<section class=\"elementor-section elementor-inner-section elementor-element elementor-element-7b4f078 elementor-section-boxed elementor-section-height-default elementor-section-height-default\" data-id=\"7b4f078\" data-element_type=\"section\">\n\t\t\t\t\t\t<div class=\"elementor-container elementor-column-gap-wider\">\n\t\t\t\t\t<div class=\"elementor-column elementor-col-100 elementor-inner-column elementor-element elementor-element-26cced1\" data-id=\"26cced1\" data-element_type=\"column\">\n\t\t\t<div class=\"elementor-widget-wrap elementor-element-populated\">\n\t\t\t\t\t\t\t\t<div class=\"elementor-element elementor-element-e786f77 animated-fast de_scroll_animation_no elementor-invisible elementor-widget elementor-widget-heading\" data-id=\"e786f77\" data-element_type=\"widget\" data-settings=\"{&quot;_animation&quot;:&quot;fadeIn&quot;,&quot;_animation_delay&quot;:480}\" data-widget_type=\"heading.default\">\n\t\t\t\t<div class=\"elementor-widget-container\">\n\t\t\t<div class=\"elementor-heading-title elementor-size-default\">Outsourcing<\/div>\t\t<\/div>\n\t\t\t\t<\/div>\n\t\t\t\t<div class=\"elementor-element elementor-element-24e997c de_scroll_animation_no elementor-invisible elementor-widget elementor-widget-heading\" data-id=\"24e997c\" data-element_type=\"widget\" data-settings=\"{&quot;_animation&quot;:&quot;fadeInUp&quot;}\" data-widget_type=\"heading.default\">\n\t\t\t\t<div class=\"elementor-widget-container\">\n\t\t\t<h2 class=\"elementor-heading-title elementor-size-default\">Our outsourcing services:<\/h2>\t\t<\/div>\n\t\t\t\t<\/div>\n\t\t\t\t\t<\/div>\n\t\t<\/div>\n\t\t\t\t\t\t\t<\/div>\n\t\t<\/section>\n\t\t\t\t<section class=\"elementor-section elementor-inner-section elementor-element elementor-element-0aaced9 elementor-section-boxed elementor-section-height-default elementor-section-height-default\" data-id=\"0aaced9\" data-element_type=\"section\" data-settings=\"{&quot;background_background&quot;:&quot;classic&quot;}\">\n\t\t\t\t\t\t<div class=\"elementor-container elementor-column-gap-wide\">\n\t\t\t\t\t<div class=\"elementor-column elementor-col-25 elementor-inner-column elementor-element elementor-element-85abef5\" data-id=\"85abef5\" data-element_type=\"column\">\n\t\t\t<div class=\"elementor-widget-wrap elementor-element-populated\">\n\t\t\t\t\t\t\t\t<div class=\"elementor-element elementor-element-74ba4d5 elementor-position-top de_scroll_animation_no elementor-widget elementor-widget-image-box\" data-id=\"74ba4d5\" data-element_type=\"widget\" data-widget_type=\"image-box.default\">\n\t\t\t\t<div class=\"elementor-widget-container\">\n\t\t\t<div class=\"elementor-image-box-wrapper\"><figure class=\"elementor-image-box-img\"><img fetchpriority=\"high\" decoding=\"async\" width=\"450\" height=\"450\" src=\"https:\/\/procleaner.pl\/wp-content\/uploads\/2021\/07\/rekrutacja.png\" class=\"elementor-animation-float attachment-full size-full wp-image-3280\" alt=\"Rekrutacja personelu\" srcset=\"https:\/\/procleaner.pl\/wp-content\/uploads\/2021\/07\/rekrutacja.png 450w, https:\/\/procleaner.pl\/wp-content\/uploads\/2021\/07\/rekrutacja-300x300.png 300w, https:\/\/procleaner.pl\/wp-content\/uploads\/2021\/07\/rekrutacja-150x150.png 150w\" sizes=\"(max-width: 450px) 100vw, 450px\" \/><\/figure><div class=\"elementor-image-box-content\"><h5 class=\"elementor-image-box-title\">Recruitment of personnel<\/h5><\/div><\/div>\t\t<\/div>\n\t\t\t\t<\/div>\n\t\t\t\t\t<\/div>\n\t\t<\/div>\n\t\t\t\t<div class=\"elementor-column elementor-col-25 elementor-inner-column elementor-element elementor-element-6ce35b5\" data-id=\"6ce35b5\" data-element_type=\"column\">\n\t\t\t<div class=\"elementor-widget-wrap elementor-element-populated\">\n\t\t\t\t\t\t\t\t<div class=\"elementor-element elementor-element-092f749 elementor-position-top de_scroll_animation_no elementor-widget elementor-widget-image-box\" data-id=\"092f749\" data-element_type=\"widget\" data-widget_type=\"image-box.default\">\n\t\t\t\t<div class=\"elementor-widget-container\">\n\t\t\t<div class=\"elementor-image-box-wrapper\"><figure class=\"elementor-image-box-img\"><img decoding=\"async\" width=\"450\" height=\"450\" src=\"https:\/\/procleaner.pl\/wp-content\/uploads\/2021\/07\/outsourcing.png\" class=\"elementor-animation-float attachment-full size-full wp-image-3272\" alt=\"Outsourcing personelu\" srcset=\"https:\/\/procleaner.pl\/wp-content\/uploads\/2021\/07\/outsourcing.png 450w, https:\/\/procleaner.pl\/wp-content\/uploads\/2021\/07\/outsourcing-300x300.png 300w, https:\/\/procleaner.pl\/wp-content\/uploads\/2021\/07\/outsourcing-150x150.png 150w\" sizes=\"(max-width: 450px) 100vw, 450px\" \/><\/figure><div class=\"elementor-image-box-content\"><h5 class=\"elementor-image-box-title\">Outsourcing of personnel<\/h5><\/div><\/div>\t\t<\/div>\n\t\t\t\t<\/div>\n\t\t\t\t\t<\/div>\n\t\t<\/div>\n\t\t\t\t<div class=\"elementor-column elementor-col-25 elementor-inner-column elementor-element elementor-element-31775e2\" data-id=\"31775e2\" data-element_type=\"column\">\n\t\t\t<div class=\"elementor-widget-wrap elementor-element-populated\">\n\t\t\t\t\t\t\t\t<div class=\"elementor-element elementor-element-c32323f elementor-position-top de_scroll_animation_no elementor-widget elementor-widget-image-box\" data-id=\"c32323f\" data-element_type=\"widget\" data-widget_type=\"image-box.default\">\n\t\t\t\t<div class=\"elementor-widget-container\">\n\t\t\t<div class=\"elementor-image-box-wrapper\"><figure class=\"elementor-image-box-img\"><img decoding=\"async\" width=\"450\" height=\"450\" src=\"https:\/\/procleaner.pl\/wp-content\/uploads\/2021\/07\/srodki-czystosci.png\" class=\"elementor-animation-float attachment-full size-full wp-image-3282\" alt=\"Zaopatrzenie w \u015brodki czysto\u015bci\" srcset=\"https:\/\/procleaner.pl\/wp-content\/uploads\/2021\/07\/srodki-czystosci.png 450w, https:\/\/procleaner.pl\/wp-content\/uploads\/2021\/07\/srodki-czystosci-300x300.png 300w, https:\/\/procleaner.pl\/wp-content\/uploads\/2021\/07\/srodki-czystosci-150x150.png 150w\" sizes=\"(max-width: 450px) 100vw, 450px\" \/><\/figure><div class=\"elementor-image-box-content\"><h5 class=\"elementor-image-box-title\">Procurement of cleaning supplies<\/h5><\/div><\/div>\t\t<\/div>\n\t\t\t\t<\/div>\n\t\t\t\t\t<\/div>\n\t\t<\/div>\n\t\t\t\t<div class=\"elementor-column elementor-col-25 elementor-inner-column elementor-element elementor-element-11991e4\" data-id=\"11991e4\" data-element_type=\"column\">\n\t\t\t<div class=\"elementor-widget-wrap elementor-element-populated\">\n\t\t\t\t\t\t\t\t<div class=\"elementor-element elementor-element-8359993 elementor-position-top de_scroll_animation_no elementor-widget elementor-widget-image-box\" data-id=\"8359993\" data-element_type=\"widget\" data-widget_type=\"image-box.default\">\n\t\t\t\t<div class=\"elementor-widget-container\">\n\t\t\t<div class=\"elementor-image-box-wrapper\"><figure class=\"elementor-image-box-img\"><img loading=\"lazy\" decoding=\"async\" width=\"450\" height=\"450\" src=\"https:\/\/procleaner.pl\/wp-content\/uploads\/2021\/07\/sprzedaz-i-wynajem-maszyn.png\" class=\"elementor-animation-float attachment-full size-full wp-image-3281\" alt=\"Sprzeda\u017c i wynajem maszyn\" srcset=\"https:\/\/procleaner.pl\/wp-content\/uploads\/2021\/07\/sprzedaz-i-wynajem-maszyn.png 450w, https:\/\/procleaner.pl\/wp-content\/uploads\/2021\/07\/sprzedaz-i-wynajem-maszyn-300x300.png 300w, https:\/\/procleaner.pl\/wp-content\/uploads\/2021\/07\/sprzedaz-i-wynajem-maszyn-150x150.png 150w\" sizes=\"(max-width: 450px) 100vw, 450px\" \/><\/figure><div class=\"elementor-image-box-content\"><h5 class=\"elementor-image-box-title\">Sale and rental of machines<\/h5><\/div><\/div>\t\t<\/div>\n\t\t\t\t<\/div>\n\t\t\t\t\t<\/div>\n\t\t<\/div>\n\t\t\t\t\t\t\t<\/div>\n\t\t<\/section>\n\t\t\t\t<section class=\"elementor-section elementor-inner-section elementor-element elementor-element-a68bf9c elementor-section-boxed elementor-section-height-default elementor-section-height-default\" data-id=\"a68bf9c\" data-element_type=\"section\" data-settings=\"{&quot;background_background&quot;:&quot;classic&quot;}\">\n\t\t\t\t\t\t<div class=\"elementor-container elementor-column-gap-wide\">\n\t\t\t\t\t<div class=\"elementor-column elementor-col-25 elementor-inner-column elementor-element elementor-element-83bbeee\" data-id=\"83bbeee\" data-element_type=\"column\">\n\t\t\t<div class=\"elementor-widget-wrap elementor-element-populated\">\n\t\t\t\t\t\t\t\t<div class=\"elementor-element elementor-element-6e5b5c8 elementor-position-top de_scroll_animation_no elementor-widget elementor-widget-image-box\" data-id=\"6e5b5c8\" data-element_type=\"widget\" data-widget_type=\"image-box.default\">\n\t\t\t\t<div class=\"elementor-widget-container\">\n\t\t\t<div class=\"elementor-image-box-wrapper\"><figure class=\"elementor-image-box-img\"><img loading=\"lazy\" decoding=\"async\" width=\"450\" height=\"450\" src=\"https:\/\/procleaner.pl\/wp-content\/uploads\/2021\/07\/obsluga-wozkow-widlowych.png\" class=\"elementor-animation-float attachment-full size-full wp-image-3270\" alt=\"Obs\u0142uga w\u00f3zk\u00f3w wid\u0142owych\" srcset=\"https:\/\/procleaner.pl\/wp-content\/uploads\/2021\/07\/obsluga-wozkow-widlowych.png 450w, https:\/\/procleaner.pl\/wp-content\/uploads\/2021\/07\/obsluga-wozkow-widlowych-300x300.png 300w, https:\/\/procleaner.pl\/wp-content\/uploads\/2021\/07\/obsluga-wozkow-widlowych-150x150.png 150w\" sizes=\"(max-width: 450px) 100vw, 450px\" \/><\/figure><div class=\"elementor-image-box-content\"><h5 class=\"elementor-image-box-title\">Forklift operation<\/h5><\/div><\/div>\t\t<\/div>\n\t\t\t\t<\/div>\n\t\t\t\t\t<\/div>\n\t\t<\/div>\n\t\t\t\t<div class=\"elementor-column elementor-col-25 elementor-inner-column elementor-element elementor-element-afbe566\" data-id=\"afbe566\" data-element_type=\"column\">\n\t\t\t<div class=\"elementor-widget-wrap elementor-element-populated\">\n\t\t\t\t\t\t\t\t<div class=\"elementor-element elementor-element-cccfa47 elementor-position-top de_scroll_animation_no elementor-widget elementor-widget-image-box\" data-id=\"cccfa47\" data-element_type=\"widget\" data-widget_type=\"image-box.default\">\n\t\t\t\t<div class=\"elementor-widget-container\">\n\t\t\t<div class=\"elementor-image-box-wrapper\"><figure class=\"elementor-image-box-img\"><img loading=\"lazy\" decoding=\"async\" width=\"450\" height=\"450\" src=\"https:\/\/procleaner.pl\/wp-content\/uploads\/2021\/07\/dostarczanie-i-serwis-mat.png\" class=\"elementor-animation-float attachment-full size-full wp-image-3268\" alt=\"Dostarczanie i serwis mat\" srcset=\"https:\/\/procleaner.pl\/wp-content\/uploads\/2021\/07\/dostarczanie-i-serwis-mat.png 450w, https:\/\/procleaner.pl\/wp-content\/uploads\/2021\/07\/dostarczanie-i-serwis-mat-300x300.png 300w, https:\/\/procleaner.pl\/wp-content\/uploads\/2021\/07\/dostarczanie-i-serwis-mat-150x150.png 150w\" sizes=\"(max-width: 450px) 100vw, 450px\" \/><\/figure><div class=\"elementor-image-box-content\"><h5 class=\"elementor-image-box-title\">Supply and service of mats<\/h5><\/div><\/div>\t\t<\/div>\n\t\t\t\t<\/div>\n\t\t\t\t\t<\/div>\n\t\t<\/div>\n\t\t\t\t<div class=\"elementor-column elementor-col-25 elementor-inner-column elementor-element elementor-element-08a6915\" data-id=\"08a6915\" data-element_type=\"column\">\n\t\t\t<div class=\"elementor-widget-wrap elementor-element-populated\">\n\t\t\t\t\t\t\t\t<div class=\"elementor-element elementor-element-ea4ef35 elementor-position-top de_scroll_animation_no elementor-widget elementor-widget-image-box\" data-id=\"ea4ef35\" data-element_type=\"widget\" data-widget_type=\"image-box.default\">\n\t\t\t\t<div class=\"elementor-widget-container\">\n\t\t\t<div class=\"elementor-image-box-wrapper\"><figure class=\"elementor-image-box-img\"><img loading=\"lazy\" decoding=\"async\" width=\"450\" height=\"450\" src=\"https:\/\/procleaner.pl\/wp-content\/uploads\/2021\/05\/icon-plus-arrows.png\" class=\"elementor-animation-float attachment-full size-full wp-image-18\" alt=\"niestandardowa us\u0142uga\" srcset=\"https:\/\/procleaner.pl\/wp-content\/uploads\/2021\/05\/icon-plus-arrows.png 450w, https:\/\/procleaner.pl\/wp-content\/uploads\/2021\/05\/icon-plus-arrows-300x300.png 300w, https:\/\/procleaner.pl\/wp-content\/uploads\/2021\/05\/icon-plus-arrows-150x150.png 150w\" sizes=\"(max-width: 450px) 100vw, 450px\" \/><\/figure><div class=\"elementor-image-box-content\"><h5 class=\"elementor-image-box-title\">Customized outsourcing services<\/h5><\/div><\/div>\t\t<\/div>\n\t\t\t\t<\/div>\n\t\t\t\t\t<\/div>\n\t\t<\/div>\n\t\t\t\t<div class=\"elementor-column elementor-col-25 elementor-inner-column elementor-element elementor-element-73cc5d6\" data-id=\"73cc5d6\" data-element_type=\"column\">\n\t\t\t<div class=\"elementor-widget-wrap\">\n\t\t\t\t\t\t\t\t\t<\/div>\n\t\t<\/div>\n\t\t\t\t\t\t\t<\/div>\n\t\t<\/section>\n\t\t\t\t\t<\/div>\n\t\t<\/div>\n\t\t\t\t\t\t\t<\/div>\n\t\t<\/section>\n\t\t\t\t\t\t\t<\/div>\n\t\t","protected":false},"excerpt":{"rendered":"<p>Outsourcing Our outsourcing services: Recruitment of personnel Outsourcing of personnel Procurement of cleaning supplies Sale and rental of machines Forklift operation Supply and service of mats Customized outsourcing services<\/p>\n","protected":false},"author":1,"featured_media":0,"parent":0,"menu_order":0,"comment_status":"closed","ping_status":"closed","template":"","meta":{"site-sidebar-layout":"no-sidebar","site-content-layout":"page-builder","ast-global-header-display":"","ast-banner-title-visibility":"","ast-main-header-display":"","ast-hfb-above-header-display":"","ast-hfb-below-header-display":"","ast-hfb-mobile-header-display":"","site-post-title":"disabled","ast-breadcrumbs-content":"","ast-featured-img":"disabled","footer-sml-layout":"","theme-transparent-header-meta":"default","adv-header-id-meta":"","stick-header-meta":"","header-above-stick-meta":"","header-main-stick-meta":"","header-below-stick-meta":"","footnotes":""},"yoast_head":"<!-- This site is optimized with the Yoast SEO plugin v21.7 - https:\/\/yoast.com\/wordpress\/plugins\/seo\/ -->\n<title>Outsourcing - ProCleaner<\/title>\n<meta name=\"robots\" content=\"index, follow, max-snippet:-1, max-image-preview:large, max-video-preview:-1\" \/>\n<link rel=\"canonical\" href=\"https:\/\/procleaner.pl\/en\/outsourcing\/\" \/>\n<meta property=\"og:locale\" content=\"en_US\" \/>\n<meta property=\"og:type\" content=\"article\" \/>\n<meta property=\"og:title\" content=\"Outsourcing - ProCleaner\" \/>\n<meta property=\"og:description\" content=\"Outsourcing Our outsourcing services: Recruitment of personnel Outsourcing of personnel Procurement of cleaning supplies Sale and rental of machines Forklift operation Supply and service of mats Customized outsourcing services\" \/>\n<meta property=\"og:url\" content=\"https:\/\/procleaner.pl\/en\/outsourcing\/\" \/>\n<meta property=\"og:site_name\" content=\"ProCleaner\" \/>\n<meta property=\"article:publisher\" content=\"https:\/\/www.facebook.com\/ProCleanerPoland\/\" \/>\n<meta property=\"article:modified_time\" content=\"2024-10-10T08:06:26+00:00\" \/>\n<meta property=\"og:image\" content=\"https:\/\/procleaner.pl\/wp-content\/uploads\/2021\/07\/rekrutacja.png\" \/>\n<meta name=\"twitter:card\" content=\"summary_large_image\" \/>\n<script type=\"application\/ld+json\" class=\"yoast-schema-graph\">{\"@context\":\"https:\/\/schema.org\",\"@graph\":[{\"@type\":\"WebPage\",\"@id\":\"https:\/\/procleaner.pl\/en\/outsourcing\/\",\"url\":\"https:\/\/procleaner.pl\/en\/outsourcing\/\",\"name\":\"Outsourcing - ProCleaner\",\"isPartOf\":{\"@id\":\"https:\/\/procleaner.pl\/#website\"},\"datePublished\":\"2021-07-28T12:02:05+00:00\",\"dateModified\":\"2024-10-10T08:06:26+00:00\",\"breadcrumb\":{\"@id\":\"https:\/\/procleaner.pl\/en\/outsourcing\/#breadcrumb\"},\"inLanguage\":\"en-US\",\"potentialAction\":[{\"@type\":\"ReadAction\",\"target\":[\"https:\/\/procleaner.pl\/en\/outsourcing\/\"]}]},{\"@type\":\"BreadcrumbList\",\"@id\":\"https:\/\/procleaner.pl\/en\/outsourcing\/#breadcrumb\",\"itemListElement\":[{\"@type\":\"ListItem\",\"position\":1,\"name\":\"Strona g\u0142\u00f3wna\",\"item\":\"https:\/\/procleaner.pl\/en\/homepage\/\"},{\"@type\":\"ListItem\",\"position\":2,\"name\":\"Outsourcing\"}]},{\"@type\":\"WebSite\",\"@id\":\"https:\/\/procleaner.pl\/#website\",\"url\":\"https:\/\/procleaner.pl\/\",\"name\":\"ProCleaner\",\"description\":\"cleaning company\",\"publisher\":{\"@id\":\"https:\/\/procleaner.pl\/#organization\"},\"potentialAction\":[{\"@type\":\"SearchAction\",\"target\":{\"@type\":\"EntryPoint\",\"urlTemplate\":\"https:\/\/procleaner.pl\/?s={search_term_string}\"},\"query-input\":\"required name=search_term_string\"}],\"inLanguage\":\"en-US\"},{\"@type\":\"Organization\",\"@id\":\"https:\/\/procleaner.pl\/#organization\",\"name\":\"ProCleaner\",\"url\":\"https:\/\/procleaner.pl\/\",\"logo\":{\"@type\":\"ImageObject\",\"inLanguage\":\"en-US\",\"@id\":\"https:\/\/procleaner.pl\/#\/schema\/logo\/image\/\",\"url\":\"https:\/\/procleaner.pl\/wp-content\/uploads\/2021\/05\/logo2.jpg\",\"contentUrl\":\"https:\/\/procleaner.pl\/wp-content\/uploads\/2021\/05\/logo2.jpg\",\"width\":364,\"height\":79,\"caption\":\"ProCleaner\"},\"image\":{\"@id\":\"https:\/\/procleaner.pl\/#\/schema\/logo\/image\/\"},\"sameAs\":[\"https:\/\/www.facebook.com\/ProCleanerPoland\/\"]}]}<\/script>\n<!-- \/ Yoast SEO plugin. -->","yoast_head_json":{"title":"Outsourcing - ProCleaner","robots":{"index":"index","follow":"follow","max-snippet":"max-snippet:-1","max-image-preview":"max-image-preview:large","max-video-preview":"max-video-preview:-1"},"canonical":"https:\/\/procleaner.pl\/en\/outsourcing\/","og_locale":"en_US","og_type":"article","og_title":"Outsourcing - ProCleaner","og_description":"Outsourcing Our outsourcing services: Recruitment of personnel Outsourcing of personnel Procurement of cleaning supplies Sale and rental of machines Forklift operation Supply and service of mats Customized outsourcing services","og_url":"https:\/\/procleaner.pl\/en\/outsourcing\/","og_site_name":"ProCleaner","article_publisher":"https:\/\/www.facebook.com\/ProCleanerPoland\/","article_modified_time":"2024-10-10T08:06:26+00:00","og_image":[{"url":"https:\/\/procleaner.pl\/wp-content\/uploads\/2021\/07\/rekrutacja.png"}],"twitter_card":"summary_large_image","schema":{"@context":"https:\/\/schema.org","@graph":[{"@type":"WebPage","@id":"https:\/\/procleaner.pl\/en\/outsourcing\/","url":"https:\/\/procleaner.pl\/en\/outsourcing\/","name":"Outsourcing - ProCleaner","isPartOf":{"@id":"https:\/\/procleaner.pl\/#website"},"datePublished":"2021-07-28T12:02:05+00:00","dateModified":"2024-10-10T08:06:26+00:00","breadcrumb":{"@id":"https:\/\/procleaner.pl\/en\/outsourcing\/#breadcrumb"},"inLanguage":"en-US","potentialAction":[{"@type":"ReadAction","target":["https:\/\/procleaner.pl\/en\/outsourcing\/"]}]},{"@type":"BreadcrumbList","@id":"https:\/\/procleaner.pl\/en\/outsourcing\/#breadcrumb","itemListElement":[{"@type":"ListItem","position":1,"name":"Strona g\u0142\u00f3wna","item":"https:\/\/procleaner.pl\/en\/homepage\/"},{"@type":"ListItem","position":2,"name":"Outsourcing"}]},{"@type":"WebSite","@id":"https:\/\/procleaner.pl\/#website","url":"https:\/\/procleaner.pl\/","name":"ProCleaner","description":"cleaning company","publisher":{"@id":"https:\/\/procleaner.pl\/#organization"},"potentialAction":[{"@type":"SearchAction","target":{"@type":"EntryPoint","urlTemplate":"https:\/\/procleaner.pl\/?s={search_term_string}"},"query-input":"required name=search_term_string"}],"inLanguage":"en-US"},{"@type":"Organization","@id":"https:\/\/procleaner.pl\/#organization","name":"ProCleaner","url":"https:\/\/procleaner.pl\/","logo":{"@type":"ImageObject","inLanguage":"en-US","@id":"https:\/\/procleaner.pl\/#\/schema\/logo\/image\/","url":"https:\/\/procleaner.pl\/wp-content\/uploads\/2021\/05\/logo2.jpg","contentUrl":"https:\/\/procleaner.pl\/wp-content\/uploads\/2021\/05\/logo2.jpg","width":364,"height":79,"caption":"ProCleaner"},"image":{"@id":"https:\/\/procleaner.pl\/#\/schema\/logo\/image\/"},"sameAs":["https:\/\/www.facebook.com\/ProCleanerPoland\/"]}]}},"_links":{"self":[{"href":"https:\/\/procleaner.pl\/en\/wp-json\/wp\/v2\/pages\/9570"}],"collection":[{"href":"https:\/\/procleaner.pl\/en\/wp-json\/wp\/v2\/pages"}],"about":[{"href":"https:\/\/procleaner.pl\/en\/wp-json\/wp\/v2\/types\/page"}],"author":[{"embeddable":true,"href":"https:\/\/procleaner.pl\/en\/wp-json\/wp\/v2\/users\/1"}],"replies":[{"embeddable":true,"href":"https:\/\/procleaner.pl\/en\/wp-json\/wp\/v2\/comments?post=9570"}],"version-history":[{"count":2,"href":"https:\/\/procleaner.pl\/en\/wp-json\/wp\/v2\/pages\/9570\/revisions"}],"predecessor-version":[{"id":9898,"href":"https:\/\/procleaner.pl\/en\/wp-json\/wp\/v2\/pages\/9570\/revisions\/9898"}],"wp:attachment":[{"href":"https:\/\/procleaner.pl\/en\/wp-json\/wp\/v2\/media?parent=9570"}],"curies":[{"name":"wp","href":"https:\/\/api.w.org\/{rel}","templated":true}]}}