{"id":9561,"date":"2021-05-27T09:13:07","date_gmt":"2021-05-27T07:13:07","guid":{"rendered":"https:\/\/procleaner.pl\/privacy-policy-2\/"},"modified":"2024-10-10T10:16:33","modified_gmt":"2024-10-10T08:16:33","slug":"privacy-policy-2","status":"publish","type":"page","link":"https:\/\/procleaner.pl\/en\/privacy-policy-2\/","title":{"rendered":"Privacy Policy"},"content":{"rendered":"\t\t<div data-elementor-type=\"wp-page\" data-elementor-id=\"9561\" class=\"elementor elementor-9561 elementor-3\">\n\t\t\t\t\t\t\t\t\t<section class=\"elementor-section elementor-top-section elementor-element elementor-element-d0bcd12 elementor-section-full_width elementor-section-height-default elementor-section-height-default\" data-id=\"d0bcd12\" data-element_type=\"section\">\n\t\t\t\t\t\t\t<div class=\"elementor-background-overlay\"><\/div>\n\t\t\t\t\t\t\t<div class=\"elementor-container elementor-column-gap-wider\">\n\t\t\t\t\t<div class=\"elementor-column elementor-col-100 elementor-top-column elementor-element elementor-element-c650d5c\" data-id=\"c650d5c\" data-element_type=\"column\">\n\t\t\t<div class=\"elementor-widget-wrap elementor-element-populated\">\n\t\t\t\t\t\t\t\t<div class=\"elementor-element elementor-element-923b870 de_scroll_animation_no elementor-widget elementor-widget-theme-post-title elementor-page-title elementor-widget-heading\" data-id=\"923b870\" data-element_type=\"widget\" data-widget_type=\"theme-post-title.default\">\n\t\t\t\t<div class=\"elementor-widget-container\">\n\t\t\t<h1 class=\"elementor-heading-title elementor-size-default\">Privacy Policy<\/h1>\t\t<\/div>\n\t\t\t\t<\/div>\n\t\t\t\t\t<\/div>\n\t\t<\/div>\n\t\t\t\t\t\t\t<\/div>\n\t\t<\/section>\n\t\t\t\t<section class=\"elementor-section elementor-top-section elementor-element elementor-element-74c35939 elementor-section-boxed elementor-section-height-default elementor-section-height-default\" data-id=\"74c35939\" data-element_type=\"section\">\n\t\t\t\t\t\t<div class=\"elementor-container elementor-column-gap-default\">\n\t\t\t\t\t<div class=\"elementor-column elementor-col-100 elementor-top-column elementor-element elementor-element-635b73ed\" data-id=\"635b73ed\" data-element_type=\"column\">\n\t\t\t<div class=\"elementor-widget-wrap elementor-element-populated\">\n\t\t\t\t\t\t\t\t<div class=\"elementor-element elementor-element-71fdaec7 de_scroll_animation_no elementor-widget elementor-widget-text-editor\" data-id=\"71fdaec7\" data-element_type=\"widget\" data-widget_type=\"text-editor.default\">\n\t\t\t\t<div class=\"elementor-widget-container\">\n\t\t\t\t\t\t\t<ol class=\"ol1\" type=\"I\">\n<li class=\"li3\"><span class=\"s1\">GENERAL PROVISIONS<\/span>\n<ol class=\"ol2\">\n<li class=\"li4\"><span class=\"s1\">The administrator of the personal data collected through the website http:\/\/new.procleaner.pl and e-mail is  <strong>Horizont Global Sp.<br \/>\nz o.o. Sp.k. <\/strong><\/span><span class=\"s1\">, registered office address: al.<br \/>\n\u015al\u0105ska 1, 54-118 Wroc\u0142aw, entered in the register of entrepreneurs under the KRS number: 0000441792, NIP: 8943042878, REGON: 022022881, e-mail address: procleaner@new.procleaner.pl hereinafter &#8220;Administrator&#8221;. <\/span><\/li>\n<li class=\"li5\"><span class=\"s1\">We wish to be transparent about the means and legal basis for processing personal data, as well as the purposes for which the Company processes personal data.<br \/>\nWe take care to always indicate the necessary information in this regard to each person whose personal data we process as a Data Controller.<br \/>\nGuided by this to make our explanation of these issues as clear as possible, we present the following regulation of personal data processing operations.  <\/span><\/li>\n<li class=\"li6\"><span class=\"s1\">The Administrator has not appointed a Data Protection Officer, however, the contact for matters related to data protection at the Administrator can be obtained at telephone number 71 307 30 75 or at e-mail address: biuro@procleaner.pl.<\/span><\/li>\n<li class=\"li5\"><span class=\"s1\">Individuals visiting our website have control over the personal information they provide to us. The website limits the collection and use of information about their users to the minimum required to provide services to them at the desired level, pursuant to Article 18 of the Act of July 18, 2002 on the provision of electronic services.   <\/span><\/li>\n<li class=\"li4\"><span class=\"s1\">We have also taken steps to bring our practices into full compliance with the provisions of Regulation (EU) 2016\/679<br \/>of the European Parliament and of the Council of April 27, 2016, as soon as possible.<br \/>\non the protection of individuals with regard to the processing of personal data and on the free movement of such data and the repeal of Directive 95\/46\/EC (RODO). <\/span><\/li>\n<li class=\"li4\"><span class=\"s1\">We take special care to protect the interests of data subjects,<br \/>and in particular ensures that the data we collect are:<\/span>\n<ol class=\"ol3\" type=\"a\">\n<li class=\"li4\"><span class=\"s1\">processed in accordance with the law,<\/span><\/li>\n<li class=\"li4\"><span class=\"s1\">collected for designated legitimate purposes and not subjected to further processing incompatible with those purposes,<\/span><\/li>\n<li class=\"li4\"><span class=\"s1\">Substantially correct and adequate in relation to the purposes for which they are processed, and stored in a form that allows identification of the persons to whom they relate for no longer than necessary to achieve the purpose of processing.<\/span><\/li>\n<\/ol>\n<\/li>\n<\/ol>\n<\/li>\n<li class=\"li4\"><span class=\"s1\">PURPOSE AND SCOPE OF DATA COLLECTION AND THE LEGAL BASIS FOR THESE ACTIVITIES<\/span>\n<ol class=\"ol2\">\n<li class=\"li4\"><span class=\"s1\">Your personal data may be processed by the Administrator:<\/span>\n<ol class=\"ol3\" type=\"a\">\n<li class=\"li4\"><span class=\"s1\">for the purpose of responding to your inquiries directed through the contact form &#8211; the legal basis for these activities is the principle that says that data processing is permitted if it is necessary for the performance or conclusion of a contract,<\/span><\/li>\n<li class=\"li4\"><span class=\"s1\">for other purposes related to business operations, to assert business claims and to fulfill the Administrator&#8217;s legitimate purposes,<\/span><\/li>\n<li class=\"li4\"><span class=\"s1\">on the basis of consent &#8211; only for the purpose indicated in the content of your consent.<\/span><\/li>\n<\/ol>\n<\/li>\n<li class=\"li4\"><span class=\"s1\">You are not profiled, which means that your data is not processed<br \/>in an automated manner to determine your needs or personality traits.<br \/>\nWe do not collect additional information about you from other sources. <\/span><\/li>\n<li class=\"li4\"><span class=\"s1\">We do not sell your personal data, nor do we share it with others.<br \/>In particular, your data is not sent outside the European Economic Area, nor is it transferred to international organizations.<\/span><\/li>\n<\/ol>\n<\/li>\n<li class=\"li4\"><span class=\"s1\">HOW LONG WE PROCESS PERSONAL DATA<\/span><br \/><span class=\"s1\">The length of time we may process personal data depends on the legal basis for the Company&#8217;s processing of personal data.<br \/>\nWe are never allowed to process personal data beyond the duration of the above-mentioned legal basis.<br \/>\nlegal basis.<br \/>\nAccordingly, we inform you that:   <\/span><\/p>\n<ol class=\"ol2\">\n<li class=\"li5\"><span class=\"s1\">where the Company processes personal data on the basis of consent, the processing period lasts until you withdraw that consent,<\/span><\/li>\n<li class=\"li5\"><span class=\"s1\">where the Company processes personal data on the basis of a legitimate interest of the Data Controller, the period of processing shall last until the aforementioned interest ceases.<br \/>\ninterest (e.g., the statute of limitations for civil law claims) or until the data subject objects to further such processing &#8211; in situations where such an objection is available under the law, <\/span><\/li>\n<li class=\"li5\"><span class=\"s1\">in the event that the Company processes personal data because it is necessary due to applicable laws, the processing periods for this purpose are determined by those laws,<\/span><\/li>\n<li class=\"li5\"><span class=\"s1\">In the absence of specific legal or contractual requirements, the basic data retention period for records and other documentary evidence produced in the course of contract performance is a maximum of 10 years.<\/span><\/li>\n<\/ol>\n<\/li>\n<li class=\"li4\"><span class=\"s1\">IMPLEMENTATION OF THE RIGHTS OF PERSONAL DATA SUBJECTS<\/span>\n<ol class=\"ol2\">\n<li class=\"li4\"><span class=\"s1\">You have the right to access and correct the content of your personal data.<\/span><\/li>\n<li class=\"li4\"><span class=\"s1\">If you find yourself in a particular situation that makes our continued processing of your data threaten your privacy, you can notify us and request that we stop or limit the processing.<\/span><\/li>\n<li class=\"li4\"><span class=\"s1\">You also have the right to request that we send your data to another entity in a form that the recipient can freely process.<br \/>\nWe notify you that this right applies only to the data we have received from you. <\/span><\/li>\n<li class=\"li4\"><span class=\"s1\">Please direct all of the above matters to our data protection specialist.<br \/>\ndata protection &#8211; (biuro@precleaner.pl). <\/span><\/li>\n<li class=\"li4\"><span class=\"s1\">We notify you that you also have the right to lodge a complaint to the supervisory authority &#8211; the President of the Office for Personal Data Protection.<\/span><\/li>\n<li class=\"li4\"><span class=\"s1\">The full procedure for exercising the rights of personal data subjects is available on our website: <a href=\"https:\/\/procleaner.pl\/en\/\"><span class=\"s3\">https:\/\/procleaner.pl<\/span><\/a>.<\/span><\/li>\n<\/ol>\n<\/li>\n<li class=\"li4\"><span class=\"s1\">COOKIES<\/span>\n<ol class=\"ol2\">\n<li class=\"li4\">Based on the provisions of Article 6(1)(f) of the RODO, we use so-called &#8220;cookies&#8221; on our website.<br \/>No change on your side regarding browser settings is tantamount to consent to their use.   <\/li>\n<li class=\"li4\">Installation of cookies is necessary for the proper provision of services on the website.<br \/>\nCookies contain information necessary for the proper functioning of the website, especially those requiring authorization.<br \/>\nCookies do not cause any harm to your devices, they do not contain viruses, trojans or other malware.<br \/>\nThe cookie application contains information that is always triggered by the specifics of the end-user device used.<br \/>\nThis does not mean that through this application we can possess knowledge of your identity.    <\/li>\n<li class=\"li4\">The website uses the following types of &#8220;cookies&#8221;:\n<ol type=\"a\">\n<li class=\"li4\">seasonal<\/li>\n<li class=\"li4\">temporary<\/li>\n<li class=\"li4\">They are used for optimization purposes for the needs of the user of a particular browser and for statistical purposes.<br \/>\nEach time, after a certain period of time, cookies are automatically deleted.<br \/>\nMost browsers accept cookies automatically.  <\/li>\n<\/ol>\n<\/li>\n<li class=\"li4\">The user has the right to decide on the access of &#8220;cookies&#8221; to his\/her computer by selecting them in advance in his\/her browser window. Detailed information about the possibility and methods of handling &#8220;cookies&#8221; is available in the settings of your software (web browser).al54-11<\/li>\n<\/ol>\n<\/li>\n<\/ol>\n\t\t\t\t\t\t<\/div>\n\t\t\t\t<\/div>\n\t\t\t\t\t<\/div>\n\t\t<\/div>\n\t\t\t\t\t\t\t<\/div>\n\t\t<\/section>\n\t\t\t\t\t\t\t<\/div>\n\t\t","protected":false},"excerpt":{"rendered":"<p>GENERAL PROVISIONS The administrator of the personal data collected through the website http:\/\/new.procleaner.pl and e-mail is Horizont Global Sp. z o.o. Sp.k. , registered office address: al. \u015al\u0105ska 1, 54-118 Wroc\u0142aw, entered in the register of entrepreneurs under the KRS number: 0000441792, NIP: 8943042878, REGON: 022022881, e-mail address: procleaner@new.procleaner.pl hereinafter &#8220;Administrator&#8221;. We wish to be &hellip;<\/p>\n<p class=\"read-more\"> <a class=\"\" href=\"https:\/\/procleaner.pl\/en\/privacy-policy-2\/\"> <span class=\"screen-reader-text\">Privacy Policy<\/span> Read More &raquo;<\/a><\/p>\n","protected":false},"author":1,"featured_media":0,"parent":0,"menu_order":0,"comment_status":"closed","ping_status":"open","template":"","meta":{"site-sidebar-layout":"default","site-content-layout":"default","ast-global-header-display":"","ast-banner-title-visibility":"","ast-main-header-display":"","ast-hfb-above-header-display":"","ast-hfb-below-header-display":"","ast-hfb-mobile-header-display":"","site-post-title":"","ast-breadcrumbs-content":"","ast-featured-img":"","footer-sml-layout":"","theme-transparent-header-meta":"","adv-header-id-meta":"","stick-header-meta":"","header-above-stick-meta":"","header-main-stick-meta":"","header-below-stick-meta":"","footnotes":""},"yoast_head":"<!-- This site is optimized with the Yoast SEO plugin v21.7 - https:\/\/yoast.com\/wordpress\/plugins\/seo\/ -->\n<title>Privacy Policy - ProCleaner<\/title>\n<meta name=\"robots\" content=\"index, follow, max-snippet:-1, max-image-preview:large, max-video-preview:-1\" \/>\n<link rel=\"canonical\" href=\"https:\/\/procleaner.pl\/en\/privacy-policy-2\/\" \/>\n<meta property=\"og:locale\" content=\"en_US\" \/>\n<meta property=\"og:type\" content=\"article\" \/>\n<meta property=\"og:title\" content=\"Privacy Policy - ProCleaner\" \/>\n<meta property=\"og:description\" content=\"GENERAL PROVISIONS The administrator of the personal data collected through the website http:\/\/new.procleaner.pl and e-mail is Horizont Global Sp. z o.o. Sp.k. , registered office address: al. \u015al\u0105ska 1, 54-118 Wroc\u0142aw, entered in the register of entrepreneurs under the KRS number: 0000441792, NIP: 8943042878, REGON: 022022881, e-mail address: procleaner@new.procleaner.pl hereinafter &#8220;Administrator&#8221;. We wish to be &hellip; Privacy Policy Read More &raquo;\" \/>\n<meta property=\"og:url\" content=\"https:\/\/procleaner.pl\/en\/privacy-policy-2\/\" \/>\n<meta property=\"og:site_name\" content=\"ProCleaner\" \/>\n<meta property=\"article:publisher\" content=\"https:\/\/www.facebook.com\/ProCleanerPoland\/\" \/>\n<meta property=\"article:modified_time\" content=\"2024-10-10T08:16:33+00:00\" \/>\n<meta name=\"twitter:card\" content=\"summary_large_image\" \/>\n<meta name=\"twitter:label1\" content=\"Est. reading time\" \/>\n\t<meta name=\"twitter:data1\" content=\"5 minutes\" \/>\n<script type=\"application\/ld+json\" class=\"yoast-schema-graph\">{\"@context\":\"https:\/\/schema.org\",\"@graph\":[{\"@type\":\"WebPage\",\"@id\":\"https:\/\/procleaner.pl\/en\/privacy-policy-2\/\",\"url\":\"https:\/\/procleaner.pl\/en\/privacy-policy-2\/\",\"name\":\"Privacy Policy - ProCleaner\",\"isPartOf\":{\"@id\":\"https:\/\/procleaner.pl\/#website\"},\"datePublished\":\"2021-05-27T07:13:07+00:00\",\"dateModified\":\"2024-10-10T08:16:33+00:00\",\"breadcrumb\":{\"@id\":\"https:\/\/procleaner.pl\/en\/privacy-policy-2\/#breadcrumb\"},\"inLanguage\":\"en-US\",\"potentialAction\":[{\"@type\":\"ReadAction\",\"target\":[\"https:\/\/procleaner.pl\/en\/privacy-policy-2\/\"]}]},{\"@type\":\"BreadcrumbList\",\"@id\":\"https:\/\/procleaner.pl\/en\/privacy-policy-2\/#breadcrumb\",\"itemListElement\":[{\"@type\":\"ListItem\",\"position\":1,\"name\":\"Strona g\u0142\u00f3wna\",\"item\":\"https:\/\/procleaner.pl\/en\/homepage\/\"},{\"@type\":\"ListItem\",\"position\":2,\"name\":\"Privacy Policy\"}]},{\"@type\":\"WebSite\",\"@id\":\"https:\/\/procleaner.pl\/#website\",\"url\":\"https:\/\/procleaner.pl\/\",\"name\":\"ProCleaner\",\"description\":\"cleaning company\",\"publisher\":{\"@id\":\"https:\/\/procleaner.pl\/#organization\"},\"potentialAction\":[{\"@type\":\"SearchAction\",\"target\":{\"@type\":\"EntryPoint\",\"urlTemplate\":\"https:\/\/procleaner.pl\/?s={search_term_string}\"},\"query-input\":\"required name=search_term_string\"}],\"inLanguage\":\"en-US\"},{\"@type\":\"Organization\",\"@id\":\"https:\/\/procleaner.pl\/#organization\",\"name\":\"ProCleaner\",\"url\":\"https:\/\/procleaner.pl\/\",\"logo\":{\"@type\":\"ImageObject\",\"inLanguage\":\"en-US\",\"@id\":\"https:\/\/procleaner.pl\/#\/schema\/logo\/image\/\",\"url\":\"https:\/\/procleaner.pl\/wp-content\/uploads\/2021\/05\/logo2.jpg\",\"contentUrl\":\"https:\/\/procleaner.pl\/wp-content\/uploads\/2021\/05\/logo2.jpg\",\"width\":364,\"height\":79,\"caption\":\"ProCleaner\"},\"image\":{\"@id\":\"https:\/\/procleaner.pl\/#\/schema\/logo\/image\/\"},\"sameAs\":[\"https:\/\/www.facebook.com\/ProCleanerPoland\/\"]}]}<\/script>\n<!-- \/ Yoast SEO plugin. -->","yoast_head_json":{"title":"Privacy Policy - ProCleaner","robots":{"index":"index","follow":"follow","max-snippet":"max-snippet:-1","max-image-preview":"max-image-preview:large","max-video-preview":"max-video-preview:-1"},"canonical":"https:\/\/procleaner.pl\/en\/privacy-policy-2\/","og_locale":"en_US","og_type":"article","og_title":"Privacy Policy - ProCleaner","og_description":"GENERAL PROVISIONS The administrator of the personal data collected through the website http:\/\/new.procleaner.pl and e-mail is Horizont Global Sp. z o.o. Sp.k. , registered office address: al. \u015al\u0105ska 1, 54-118 Wroc\u0142aw, entered in the register of entrepreneurs under the KRS number: 0000441792, NIP: 8943042878, REGON: 022022881, e-mail address: procleaner@new.procleaner.pl hereinafter &#8220;Administrator&#8221;. We wish to be &hellip; Privacy Policy Read More &raquo;","og_url":"https:\/\/procleaner.pl\/en\/privacy-policy-2\/","og_site_name":"ProCleaner","article_publisher":"https:\/\/www.facebook.com\/ProCleanerPoland\/","article_modified_time":"2024-10-10T08:16:33+00:00","twitter_card":"summary_large_image","twitter_misc":{"Est. reading time":"5 minutes"},"schema":{"@context":"https:\/\/schema.org","@graph":[{"@type":"WebPage","@id":"https:\/\/procleaner.pl\/en\/privacy-policy-2\/","url":"https:\/\/procleaner.pl\/en\/privacy-policy-2\/","name":"Privacy Policy - ProCleaner","isPartOf":{"@id":"https:\/\/procleaner.pl\/#website"},"datePublished":"2021-05-27T07:13:07+00:00","dateModified":"2024-10-10T08:16:33+00:00","breadcrumb":{"@id":"https:\/\/procleaner.pl\/en\/privacy-policy-2\/#breadcrumb"},"inLanguage":"en-US","potentialAction":[{"@type":"ReadAction","target":["https:\/\/procleaner.pl\/en\/privacy-policy-2\/"]}]},{"@type":"BreadcrumbList","@id":"https:\/\/procleaner.pl\/en\/privacy-policy-2\/#breadcrumb","itemListElement":[{"@type":"ListItem","position":1,"name":"Strona g\u0142\u00f3wna","item":"https:\/\/procleaner.pl\/en\/homepage\/"},{"@type":"ListItem","position":2,"name":"Privacy Policy"}]},{"@type":"WebSite","@id":"https:\/\/procleaner.pl\/#website","url":"https:\/\/procleaner.pl\/","name":"ProCleaner","description":"cleaning company","publisher":{"@id":"https:\/\/procleaner.pl\/#organization"},"potentialAction":[{"@type":"SearchAction","target":{"@type":"EntryPoint","urlTemplate":"https:\/\/procleaner.pl\/?s={search_term_string}"},"query-input":"required name=search_term_string"}],"inLanguage":"en-US"},{"@type":"Organization","@id":"https:\/\/procleaner.pl\/#organization","name":"ProCleaner","url":"https:\/\/procleaner.pl\/","logo":{"@type":"ImageObject","inLanguage":"en-US","@id":"https:\/\/procleaner.pl\/#\/schema\/logo\/image\/","url":"https:\/\/procleaner.pl\/wp-content\/uploads\/2021\/05\/logo2.jpg","contentUrl":"https:\/\/procleaner.pl\/wp-content\/uploads\/2021\/05\/logo2.jpg","width":364,"height":79,"caption":"ProCleaner"},"image":{"@id":"https:\/\/procleaner.pl\/#\/schema\/logo\/image\/"},"sameAs":["https:\/\/www.facebook.com\/ProCleanerPoland\/"]}]}},"_links":{"self":[{"href":"https:\/\/procleaner.pl\/en\/wp-json\/wp\/v2\/pages\/9561"}],"collection":[{"href":"https:\/\/procleaner.pl\/en\/wp-json\/wp\/v2\/pages"}],"about":[{"href":"https:\/\/procleaner.pl\/en\/wp-json\/wp\/v2\/types\/page"}],"author":[{"embeddable":true,"href":"https:\/\/procleaner.pl\/en\/wp-json\/wp\/v2\/users\/1"}],"replies":[{"embeddable":true,"href":"https:\/\/procleaner.pl\/en\/wp-json\/wp\/v2\/comments?post=9561"}],"version-history":[{"count":2,"href":"https:\/\/procleaner.pl\/en\/wp-json\/wp\/v2\/pages\/9561\/revisions"}],"predecessor-version":[{"id":9962,"href":"https:\/\/procleaner.pl\/en\/wp-json\/wp\/v2\/pages\/9561\/revisions\/9962"}],"wp:attachment":[{"href":"https:\/\/procleaner.pl\/en\/wp-json\/wp\/v2\/media?parent=9561"}],"curies":[{"name":"wp","href":"https:\/\/api.w.org\/{rel}","templated":true}]}}