{"id":10252,"date":"2023-11-10T09:26:55","date_gmt":"2023-11-10T08:26:55","guid":{"rendered":"https:\/\/procleaner.pl\/mitarbeiterrekrutierung\/"},"modified":"2025-10-08T13:41:03","modified_gmt":"2025-10-08T11:41:03","slug":"mitarbeiterrekrutierung","status":"publish","type":"page","link":"https:\/\/procleaner.pl\/de\/mitarbeiterrekrutierung\/","title":{"rendered":"Mitarbeiterrekrutierung"},"content":{"rendered":"\t\t<div data-elementor-type=\"wp-page\" data-elementor-id=\"10252\" class=\"elementor elementor-10252 elementor-7574\">\n\t\t\t\t\t\t\t\t\t<section class=\"elementor-section elementor-top-section elementor-element elementor-element-21ae925 elementor-section-full_width elementor-section-height-default elementor-section-height-default\" data-id=\"21ae925\" data-element_type=\"section\">\n\t\t\t\t\t\t\t<div class=\"elementor-background-overlay\"><\/div>\n\t\t\t\t\t\t\t<div class=\"elementor-container elementor-column-gap-wider\">\n\t\t\t\t\t<div class=\"elementor-column elementor-col-100 elementor-top-column elementor-element elementor-element-694d1d2\" data-id=\"694d1d2\" data-element_type=\"column\">\n\t\t\t<div class=\"elementor-widget-wrap elementor-element-populated\">\n\t\t\t\t\t\t\t\t<div class=\"elementor-element elementor-element-28848ff5 de_scroll_animation_no elementor-widget elementor-widget-theme-post-title elementor-page-title elementor-widget-heading\" data-id=\"28848ff5\" data-element_type=\"widget\" data-widget_type=\"theme-post-title.default\">\n\t\t\t\t<div class=\"elementor-widget-container\">\n\t\t\t<h1 class=\"elementor-heading-title elementor-size-default\">Mitarbeiterrekrutierung<\/h1>\t\t<\/div>\n\t\t\t\t<\/div>\n\t\t\t\t\t<\/div>\n\t\t<\/div>\n\t\t\t\t\t\t\t<\/div>\n\t\t<\/section>\n\t\t\t\t<section class=\"elementor-section elementor-top-section elementor-element elementor-element-6604931d elementor-section-boxed elementor-section-height-default elementor-section-height-default\" data-id=\"6604931d\" data-element_type=\"section\">\n\t\t\t\t\t\t<div class=\"elementor-container elementor-column-gap-extended\">\n\t\t\t\t\t<div class=\"elementor-column elementor-col-50 elementor-top-column elementor-element elementor-element-516ccdc7\" data-id=\"516ccdc7\" data-element_type=\"column\" data-settings=\"{&quot;background_background&quot;:&quot;classic&quot;}\">\n\t\t\t<div class=\"elementor-widget-wrap elementor-element-populated\">\n\t\t\t\t\t\t\t\t<div class=\"elementor-element elementor-element-5bc67ebb de_scroll_animation_no elementor-widget elementor-widget-image\" data-id=\"5bc67ebb\" data-element_type=\"widget\" data-widget_type=\"image.default\">\n\t\t\t\t<div class=\"elementor-widget-container\">\n\t\t\t\t\t\t\t\t\t\t\t\t\t\t\t<img fetchpriority=\"high\" decoding=\"async\" width=\"1024\" height=\"714\" src=\"https:\/\/procleaner.pl\/wp-content\/uploads\/2021\/09\/rekrutacja-personelu-1024x714.webp\" class=\"attachment-large size-large wp-image-3666\" alt=\"rekrutacja personelu\" srcset=\"https:\/\/procleaner.pl\/wp-content\/uploads\/2021\/09\/rekrutacja-personelu-1024x714.webp 1024w, https:\/\/procleaner.pl\/wp-content\/uploads\/2021\/09\/rekrutacja-personelu-300x209.webp 300w, https:\/\/procleaner.pl\/wp-content\/uploads\/2021\/09\/rekrutacja-personelu-768x536.webp 768w, https:\/\/procleaner.pl\/wp-content\/uploads\/2021\/09\/rekrutacja-personelu.webp 1200w\" sizes=\"(max-width: 1024px) 100vw, 1024px\" \/>\t\t\t\t\t\t\t\t\t\t\t\t\t\t\t<\/div>\n\t\t\t\t<\/div>\n\t\t\t\t\t<\/div>\n\t\t<\/div>\n\t\t\t\t<div class=\"elementor-column elementor-col-50 elementor-top-column elementor-element elementor-element-54729c0b\" data-id=\"54729c0b\" data-element_type=\"column\">\n\t\t\t<div class=\"elementor-widget-wrap elementor-element-populated\">\n\t\t\t\t\t\t\t\t<div class=\"elementor-element elementor-element-3679420b de_scroll_animation_no elementor-widget elementor-widget-text-editor\" data-id=\"3679420b\" data-element_type=\"widget\" data-widget_type=\"text-editor.default\">\n\t\t\t\t<div class=\"elementor-widget-container\">\n\t\t\t\t\t\t\t<h4>Personalbeschaffung und Outsourcing von Mitarbeitern. Sehen Sie, mit wem wir zusammenarbeiten<\/h4>\r\nBei ProCleaner besch\u00e4ftigen wir uns nicht mit dem Outsourcing von Mitarbeitern. Nutzen Sie die Dienste des von uns empfohlenen Unternehmens, das sich seit Jahren mit der professionellen Personalbeschaffung f\u00fcr Positionen in vielen Branchen befasst.\t\t\t\t\t\t<\/div>\n\t\t\t\t<\/div>\n\t\t\t\t<div class=\"elementor-element elementor-element-2d12d592 elementor-widget__width-inherit elementor-mobile-align-center de_scroll_animation_no elementor-widget elementor-widget-button\" data-id=\"2d12d592\" data-element_type=\"widget\" data-widget_type=\"button.default\">\n\t\t\t\t<div class=\"elementor-widget-container\">\n\t\t\t\t\t<div class=\"elementor-button-wrapper\">\n\t\t\t<a class=\"elementor-button elementor-button-link elementor-size-md elementor-animation-float\" href=\"https:\/\/abovosolutions.pl\/\">\n\t\t\t\t\t\t<span class=\"elementor-button-content-wrapper\">\n\t\t\t\t\t\t<span class=\"elementor-button-icon elementor-align-icon-right\">\n\t\t\t\t<i aria-hidden=\"true\" class=\"icon icon-right-arrow\"><\/i>\t\t\t<\/span>\n\t\t\t\t\t\t<span class=\"elementor-button-text\"> Nutzen Sie die Dienstleistungen von AB OvoSolutions<\/span>\n\t\t<\/span>\n\t\t\t\t\t<\/a>\n\t\t<\/div>\n\t\t\t\t<\/div>\n\t\t\t\t<\/div>\n\t\t\t\t\t<\/div>\n\t\t<\/div>\n\t\t\t\t\t\t\t<\/div>\n\t\t<\/section>\n\t\t\t\t<section class=\"elementor-section elementor-top-section elementor-element elementor-element-20cea5ff elementor-section-boxed elementor-section-height-default elementor-section-height-default\" data-id=\"20cea5ff\" data-element_type=\"section\">\n\t\t\t\t\t\t<div class=\"elementor-container elementor-column-gap-default\">\n\t\t\t\t\t<div class=\"elementor-column elementor-col-100 elementor-top-column elementor-element elementor-element-6ae6ee0e\" data-id=\"6ae6ee0e\" data-element_type=\"column\">\n\t\t\t<div class=\"elementor-widget-wrap elementor-element-populated\">\n\t\t\t\t\t\t\t\t<div class=\"elementor-element elementor-element-48c1019 de_scroll_animation_no elementor-widget elementor-widget-text-editor\" data-id=\"48c1019\" data-element_type=\"widget\" data-widget_type=\"text-editor.default\">\n\t\t\t\t<div class=\"elementor-widget-container\">\n\t\t\t\t\t\t\t<h3 style=\"text-align: center;\">Sehen Sie sich unsere Dienstleistungen f\u00fcr verschiedene Objekte an:<\/h3>\n\t\t\t\t\t\t<\/div>\n\t\t\t\t<\/div>\n\t\t\t\t\t<\/div>\n\t\t<\/div>\n\t\t\t\t\t\t\t<\/div>\n\t\t<\/section>\n\t\t\t\t<section class=\"elementor-section elementor-top-section elementor-element elementor-element-6315c6eb elementor-section-boxed elementor-section-height-default elementor-section-height-default\" data-id=\"6315c6eb\" data-element_type=\"section\">\n\t\t\t\t\t\t<div class=\"elementor-container elementor-column-gap-default\">\n\t\t\t\t\t<div class=\"de-column-clickable-elementor elementor-column elementor-col-16 elementor-top-column elementor-element elementor-element-3d38d8c\" style=\"cursor: pointer;\" data-column-clickable=\"https:\/\/procleaner.pl\/sprzatanie-hal-magazynowych\/\" data-column-clickable-blank=\"_self\" data-id=\"3d38d8c\" data-element_type=\"column\">\n\t\t\t<div class=\"elementor-widget-wrap elementor-element-populated\">\n\t\t\t\t\t\t\t\t<div class=\"elementor-element elementor-element-240eb0a7 de_scroll_animation_no elementor-widget elementor-widget-image\" data-id=\"240eb0a7\" data-element_type=\"widget\" data-widget_type=\"image.default\">\n\t\t\t\t<div class=\"elementor-widget-container\">\n\t\t\t\t\t\t\t\t\t\t\t\t\t\t\t<img decoding=\"async\" src=\"https:\/\/procleaner.pl\/wp-content\/uploads\/elementor\/thumbs\/sprzatanie-magazynow-p8xz0lg4c0ee5me6kur7lw20dybpj7oz0d9ejh409o.png\" title=\"sprzatanie-magazynow\" alt=\"sprz\u0105tanie magazyn\u00f3w\" loading=\"lazy\" \/>\t\t\t\t\t\t\t\t\t\t\t\t\t\t\t<\/div>\n\t\t\t\t<\/div>\n\t\t\t\t<div class=\"elementor-element elementor-element-23e4b1a6 de_scroll_animation_no elementor-widget elementor-widget-text-editor\" data-id=\"23e4b1a6\" data-element_type=\"widget\" data-widget_type=\"text-editor.default\">\n\t\t\t\t<div class=\"elementor-widget-container\">\n\t\t\t\t\t\t\t<h5 style=\"text-align: center;\">Lagerhallen<\/h5>\n\t\t\t\t\t\t<\/div>\n\t\t\t\t<\/div>\n\t\t\t\t\t<\/div>\n\t\t<\/div>\n\t\t\t\t<div class=\"de-column-clickable-elementor elementor-column elementor-col-16 elementor-top-column elementor-element elementor-element-528d90b6\" style=\"cursor: pointer;\" data-column-clickable=\"https:\/\/procleaner.pl\/sprzatanie-hoteli\/\" data-column-clickable-blank=\"_self\" data-id=\"528d90b6\" data-element_type=\"column\">\n\t\t\t<div class=\"elementor-widget-wrap elementor-element-populated\">\n\t\t\t\t\t\t\t\t<div class=\"elementor-element elementor-element-2acbb396 de_scroll_animation_no elementor-widget elementor-widget-image\" data-id=\"2acbb396\" data-element_type=\"widget\" data-widget_type=\"image.default\">\n\t\t\t\t<div class=\"elementor-widget-container\">\n\t\t\t\t\t\t\t\t\t\t\t\t\t\t\t<img decoding=\"async\" src=\"https:\/\/procleaner.pl\/wp-content\/uploads\/elementor\/thumbs\/sprzatanie-hoteli-p8xznpbace15kituncc1ek4y3yfjrcff6qm49culb0.png\" title=\"sprzatanie-hoteli\" alt=\"sprz\u0105tanie hoteli\" loading=\"lazy\" \/>\t\t\t\t\t\t\t\t\t\t\t\t\t\t\t<\/div>\n\t\t\t\t<\/div>\n\t\t\t\t<div class=\"elementor-element elementor-element-78fc1300 de_scroll_animation_no elementor-widget elementor-widget-text-editor\" data-id=\"78fc1300\" data-element_type=\"widget\" data-widget_type=\"text-editor.default\">\n\t\t\t\t<div class=\"elementor-widget-container\">\n\t\t\t\t\t\t\t<h5 style=\"text-align: center;\">Hotels<\/h5>\n\t\t\t\t\t\t<\/div>\n\t\t\t\t<\/div>\n\t\t\t\t\t<\/div>\n\t\t<\/div>\n\t\t\t\t<div class=\"de-column-clickable-elementor elementor-column elementor-col-16 elementor-top-column elementor-element elementor-element-7f17f218\" style=\"cursor: pointer;\" data-column-clickable=\"https:\/\/procleaner.pl\/sprzatanie-jednostek-sluzby-zdrowia\/\" data-column-clickable-blank=\"_self\" data-id=\"7f17f218\" data-element_type=\"column\">\n\t\t\t<div class=\"elementor-widget-wrap elementor-element-populated\">\n\t\t\t\t\t\t\t\t<div class=\"elementor-element elementor-element-10c77699 de_scroll_animation_no elementor-widget elementor-widget-image\" data-id=\"10c77699\" data-element_type=\"widget\" data-widget_type=\"image.default\">\n\t\t\t\t<div class=\"elementor-widget-container\">\n\t\t\t\t\t\t\t\t\t\t\t\t\t\t\t<img decoding=\"async\" width=\"150\" height=\"150\" src=\"https:\/\/procleaner.pl\/wp-content\/uploads\/2021\/06\/sprzatanie-placowek-medycznych-150x150.png\" class=\"attachment-thumbnail size-thumbnail wp-image-2631\" alt=\"sprz\u0105tanie plac\u00f3wek medycznych\" srcset=\"https:\/\/procleaner.pl\/wp-content\/uploads\/2021\/06\/sprzatanie-placowek-medycznych-150x150.png 150w, https:\/\/procleaner.pl\/wp-content\/uploads\/2021\/06\/sprzatanie-placowek-medycznych-300x300.png 300w, https:\/\/procleaner.pl\/wp-content\/uploads\/2021\/06\/sprzatanie-placowek-medycznych.png 450w\" sizes=\"(max-width: 150px) 100vw, 150px\" \/>\t\t\t\t\t\t\t\t\t\t\t\t\t\t\t<\/div>\n\t\t\t\t<\/div>\n\t\t\t\t<div class=\"elementor-element elementor-element-63ba29b0 de_scroll_animation_no elementor-widget elementor-widget-text-editor\" data-id=\"63ba29b0\" data-element_type=\"widget\" data-widget_type=\"text-editor.default\">\n\t\t\t\t<div class=\"elementor-widget-container\">\n\t\t\t\t\t\t\t<h5 style=\"text-align: center;\">Gesundheitsdienstleister<\/h5>\n\t\t\t\t\t\t<\/div>\n\t\t\t\t<\/div>\n\t\t\t\t\t<\/div>\n\t\t<\/div>\n\t\t\t\t<div class=\"de-column-clickable-elementor elementor-column elementor-col-16 elementor-top-column elementor-element elementor-element-53483caf\" style=\"cursor: pointer;\" data-column-clickable=\"https:\/\/procleaner.pl\/sprzatanie-obiektow-handlowych\/\" data-column-clickable-blank=\"_self\" data-id=\"53483caf\" data-element_type=\"column\">\n\t\t\t<div class=\"elementor-widget-wrap elementor-element-populated\">\n\t\t\t\t\t\t\t\t<div class=\"elementor-element elementor-element-27975de2 de_scroll_animation_no elementor-widget elementor-widget-image\" data-id=\"27975de2\" data-element_type=\"widget\" data-widget_type=\"image.default\">\n\t\t\t\t<div class=\"elementor-widget-container\">\n\t\t\t\t\t\t\t\t\t\t\t\t\t\t\t<img decoding=\"async\" width=\"150\" height=\"150\" src=\"https:\/\/procleaner.pl\/wp-content\/uploads\/2021\/06\/sprzatanie-galerii-handlowych-150x150.png\" class=\"attachment-thumbnail size-thumbnail wp-image-2619\" alt=\"sprz\u0105tanie obiekt\u00f3w handlowych\" srcset=\"https:\/\/procleaner.pl\/wp-content\/uploads\/2021\/06\/sprzatanie-galerii-handlowych-150x150.png 150w, https:\/\/procleaner.pl\/wp-content\/uploads\/2021\/06\/sprzatanie-galerii-handlowych-300x300.png 300w, https:\/\/procleaner.pl\/wp-content\/uploads\/2021\/06\/sprzatanie-galerii-handlowych.png 450w\" sizes=\"(max-width: 150px) 100vw, 150px\" \/>\t\t\t\t\t\t\t\t\t\t\t\t\t\t\t<\/div>\n\t\t\t\t<\/div>\n\t\t\t\t<div class=\"elementor-element elementor-element-4494fcb1 de_scroll_animation_no elementor-widget elementor-widget-text-editor\" data-id=\"4494fcb1\" data-element_type=\"widget\" data-widget_type=\"text-editor.default\">\n\t\t\t\t<div class=\"elementor-widget-container\">\n\t\t\t\t\t\t\t<h5 style=\"text-align: center;\">Gewerbeimmobilien<\/h5>\n\t\t\t\t\t\t<\/div>\n\t\t\t\t<\/div>\n\t\t\t\t\t<\/div>\n\t\t<\/div>\n\t\t\t\t<div class=\"de-column-clickable-elementor elementor-column elementor-col-16 elementor-top-column elementor-element elementor-element-878e1cd\" style=\"cursor: pointer;\" data-column-clickable=\"https:\/\/procleaner.pl\/sprzatanie-obiektow-kulturalnych-i-edukacyjnych\/\" data-column-clickable-blank=\"_self\" data-id=\"878e1cd\" data-element_type=\"column\">\n\t\t\t<div class=\"elementor-widget-wrap elementor-element-populated\">\n\t\t\t\t\t\t\t\t<div class=\"elementor-element elementor-element-4a1ae10d de_scroll_animation_no elementor-widget elementor-widget-image\" data-id=\"4a1ae10d\" data-element_type=\"widget\" data-widget_type=\"image.default\">\n\t\t\t\t<div class=\"elementor-widget-container\">\n\t\t\t\t\t\t\t\t\t\t\t\t\t\t\t<img loading=\"lazy\" decoding=\"async\" width=\"150\" height=\"150\" src=\"https:\/\/procleaner.pl\/wp-content\/uploads\/2021\/06\/sprzatanie-obiektow-kulturowych-150x150.png\" class=\"attachment-thumbnail size-thumbnail wp-image-2621\" alt=\"sprz\u0105tanie obiekt\u00f3w kulturalno edukacyjnych\" srcset=\"https:\/\/procleaner.pl\/wp-content\/uploads\/2021\/06\/sprzatanie-obiektow-kulturowych-150x150.png 150w, https:\/\/procleaner.pl\/wp-content\/uploads\/2021\/06\/sprzatanie-obiektow-kulturowych-300x300.png 300w, https:\/\/procleaner.pl\/wp-content\/uploads\/2021\/06\/sprzatanie-obiektow-kulturowych.png 450w\" sizes=\"(max-width: 150px) 100vw, 150px\" \/>\t\t\t\t\t\t\t\t\t\t\t\t\t\t\t<\/div>\n\t\t\t\t<\/div>\n\t\t\t\t<div class=\"elementor-element elementor-element-7d8a0ace de_scroll_animation_no elementor-widget elementor-widget-text-editor\" data-id=\"7d8a0ace\" data-element_type=\"widget\" data-widget_type=\"text-editor.default\">\n\t\t\t\t<div class=\"elementor-widget-container\">\n\t\t\t\t\t\t\t<h5 style=\"text-align: center;\">Kultur- und Bildungseinrichtungen<\/h5>\n\t\t\t\t\t\t<\/div>\n\t\t\t\t<\/div>\n\t\t\t\t\t<\/div>\n\t\t<\/div>\n\t\t\t\t<div class=\"de-column-clickable-elementor elementor-column elementor-col-16 elementor-top-column elementor-element elementor-element-2eb018f2\" style=\"cursor: pointer;\" data-column-clickable=\"https:\/\/procleaner.pl\/obiekty-sportowo-rekreacyjne\/\" data-column-clickable-blank=\"_self\" data-id=\"2eb018f2\" data-element_type=\"column\">\n\t\t\t<div class=\"elementor-widget-wrap elementor-element-populated\">\n\t\t\t\t\t\t\t\t<div class=\"elementor-element elementor-element-6bd9549a de_scroll_animation_no elementor-widget elementor-widget-image\" data-id=\"6bd9549a\" data-element_type=\"widget\" data-widget_type=\"image.default\">\n\t\t\t\t<div class=\"elementor-widget-container\">\n\t\t\t\t\t\t\t\t\t\t\t\t\t\t\t<img loading=\"lazy\" decoding=\"async\" width=\"150\" height=\"150\" src=\"https:\/\/procleaner.pl\/wp-content\/uploads\/2021\/06\/sprzatanie-obiektow-sportowych-150x150.png\" class=\"attachment-thumbnail size-thumbnail wp-image-2620\" alt=\"sprz\u0105tanie obiekt\u00f3w sportowo rekreacyjnych\" srcset=\"https:\/\/procleaner.pl\/wp-content\/uploads\/2021\/06\/sprzatanie-obiektow-sportowych-150x150.png 150w, https:\/\/procleaner.pl\/wp-content\/uploads\/2021\/06\/sprzatanie-obiektow-sportowych-300x300.png 300w, https:\/\/procleaner.pl\/wp-content\/uploads\/2021\/06\/sprzatanie-obiektow-sportowych.png 450w\" sizes=\"(max-width: 150px) 100vw, 150px\" \/>\t\t\t\t\t\t\t\t\t\t\t\t\t\t\t<\/div>\n\t\t\t\t<\/div>\n\t\t\t\t<div class=\"elementor-element elementor-element-7f0f4c3a de_scroll_animation_no elementor-widget elementor-widget-text-editor\" data-id=\"7f0f4c3a\" data-element_type=\"widget\" data-widget_type=\"text-editor.default\">\n\t\t\t\t<div class=\"elementor-widget-container\">\n\t\t\t\t\t\t\t<h5 style=\"text-align: center;\">Sport- und Freizeitanlagen<\/h5>\n\t\t\t\t\t\t<\/div>\n\t\t\t\t<\/div>\n\t\t\t\t\t<\/div>\n\t\t<\/div>\n\t\t\t\t\t\t\t<\/div>\n\t\t<\/section>\n\t\t\t\t\t\t\t<\/div>\n\t\t","protected":false},"excerpt":{"rendered":"<p>Personalbeschaffung und Outsourcing von Mitarbeitern. Sehen Sie, mit wem wir zusammenarbeiten Bei ProCleaner besch\u00e4ftigen wir uns nicht mit dem Outsourcing von Mitarbeitern. Nutzen Sie die Dienste des von uns empfohlenen Unternehmens, das sich seit Jahren mit der professionellen Personalbeschaffung f\u00fcr Positionen in vielen Branchen befasst. Nutzen Sie die Dienstleistungen von AB OvoSolutions Sehen Sie sich &hellip;<\/p>\n<p class=\"read-more\"> <a class=\"\" href=\"https:\/\/procleaner.pl\/de\/mitarbeiterrekrutierung\/\"> <span class=\"screen-reader-text\">Mitarbeiterrekrutierung<\/span> Weiterlesen &raquo;<\/a><\/p>\n","protected":false},"author":1,"featured_media":0,"parent":0,"menu_order":0,"comment_status":"closed","ping_status":"closed","template":"elementor_theme","meta":{"site-sidebar-layout":"no-sidebar","site-content-layout":"page-builder","ast-global-header-display":"","ast-banner-title-visibility":"","ast-main-header-display":"","ast-hfb-above-header-display":"","ast-hfb-below-header-display":"","ast-hfb-mobile-header-display":"","site-post-title":"disabled","ast-breadcrumbs-content":"","ast-featured-img":"disabled","footer-sml-layout":"","theme-transparent-header-meta":"","adv-header-id-meta":"","stick-header-meta":"","header-above-stick-meta":"","header-main-stick-meta":"","header-below-stick-meta":"","footnotes":""},"yoast_head":"<!-- This site is optimized with the Yoast SEO plugin v21.7 - https:\/\/yoast.com\/wordpress\/plugins\/seo\/ -->\n<title>Mitarbeiterrekrutierung - ProCleaner<\/title>\n<meta name=\"robots\" content=\"index, follow, max-snippet:-1, max-image-preview:large, max-video-preview:-1\" \/>\n<link rel=\"canonical\" href=\"https:\/\/procleaner.pl\/outsourcing-personelu\/\" \/>\n<meta property=\"og:locale\" content=\"de_DE\" \/>\n<meta property=\"og:type\" content=\"article\" \/>\n<meta property=\"og:title\" content=\"Mitarbeiterrekrutierung - ProCleaner\" \/>\n<meta property=\"og:description\" content=\"Personalbeschaffung und Outsourcing von Mitarbeitern. Sehen Sie, mit wem wir zusammenarbeiten Bei ProCleaner besch\u00e4ftigen wir uns nicht mit dem Outsourcing von Mitarbeitern. Nutzen Sie die Dienste des von uns empfohlenen Unternehmens, das sich seit Jahren mit der professionellen Personalbeschaffung f\u00fcr Positionen in vielen Branchen befasst. Nutzen Sie die Dienstleistungen von AB OvoSolutions Sehen Sie sich &hellip; Mitarbeiterrekrutierung Weiterlesen &raquo;\" \/>\n<meta property=\"og:url\" content=\"https:\/\/procleaner.pl\/outsourcing-personelu\/\" \/>\n<meta property=\"og:site_name\" content=\"ProCleaner\" \/>\n<meta property=\"article:publisher\" content=\"https:\/\/www.facebook.com\/ProCleanerPoland\/\" \/>\n<meta property=\"article:modified_time\" content=\"2025-10-08T11:41:03+00:00\" \/>\n<meta property=\"og:image\" content=\"https:\/\/procleaner.pl\/wp-content\/uploads\/2021\/09\/rekrutacja-personelu-1024x714.webp\" \/>\n<meta name=\"twitter:card\" content=\"summary_large_image\" \/>\n<script type=\"application\/ld+json\" class=\"yoast-schema-graph\">{\"@context\":\"https:\/\/schema.org\",\"@graph\":[{\"@type\":\"WebPage\",\"@id\":\"https:\/\/procleaner.pl\/outsourcing-personelu\/\",\"url\":\"https:\/\/procleaner.pl\/outsourcing-personelu\/\",\"name\":\"Mitarbeiterrekrutierung - ProCleaner\",\"isPartOf\":{\"@id\":\"https:\/\/procleaner.pl\/#website\"},\"datePublished\":\"2023-11-10T08:26:55+00:00\",\"dateModified\":\"2025-10-08T11:41:03+00:00\",\"breadcrumb\":{\"@id\":\"https:\/\/procleaner.pl\/outsourcing-personelu\/#breadcrumb\"},\"inLanguage\":\"de\",\"potentialAction\":[{\"@type\":\"ReadAction\",\"target\":[\"https:\/\/procleaner.pl\/outsourcing-personelu\/\"]}]},{\"@type\":\"BreadcrumbList\",\"@id\":\"https:\/\/procleaner.pl\/outsourcing-personelu\/#breadcrumb\",\"itemListElement\":[{\"@type\":\"ListItem\",\"position\":1,\"name\":\"Strona g\u0142\u00f3wna\",\"item\":\"https:\/\/procleaner.pl\/\"},{\"@type\":\"ListItem\",\"position\":2,\"name\":\"Mitarbeiterrekrutierung\"}]},{\"@type\":\"WebSite\",\"@id\":\"https:\/\/procleaner.pl\/#website\",\"url\":\"https:\/\/procleaner.pl\/\",\"name\":\"ProCleaner\",\"description\":\"Firma sprz\u0105taj\u0105ca Wroc\u0142aw, us\u0142ugi sprz\u0105taj\u0105ce we Wroc\u0142awiu\",\"publisher\":{\"@id\":\"https:\/\/procleaner.pl\/#organization\"},\"potentialAction\":[{\"@type\":\"SearchAction\",\"target\":{\"@type\":\"EntryPoint\",\"urlTemplate\":\"https:\/\/procleaner.pl\/?s={search_term_string}\"},\"query-input\":\"required name=search_term_string\"}],\"inLanguage\":\"de\"},{\"@type\":\"Organization\",\"@id\":\"https:\/\/procleaner.pl\/#organization\",\"name\":\"ProCleaner\",\"url\":\"https:\/\/procleaner.pl\/\",\"logo\":{\"@type\":\"ImageObject\",\"inLanguage\":\"de\",\"@id\":\"https:\/\/procleaner.pl\/#\/schema\/logo\/image\/\",\"url\":\"https:\/\/procleaner.pl\/wp-content\/uploads\/2021\/05\/logo2.jpg\",\"contentUrl\":\"https:\/\/procleaner.pl\/wp-content\/uploads\/2021\/05\/logo2.jpg\",\"width\":364,\"height\":79,\"caption\":\"ProCleaner\"},\"image\":{\"@id\":\"https:\/\/procleaner.pl\/#\/schema\/logo\/image\/\"},\"sameAs\":[\"https:\/\/www.facebook.com\/ProCleanerPoland\/\"]}]}<\/script>\n<!-- \/ Yoast SEO plugin. -->","yoast_head_json":{"title":"Mitarbeiterrekrutierung - ProCleaner","robots":{"index":"index","follow":"follow","max-snippet":"max-snippet:-1","max-image-preview":"max-image-preview:large","max-video-preview":"max-video-preview:-1"},"canonical":"https:\/\/procleaner.pl\/outsourcing-personelu\/","og_locale":"de_DE","og_type":"article","og_title":"Mitarbeiterrekrutierung - ProCleaner","og_description":"Personalbeschaffung und Outsourcing von Mitarbeitern. Sehen Sie, mit wem wir zusammenarbeiten Bei ProCleaner besch\u00e4ftigen wir uns nicht mit dem Outsourcing von Mitarbeitern. Nutzen Sie die Dienste des von uns empfohlenen Unternehmens, das sich seit Jahren mit der professionellen Personalbeschaffung f\u00fcr Positionen in vielen Branchen befasst. Nutzen Sie die Dienstleistungen von AB OvoSolutions Sehen Sie sich &hellip; Mitarbeiterrekrutierung Weiterlesen &raquo;","og_url":"https:\/\/procleaner.pl\/outsourcing-personelu\/","og_site_name":"ProCleaner","article_publisher":"https:\/\/www.facebook.com\/ProCleanerPoland\/","article_modified_time":"2025-10-08T11:41:03+00:00","og_image":[{"url":"https:\/\/procleaner.pl\/wp-content\/uploads\/2021\/09\/rekrutacja-personelu-1024x714.webp"}],"twitter_card":"summary_large_image","schema":{"@context":"https:\/\/schema.org","@graph":[{"@type":"WebPage","@id":"https:\/\/procleaner.pl\/outsourcing-personelu\/","url":"https:\/\/procleaner.pl\/outsourcing-personelu\/","name":"Mitarbeiterrekrutierung - ProCleaner","isPartOf":{"@id":"https:\/\/procleaner.pl\/#website"},"datePublished":"2023-11-10T08:26:55+00:00","dateModified":"2025-10-08T11:41:03+00:00","breadcrumb":{"@id":"https:\/\/procleaner.pl\/outsourcing-personelu\/#breadcrumb"},"inLanguage":"de","potentialAction":[{"@type":"ReadAction","target":["https:\/\/procleaner.pl\/outsourcing-personelu\/"]}]},{"@type":"BreadcrumbList","@id":"https:\/\/procleaner.pl\/outsourcing-personelu\/#breadcrumb","itemListElement":[{"@type":"ListItem","position":1,"name":"Strona g\u0142\u00f3wna","item":"https:\/\/procleaner.pl\/"},{"@type":"ListItem","position":2,"name":"Mitarbeiterrekrutierung"}]},{"@type":"WebSite","@id":"https:\/\/procleaner.pl\/#website","url":"https:\/\/procleaner.pl\/","name":"ProCleaner","description":"Firma sprz\u0105taj\u0105ca Wroc\u0142aw, us\u0142ugi sprz\u0105taj\u0105ce we Wroc\u0142awiu","publisher":{"@id":"https:\/\/procleaner.pl\/#organization"},"potentialAction":[{"@type":"SearchAction","target":{"@type":"EntryPoint","urlTemplate":"https:\/\/procleaner.pl\/?s={search_term_string}"},"query-input":"required name=search_term_string"}],"inLanguage":"de"},{"@type":"Organization","@id":"https:\/\/procleaner.pl\/#organization","name":"ProCleaner","url":"https:\/\/procleaner.pl\/","logo":{"@type":"ImageObject","inLanguage":"de","@id":"https:\/\/procleaner.pl\/#\/schema\/logo\/image\/","url":"https:\/\/procleaner.pl\/wp-content\/uploads\/2021\/05\/logo2.jpg","contentUrl":"https:\/\/procleaner.pl\/wp-content\/uploads\/2021\/05\/logo2.jpg","width":364,"height":79,"caption":"ProCleaner"},"image":{"@id":"https:\/\/procleaner.pl\/#\/schema\/logo\/image\/"},"sameAs":["https:\/\/www.facebook.com\/ProCleanerPoland\/"]}]}},"_links":{"self":[{"href":"https:\/\/procleaner.pl\/de\/wp-json\/wp\/v2\/pages\/10252"}],"collection":[{"href":"https:\/\/procleaner.pl\/de\/wp-json\/wp\/v2\/pages"}],"about":[{"href":"https:\/\/procleaner.pl\/de\/wp-json\/wp\/v2\/types\/page"}],"author":[{"embeddable":true,"href":"https:\/\/procleaner.pl\/de\/wp-json\/wp\/v2\/users\/1"}],"replies":[{"embeddable":true,"href":"https:\/\/procleaner.pl\/de\/wp-json\/wp\/v2\/comments?post=10252"}],"version-history":[{"count":1,"href":"https:\/\/procleaner.pl\/de\/wp-json\/wp\/v2\/pages\/10252\/revisions"}],"predecessor-version":[{"id":10253,"href":"https:\/\/procleaner.pl\/de\/wp-json\/wp\/v2\/pages\/10252\/revisions\/10253"}],"wp:attachment":[{"href":"https:\/\/procleaner.pl\/de\/wp-json\/wp\/v2\/media?parent=10252"}],"curies":[{"name":"wp","href":"https:\/\/api.w.org\/{rel}","templated":true}]}}