{"id":10249,"date":"2023-09-20T09:54:16","date_gmt":"2023-09-20T07:54:16","guid":{"rendered":"https:\/\/procleaner.pl\/rekrutierung\/"},"modified":"2025-10-08T13:34:42","modified_gmt":"2025-10-08T11:34:42","slug":"rekrutierung","status":"publish","type":"page","link":"https:\/\/procleaner.pl\/de\/rekrutierung\/","title":{"rendered":"Rekrutierung"},"content":{"rendered":"\t\t<div data-elementor-type=\"wp-page\" data-elementor-id=\"10249\" class=\"elementor elementor-10249 elementor-7249\">\n\t\t\t\t\t\t\t\t\t<section class=\"elementor-section elementor-top-section elementor-element elementor-element-6ce7a411 elementor-section-full_width elementor-section-height-default elementor-section-height-default\" data-id=\"6ce7a411\" data-element_type=\"section\">\n\t\t\t\t\t\t\t<div class=\"elementor-background-overlay\"><\/div>\n\t\t\t\t\t\t\t<div class=\"elementor-container elementor-column-gap-wider\">\n\t\t\t\t\t<div class=\"elementor-column elementor-col-100 elementor-top-column elementor-element elementor-element-423c58a\" data-id=\"423c58a\" data-element_type=\"column\">\n\t\t\t<div class=\"elementor-widget-wrap elementor-element-populated\">\n\t\t\t\t\t\t\t\t<div class=\"elementor-element elementor-element-2682b535 de_scroll_animation_no elementor-widget elementor-widget-theme-post-title elementor-page-title elementor-widget-heading\" data-id=\"2682b535\" data-element_type=\"widget\" data-widget_type=\"theme-post-title.default\">\n\t\t\t\t<div class=\"elementor-widget-container\">\n\t\t\t<h1 class=\"elementor-heading-title elementor-size-default\">Rekrutierung<\/h1>\t\t<\/div>\n\t\t\t\t<\/div>\n\t\t\t\t\t<\/div>\n\t\t<\/div>\n\t\t\t\t\t\t\t<\/div>\n\t\t<\/section>\n\t\t\t\t<section class=\"elementor-section elementor-top-section elementor-element elementor-element-371a061a elementor-section-boxed elementor-section-height-default elementor-section-height-default\" data-id=\"371a061a\" data-element_type=\"section\">\n\t\t\t\t\t\t<div class=\"elementor-container elementor-column-gap-extended\">\n\t\t\t\t\t<div class=\"elementor-column elementor-col-50 elementor-top-column elementor-element elementor-element-3ec5d57d\" data-id=\"3ec5d57d\" data-element_type=\"column\">\n\t\t\t<div class=\"elementor-widget-wrap elementor-element-populated\">\n\t\t\t\t\t\t\t\t<div class=\"elementor-element elementor-element-32f74a51 de_scroll_animation_no elementor-widget elementor-widget-image\" data-id=\"32f74a51\" data-element_type=\"widget\" data-widget_type=\"image.default\">\n\t\t\t\t<div class=\"elementor-widget-container\">\n\t\t\t\t\t\t\t\t\t\t\t\t\t\t\t<img fetchpriority=\"high\" decoding=\"async\" width=\"1024\" height=\"683\" src=\"https:\/\/procleaner.pl\/wp-content\/uploads\/2023\/09\/pexels-edmond-dantes-4344878-1024x683.jpeg\" class=\"attachment-large size-large wp-image-7258\" alt=\"\" srcset=\"https:\/\/procleaner.pl\/wp-content\/uploads\/2023\/09\/pexels-edmond-dantes-4344878-1024x683.jpeg 1024w, https:\/\/procleaner.pl\/wp-content\/uploads\/2023\/09\/pexels-edmond-dantes-4344878-300x200.jpeg 300w, https:\/\/procleaner.pl\/wp-content\/uploads\/2023\/09\/pexels-edmond-dantes-4344878-768x512.jpeg 768w, https:\/\/procleaner.pl\/wp-content\/uploads\/2023\/09\/pexels-edmond-dantes-4344878-1536x1024.jpeg 1536w, https:\/\/procleaner.pl\/wp-content\/uploads\/2023\/09\/pexels-edmond-dantes-4344878-2048x1365.jpeg 2048w, https:\/\/procleaner.pl\/wp-content\/uploads\/2023\/09\/pexels-edmond-dantes-4344878-18x12.jpeg 18w\" sizes=\"(max-width: 1024px) 100vw, 1024px\" \/>\t\t\t\t\t\t\t\t\t\t\t\t\t\t\t<\/div>\n\t\t\t\t<\/div>\n\t\t\t\t\t<\/div>\n\t\t<\/div>\n\t\t\t\t<div class=\"elementor-column elementor-col-50 elementor-top-column elementor-element elementor-element-4e2175ee\" data-id=\"4e2175ee\" data-element_type=\"column\" data-settings=\"{&quot;background_background&quot;:&quot;classic&quot;}\">\n\t\t\t<div class=\"elementor-widget-wrap elementor-element-populated\">\n\t\t\t\t\t\t\t\t<div class=\"elementor-element elementor-element-12a8c2ed de_scroll_animation_no elementor-widget elementor-widget-text-editor\" data-id=\"12a8c2ed\" data-element_type=\"widget\" data-widget_type=\"text-editor.default\">\n\t\t\t\t<div class=\"elementor-widget-container\">\n\t\t\t\t\t\t\t<h3>Personalbeschaffung und Outsourcing\r\nSehen Sie, mit wem wir zusammenarbeiten<\/h3>\r\nBei ProCleaner besch\u00e4ftigen wir uns nicht mit dem Outsourcing von Mitarbeitern. Nutzen Sie die Dienste des von uns empfohlenen Unternehmens, das sich seit Jahren mit der professionellen Personalbeschaffung f\u00fcr Positionen in vielen Branchen befasst.\r\n\r\n<a href=\"https:\/\/abovosolutions.pl\/\"><span style=\"text-decoration: underline;\"><strong>Nutzen Sie die Dienstleistungen von\u00a0 AB OvoSolutions<\/strong><\/span><\/a>\t\t\t\t\t\t<\/div>\n\t\t\t\t<\/div>\n\t\t\t\t\t<\/div>\n\t\t<\/div>\n\t\t\t\t\t\t\t<\/div>\n\t\t<\/section>\n\t\t\t\t<section class=\"elementor-section elementor-top-section elementor-element elementor-element-262566b elementor-section-boxed elementor-section-height-default elementor-section-height-default\" data-id=\"262566b\" data-element_type=\"section\">\n\t\t\t\t\t\t<div class=\"elementor-container elementor-column-gap-default\">\n\t\t\t\t\t<div class=\"elementor-column elementor-col-100 elementor-top-column elementor-element elementor-element-32d0a18\" data-id=\"32d0a18\" data-element_type=\"column\">\n\t\t\t<div class=\"elementor-widget-wrap elementor-element-populated\">\n\t\t\t\t\t\t\t\t<div class=\"elementor-element elementor-element-a3eb8bf de_scroll_animation_no elementor-widget elementor-widget-text-editor\" data-id=\"a3eb8bf\" data-element_type=\"widget\" data-widget_type=\"text-editor.default\">\n\t\t\t\t<div class=\"elementor-widget-container\">\n\t\t\t\t\t\t\t<h3 style=\"text-align: center;\">W\u00e4hlen Sie Ihr Objekt und lernen Sie unsere Dienstleistungen kennen:<\/h3>\n\t\t\t\t\t\t<\/div>\n\t\t\t\t<\/div>\n\t\t\t\t\t<\/div>\n\t\t<\/div>\n\t\t\t\t\t\t\t<\/div>\n\t\t<\/section>\n\t\t\t\t<section class=\"elementor-section elementor-top-section elementor-element elementor-element-0278b46 elementor-section-boxed elementor-section-height-default elementor-section-height-default\" data-id=\"0278b46\" data-element_type=\"section\">\n\t\t\t\t\t\t<div class=\"elementor-container elementor-column-gap-default\">\n\t\t\t\t\t<div class=\"elementor-column elementor-col-16 elementor-top-column elementor-element elementor-element-64ccc6c\" data-id=\"64ccc6c\" data-element_type=\"column\">\n\t\t\t<div class=\"elementor-widget-wrap elementor-element-populated\">\n\t\t\t\t\t\t\t\t<div class=\"elementor-element elementor-element-faf1611 de_scroll_animation_no elementor-widget elementor-widget-image\" data-id=\"faf1611\" data-element_type=\"widget\" data-widget_type=\"image.default\">\n\t\t\t\t<div class=\"elementor-widget-container\">\n\t\t\t\t\t\t\t\t\t\t\t\t\t\t\t<img decoding=\"async\" src=\"https:\/\/procleaner.pl\/wp-content\/uploads\/elementor\/thumbs\/sprzatanie-magazynow-p8xz0lg4c0ee5me6kur7lw20dybpj7oz0d9ejh409o.png\" title=\"sprzatanie-magazynow\" alt=\"sprz\u0105tanie magazyn\u00f3w\" loading=\"lazy\" \/>\t\t\t\t\t\t\t\t\t\t\t\t\t\t\t<\/div>\n\t\t\t\t<\/div>\n\t\t\t\t<div class=\"elementor-element elementor-element-6f323c3 de_scroll_animation_no elementor-widget elementor-widget-text-editor\" data-id=\"6f323c3\" data-element_type=\"widget\" data-widget_type=\"text-editor.default\">\n\t\t\t\t<div class=\"elementor-widget-container\">\n\t\t\t\t\t\t\t<h5 style=\"text-align: center;\">Lagerhallen<\/h5>\n\t\t\t\t\t\t<\/div>\n\t\t\t\t<\/div>\n\t\t\t\t\t<\/div>\n\t\t<\/div>\n\t\t\t\t<div class=\"elementor-column elementor-col-16 elementor-top-column elementor-element elementor-element-cc94547\" data-id=\"cc94547\" data-element_type=\"column\">\n\t\t\t<div class=\"elementor-widget-wrap elementor-element-populated\">\n\t\t\t\t\t\t\t\t<div class=\"elementor-element elementor-element-fa689bc de_scroll_animation_no elementor-widget elementor-widget-image\" data-id=\"fa689bc\" data-element_type=\"widget\" data-widget_type=\"image.default\">\n\t\t\t\t<div class=\"elementor-widget-container\">\n\t\t\t\t\t\t\t\t\t\t\t\t\t\t\t<img decoding=\"async\" src=\"https:\/\/procleaner.pl\/wp-content\/uploads\/elementor\/thumbs\/sprzatanie-hoteli-p8xznpbace15kituncc1ek4y3yfjrcff6qm49culb0.png\" title=\"sprzatanie-hoteli\" alt=\"sprz\u0105tanie hoteli\" loading=\"lazy\" \/>\t\t\t\t\t\t\t\t\t\t\t\t\t\t\t<\/div>\n\t\t\t\t<\/div>\n\t\t\t\t<div class=\"elementor-element elementor-element-5fe1889 de_scroll_animation_no elementor-widget elementor-widget-text-editor\" data-id=\"5fe1889\" data-element_type=\"widget\" data-widget_type=\"text-editor.default\">\n\t\t\t\t<div class=\"elementor-widget-container\">\n\t\t\t\t\t\t\t<h5 style=\"text-align: center;\">Hotels<\/h5>\n\t\t\t\t\t\t<\/div>\n\t\t\t\t<\/div>\n\t\t\t\t\t<\/div>\n\t\t<\/div>\n\t\t\t\t<div class=\"elementor-column elementor-col-16 elementor-top-column elementor-element elementor-element-ae5dcad\" data-id=\"ae5dcad\" data-element_type=\"column\">\n\t\t\t<div class=\"elementor-widget-wrap elementor-element-populated\">\n\t\t\t\t\t\t\t\t<div class=\"elementor-element elementor-element-74385d5 de_scroll_animation_no elementor-widget elementor-widget-image\" data-id=\"74385d5\" data-element_type=\"widget\" data-widget_type=\"image.default\">\n\t\t\t\t<div class=\"elementor-widget-container\">\n\t\t\t\t\t\t\t\t\t\t\t\t\t\t\t<img decoding=\"async\" width=\"150\" height=\"150\" src=\"https:\/\/procleaner.pl\/wp-content\/uploads\/2021\/06\/sprzatanie-placowek-medycznych-150x150.png\" class=\"attachment-thumbnail size-thumbnail wp-image-2631\" alt=\"sprz\u0105tanie plac\u00f3wek medycznych\" srcset=\"https:\/\/procleaner.pl\/wp-content\/uploads\/2021\/06\/sprzatanie-placowek-medycznych-150x150.png 150w, https:\/\/procleaner.pl\/wp-content\/uploads\/2021\/06\/sprzatanie-placowek-medycznych-300x300.png 300w, https:\/\/procleaner.pl\/wp-content\/uploads\/2021\/06\/sprzatanie-placowek-medycznych.png 450w\" sizes=\"(max-width: 150px) 100vw, 150px\" \/>\t\t\t\t\t\t\t\t\t\t\t\t\t\t\t<\/div>\n\t\t\t\t<\/div>\n\t\t\t\t<div class=\"elementor-element elementor-element-2aaa754 de_scroll_animation_no elementor-widget elementor-widget-text-editor\" data-id=\"2aaa754\" data-element_type=\"widget\" data-widget_type=\"text-editor.default\">\n\t\t\t\t<div class=\"elementor-widget-container\">\n\t\t\t\t\t\t\t<h5 style=\"text-align: center;\">Gesundheitsdienstleister<\/h5>\n\t\t\t\t\t\t<\/div>\n\t\t\t\t<\/div>\n\t\t\t\t\t<\/div>\n\t\t<\/div>\n\t\t\t\t<div class=\"elementor-column elementor-col-16 elementor-top-column elementor-element elementor-element-d14bda2\" data-id=\"d14bda2\" data-element_type=\"column\">\n\t\t\t<div class=\"elementor-widget-wrap elementor-element-populated\">\n\t\t\t\t\t\t\t\t<div class=\"elementor-element elementor-element-44edcb3 de_scroll_animation_no elementor-widget elementor-widget-image\" data-id=\"44edcb3\" data-element_type=\"widget\" data-widget_type=\"image.default\">\n\t\t\t\t<div class=\"elementor-widget-container\">\n\t\t\t\t\t\t\t\t\t\t\t\t\t\t\t<img decoding=\"async\" width=\"150\" height=\"150\" src=\"https:\/\/procleaner.pl\/wp-content\/uploads\/2021\/06\/sprzatanie-galerii-handlowych-150x150.png\" class=\"attachment-thumbnail size-thumbnail wp-image-2619\" alt=\"sprz\u0105tanie obiekt\u00f3w handlowych\" srcset=\"https:\/\/procleaner.pl\/wp-content\/uploads\/2021\/06\/sprzatanie-galerii-handlowych-150x150.png 150w, https:\/\/procleaner.pl\/wp-content\/uploads\/2021\/06\/sprzatanie-galerii-handlowych-300x300.png 300w, https:\/\/procleaner.pl\/wp-content\/uploads\/2021\/06\/sprzatanie-galerii-handlowych.png 450w\" sizes=\"(max-width: 150px) 100vw, 150px\" \/>\t\t\t\t\t\t\t\t\t\t\t\t\t\t\t<\/div>\n\t\t\t\t<\/div>\n\t\t\t\t<div class=\"elementor-element elementor-element-273ad7d de_scroll_animation_no elementor-widget elementor-widget-text-editor\" data-id=\"273ad7d\" data-element_type=\"widget\" data-widget_type=\"text-editor.default\">\n\t\t\t\t<div class=\"elementor-widget-container\">\n\t\t\t\t\t\t\t<h5 style=\"text-align: center;\">Gewerbeimmobilien<\/h5>\n\t\t\t\t\t\t<\/div>\n\t\t\t\t<\/div>\n\t\t\t\t\t<\/div>\n\t\t<\/div>\n\t\t\t\t<div class=\"elementor-column elementor-col-16 elementor-top-column elementor-element elementor-element-a6909be\" data-id=\"a6909be\" data-element_type=\"column\">\n\t\t\t<div class=\"elementor-widget-wrap elementor-element-populated\">\n\t\t\t\t\t\t\t\t<div class=\"elementor-element elementor-element-4d0f6a9 de_scroll_animation_no elementor-widget elementor-widget-image\" data-id=\"4d0f6a9\" data-element_type=\"widget\" data-widget_type=\"image.default\">\n\t\t\t\t<div class=\"elementor-widget-container\">\n\t\t\t\t\t\t\t\t\t\t\t\t\t\t\t<img loading=\"lazy\" decoding=\"async\" width=\"150\" height=\"150\" src=\"https:\/\/procleaner.pl\/wp-content\/uploads\/2021\/06\/sprzatanie-obiektow-kulturowych-150x150.png\" class=\"attachment-thumbnail size-thumbnail wp-image-2621\" alt=\"sprz\u0105tanie obiekt\u00f3w kulturalno edukacyjnych\" srcset=\"https:\/\/procleaner.pl\/wp-content\/uploads\/2021\/06\/sprzatanie-obiektow-kulturowych-150x150.png 150w, https:\/\/procleaner.pl\/wp-content\/uploads\/2021\/06\/sprzatanie-obiektow-kulturowych-300x300.png 300w, https:\/\/procleaner.pl\/wp-content\/uploads\/2021\/06\/sprzatanie-obiektow-kulturowych.png 450w\" sizes=\"(max-width: 150px) 100vw, 150px\" \/>\t\t\t\t\t\t\t\t\t\t\t\t\t\t\t<\/div>\n\t\t\t\t<\/div>\n\t\t\t\t<div class=\"elementor-element elementor-element-9351bc1 de_scroll_animation_no elementor-widget elementor-widget-text-editor\" data-id=\"9351bc1\" data-element_type=\"widget\" data-widget_type=\"text-editor.default\">\n\t\t\t\t<div class=\"elementor-widget-container\">\n\t\t\t\t\t\t\t<h5 style=\"text-align: center;\">Kultur- und Bildungseinrichtungen<\/h5>\n\t\t\t\t\t\t<\/div>\n\t\t\t\t<\/div>\n\t\t\t\t\t<\/div>\n\t\t<\/div>\n\t\t\t\t<div class=\"elementor-column elementor-col-16 elementor-top-column elementor-element elementor-element-6c82369\" data-id=\"6c82369\" data-element_type=\"column\">\n\t\t\t<div class=\"elementor-widget-wrap elementor-element-populated\">\n\t\t\t\t\t\t\t\t<div class=\"elementor-element elementor-element-3107d4a de_scroll_animation_no elementor-widget elementor-widget-image\" data-id=\"3107d4a\" data-element_type=\"widget\" data-widget_type=\"image.default\">\n\t\t\t\t<div class=\"elementor-widget-container\">\n\t\t\t\t\t\t\t\t\t\t\t\t\t\t\t<img loading=\"lazy\" decoding=\"async\" width=\"150\" height=\"150\" src=\"https:\/\/procleaner.pl\/wp-content\/uploads\/2021\/06\/sprzatanie-obiektow-sportowych-150x150.png\" class=\"attachment-thumbnail size-thumbnail wp-image-2620\" alt=\"sprz\u0105tanie obiekt\u00f3w sportowo rekreacyjnych\" srcset=\"https:\/\/procleaner.pl\/wp-content\/uploads\/2021\/06\/sprzatanie-obiektow-sportowych-150x150.png 150w, https:\/\/procleaner.pl\/wp-content\/uploads\/2021\/06\/sprzatanie-obiektow-sportowych-300x300.png 300w, https:\/\/procleaner.pl\/wp-content\/uploads\/2021\/06\/sprzatanie-obiektow-sportowych.png 450w\" sizes=\"(max-width: 150px) 100vw, 150px\" \/>\t\t\t\t\t\t\t\t\t\t\t\t\t\t\t<\/div>\n\t\t\t\t<\/div>\n\t\t\t\t<div class=\"elementor-element elementor-element-7f674b4 de_scroll_animation_no elementor-widget elementor-widget-text-editor\" data-id=\"7f674b4\" data-element_type=\"widget\" data-widget_type=\"text-editor.default\">\n\t\t\t\t<div class=\"elementor-widget-container\">\n\t\t\t\t\t\t\t<h5 style=\"text-align: center;\">Sport- und Freizeitanlagen<\/h5>\n\t\t\t\t\t\t<\/div>\n\t\t\t\t<\/div>\n\t\t\t\t\t<\/div>\n\t\t<\/div>\n\t\t\t\t\t\t\t<\/div>\n\t\t<\/section>\n\t\t\t\t<section class=\"elementor-section elementor-top-section elementor-element elementor-element-7049e29 elementor-section-boxed elementor-section-height-default elementor-section-height-default\" data-id=\"7049e29\" data-element_type=\"section\">\n\t\t\t\t\t\t<div class=\"elementor-container elementor-column-gap-default\">\n\t\t\t\t\t<div class=\"elementor-column elementor-col-100 elementor-top-column elementor-element elementor-element-3805cc7\" data-id=\"3805cc7\" data-element_type=\"column\">\n\t\t\t<div class=\"elementor-widget-wrap elementor-element-populated\">\n\t\t\t\t\t\t\t\t<div class=\"elementor-element elementor-element-063a02b elementor-align-center de_scroll_animation_no elementor-widget elementor-widget-button\" data-id=\"063a02b\" data-element_type=\"widget\" data-widget_type=\"button.default\">\n\t\t\t\t<div class=\"elementor-widget-container\">\n\t\t\t\t\t<div class=\"elementor-button-wrapper\">\n\t\t\t<a class=\"elementor-button elementor-button-link elementor-size-xl\" href=\"https:\/\/procleaner.pl\/de\/\">\n\t\t\t\t\t\t<span class=\"elementor-button-content-wrapper\">\n\t\t\t\t\t\t<span class=\"elementor-button-text\">Zur\u00fcck zur Startseite<\/span>\n\t\t<\/span>\n\t\t\t\t\t<\/a>\n\t\t<\/div>\n\t\t\t\t<\/div>\n\t\t\t\t<\/div>\n\t\t\t\t\t<\/div>\n\t\t<\/div>\n\t\t\t\t\t\t\t<\/div>\n\t\t<\/section>\n\t\t\t\t\t\t\t<\/div>\n\t\t","protected":false},"excerpt":{"rendered":"<p>Personalbeschaffung und Outsourcing Sehen Sie, mit wem wir zusammenarbeiten Bei ProCleaner besch\u00e4ftigen wir uns nicht mit dem Outsourcing von Mitarbeitern. Nutzen Sie die Dienste des von uns empfohlenen Unternehmens, das sich seit Jahren mit der professionellen Personalbeschaffung f\u00fcr Positionen in vielen Branchen befasst. Nutzen Sie die Dienstleistungen von\u00a0 AB OvoSolutions W\u00e4hlen Sie Ihr Objekt und &hellip;<\/p>\n<p class=\"read-more\"> <a class=\"\" href=\"https:\/\/procleaner.pl\/de\/rekrutierung\/\"> <span class=\"screen-reader-text\">Rekrutierung<\/span> Weiterlesen &raquo;<\/a><\/p>\n","protected":false},"author":9,"featured_media":0,"parent":0,"menu_order":0,"comment_status":"closed","ping_status":"closed","template":"elementor_theme","meta":{"site-sidebar-layout":"no-sidebar","site-content-layout":"page-builder","ast-global-header-display":"","ast-banner-title-visibility":"","ast-main-header-display":"","ast-hfb-above-header-display":"","ast-hfb-below-header-display":"","ast-hfb-mobile-header-display":"","site-post-title":"disabled","ast-breadcrumbs-content":"","ast-featured-img":"disabled","footer-sml-layout":"","theme-transparent-header-meta":"","adv-header-id-meta":"","stick-header-meta":"","header-above-stick-meta":"","header-main-stick-meta":"","header-below-stick-meta":"","footnotes":""},"yoast_head":"<!-- This site is optimized with the Yoast SEO plugin v21.7 - https:\/\/yoast.com\/wordpress\/plugins\/seo\/ -->\n<title>Rekrutierung - ProCleaner<\/title>\n<meta name=\"robots\" content=\"index, follow, max-snippet:-1, max-image-preview:large, max-video-preview:-1\" \/>\n<link rel=\"canonical\" href=\"https:\/\/procleaner.pl\/rekrutacja\/\" \/>\n<meta property=\"og:locale\" content=\"de_DE\" \/>\n<meta property=\"og:type\" content=\"article\" \/>\n<meta property=\"og:title\" content=\"Rekrutierung - ProCleaner\" \/>\n<meta property=\"og:description\" content=\"Personalbeschaffung und Outsourcing Sehen Sie, mit wem wir zusammenarbeiten Bei ProCleaner besch\u00e4ftigen wir uns nicht mit dem Outsourcing von Mitarbeitern. Nutzen Sie die Dienste des von uns empfohlenen Unternehmens, das sich seit Jahren mit der professionellen Personalbeschaffung f\u00fcr Positionen in vielen Branchen befasst. Nutzen Sie die Dienstleistungen von\u00a0 AB OvoSolutions W\u00e4hlen Sie Ihr Objekt und &hellip; Rekrutierung Weiterlesen &raquo;\" \/>\n<meta property=\"og:url\" content=\"https:\/\/procleaner.pl\/rekrutacja\/\" \/>\n<meta property=\"og:site_name\" content=\"ProCleaner\" \/>\n<meta property=\"article:publisher\" content=\"https:\/\/www.facebook.com\/ProCleanerPoland\/\" \/>\n<meta property=\"article:modified_time\" content=\"2025-10-08T11:34:42+00:00\" \/>\n<meta property=\"og:image\" content=\"https:\/\/procleaner.pl\/wp-content\/uploads\/2023\/09\/pexels-edmond-dantes-4344878-1024x683.jpeg\" \/>\n<meta name=\"twitter:card\" content=\"summary_large_image\" \/>\n<script type=\"application\/ld+json\" class=\"yoast-schema-graph\">{\"@context\":\"https:\/\/schema.org\",\"@graph\":[{\"@type\":\"WebPage\",\"@id\":\"https:\/\/procleaner.pl\/rekrutacja\/\",\"url\":\"https:\/\/procleaner.pl\/rekrutacja\/\",\"name\":\"Rekrutierung - ProCleaner\",\"isPartOf\":{\"@id\":\"https:\/\/procleaner.pl\/#website\"},\"datePublished\":\"2023-09-20T07:54:16+00:00\",\"dateModified\":\"2025-10-08T11:34:42+00:00\",\"breadcrumb\":{\"@id\":\"https:\/\/procleaner.pl\/rekrutacja\/#breadcrumb\"},\"inLanguage\":\"de\",\"potentialAction\":[{\"@type\":\"ReadAction\",\"target\":[\"https:\/\/procleaner.pl\/rekrutacja\/\"]}]},{\"@type\":\"BreadcrumbList\",\"@id\":\"https:\/\/procleaner.pl\/rekrutacja\/#breadcrumb\",\"itemListElement\":[{\"@type\":\"ListItem\",\"position\":1,\"name\":\"Strona g\u0142\u00f3wna\",\"item\":\"https:\/\/procleaner.pl\/\"},{\"@type\":\"ListItem\",\"position\":2,\"name\":\"Rekrutierung\"}]},{\"@type\":\"WebSite\",\"@id\":\"https:\/\/procleaner.pl\/#website\",\"url\":\"https:\/\/procleaner.pl\/\",\"name\":\"ProCleaner\",\"description\":\"Firma sprz\u0105taj\u0105ca Wroc\u0142aw, us\u0142ugi sprz\u0105taj\u0105ce we Wroc\u0142awiu\",\"publisher\":{\"@id\":\"https:\/\/procleaner.pl\/#organization\"},\"potentialAction\":[{\"@type\":\"SearchAction\",\"target\":{\"@type\":\"EntryPoint\",\"urlTemplate\":\"https:\/\/procleaner.pl\/?s={search_term_string}\"},\"query-input\":\"required name=search_term_string\"}],\"inLanguage\":\"de\"},{\"@type\":\"Organization\",\"@id\":\"https:\/\/procleaner.pl\/#organization\",\"name\":\"ProCleaner\",\"url\":\"https:\/\/procleaner.pl\/\",\"logo\":{\"@type\":\"ImageObject\",\"inLanguage\":\"de\",\"@id\":\"https:\/\/procleaner.pl\/#\/schema\/logo\/image\/\",\"url\":\"https:\/\/procleaner.pl\/wp-content\/uploads\/2021\/05\/logo2.jpg\",\"contentUrl\":\"https:\/\/procleaner.pl\/wp-content\/uploads\/2021\/05\/logo2.jpg\",\"width\":364,\"height\":79,\"caption\":\"ProCleaner\"},\"image\":{\"@id\":\"https:\/\/procleaner.pl\/#\/schema\/logo\/image\/\"},\"sameAs\":[\"https:\/\/www.facebook.com\/ProCleanerPoland\/\"]}]}<\/script>\n<!-- \/ Yoast SEO plugin. -->","yoast_head_json":{"title":"Rekrutierung - ProCleaner","robots":{"index":"index","follow":"follow","max-snippet":"max-snippet:-1","max-image-preview":"max-image-preview:large","max-video-preview":"max-video-preview:-1"},"canonical":"https:\/\/procleaner.pl\/rekrutacja\/","og_locale":"de_DE","og_type":"article","og_title":"Rekrutierung - ProCleaner","og_description":"Personalbeschaffung und Outsourcing Sehen Sie, mit wem wir zusammenarbeiten Bei ProCleaner besch\u00e4ftigen wir uns nicht mit dem Outsourcing von Mitarbeitern. Nutzen Sie die Dienste des von uns empfohlenen Unternehmens, das sich seit Jahren mit der professionellen Personalbeschaffung f\u00fcr Positionen in vielen Branchen befasst. Nutzen Sie die Dienstleistungen von\u00a0 AB OvoSolutions W\u00e4hlen Sie Ihr Objekt und &hellip; Rekrutierung Weiterlesen &raquo;","og_url":"https:\/\/procleaner.pl\/rekrutacja\/","og_site_name":"ProCleaner","article_publisher":"https:\/\/www.facebook.com\/ProCleanerPoland\/","article_modified_time":"2025-10-08T11:34:42+00:00","og_image":[{"url":"https:\/\/procleaner.pl\/wp-content\/uploads\/2023\/09\/pexels-edmond-dantes-4344878-1024x683.jpeg"}],"twitter_card":"summary_large_image","schema":{"@context":"https:\/\/schema.org","@graph":[{"@type":"WebPage","@id":"https:\/\/procleaner.pl\/rekrutacja\/","url":"https:\/\/procleaner.pl\/rekrutacja\/","name":"Rekrutierung - ProCleaner","isPartOf":{"@id":"https:\/\/procleaner.pl\/#website"},"datePublished":"2023-09-20T07:54:16+00:00","dateModified":"2025-10-08T11:34:42+00:00","breadcrumb":{"@id":"https:\/\/procleaner.pl\/rekrutacja\/#breadcrumb"},"inLanguage":"de","potentialAction":[{"@type":"ReadAction","target":["https:\/\/procleaner.pl\/rekrutacja\/"]}]},{"@type":"BreadcrumbList","@id":"https:\/\/procleaner.pl\/rekrutacja\/#breadcrumb","itemListElement":[{"@type":"ListItem","position":1,"name":"Strona g\u0142\u00f3wna","item":"https:\/\/procleaner.pl\/"},{"@type":"ListItem","position":2,"name":"Rekrutierung"}]},{"@type":"WebSite","@id":"https:\/\/procleaner.pl\/#website","url":"https:\/\/procleaner.pl\/","name":"ProCleaner","description":"Firma sprz\u0105taj\u0105ca Wroc\u0142aw, us\u0142ugi sprz\u0105taj\u0105ce we Wroc\u0142awiu","publisher":{"@id":"https:\/\/procleaner.pl\/#organization"},"potentialAction":[{"@type":"SearchAction","target":{"@type":"EntryPoint","urlTemplate":"https:\/\/procleaner.pl\/?s={search_term_string}"},"query-input":"required name=search_term_string"}],"inLanguage":"de"},{"@type":"Organization","@id":"https:\/\/procleaner.pl\/#organization","name":"ProCleaner","url":"https:\/\/procleaner.pl\/","logo":{"@type":"ImageObject","inLanguage":"de","@id":"https:\/\/procleaner.pl\/#\/schema\/logo\/image\/","url":"https:\/\/procleaner.pl\/wp-content\/uploads\/2021\/05\/logo2.jpg","contentUrl":"https:\/\/procleaner.pl\/wp-content\/uploads\/2021\/05\/logo2.jpg","width":364,"height":79,"caption":"ProCleaner"},"image":{"@id":"https:\/\/procleaner.pl\/#\/schema\/logo\/image\/"},"sameAs":["https:\/\/www.facebook.com\/ProCleanerPoland\/"]}]}},"_links":{"self":[{"href":"https:\/\/procleaner.pl\/de\/wp-json\/wp\/v2\/pages\/10249"}],"collection":[{"href":"https:\/\/procleaner.pl\/de\/wp-json\/wp\/v2\/pages"}],"about":[{"href":"https:\/\/procleaner.pl\/de\/wp-json\/wp\/v2\/types\/page"}],"author":[{"embeddable":true,"href":"https:\/\/procleaner.pl\/de\/wp-json\/wp\/v2\/users\/9"}],"replies":[{"embeddable":true,"href":"https:\/\/procleaner.pl\/de\/wp-json\/wp\/v2\/comments?post=10249"}],"version-history":[{"count":1,"href":"https:\/\/procleaner.pl\/de\/wp-json\/wp\/v2\/pages\/10249\/revisions"}],"predecessor-version":[{"id":10251,"href":"https:\/\/procleaner.pl\/de\/wp-json\/wp\/v2\/pages\/10249\/revisions\/10251"}],"wp:attachment":[{"href":"https:\/\/procleaner.pl\/de\/wp-json\/wp\/v2\/media?parent=10249"}],"curies":[{"name":"wp","href":"https:\/\/api.w.org\/{rel}","templated":true}]}}