{"id":10225,"date":"2020-11-26T09:44:10","date_gmt":"2020-11-26T08:44:10","guid":{"rendered":"https:\/\/procleaner.pl\/qualitaets-umwelt-und-arbeitsschutzpolitik\/"},"modified":"2025-10-08T12:16:53","modified_gmt":"2025-10-08T10:16:53","slug":"qualitaets-umwelt-und-arbeitsschutzpolitik","status":"publish","type":"page","link":"https:\/\/procleaner.pl\/de\/qualitaets-umwelt-und-arbeitsschutzpolitik\/","title":{"rendered":"Qualit\u00e4ts-, Umwelt- und Arbeitsschutzpolitik"},"content":{"rendered":"\t\t<div data-elementor-type=\"wp-page\" data-elementor-id=\"10225\" class=\"elementor elementor-10225 elementor-1783\">\n\t\t\t\t\t\t\t\t\t<section class=\"elementor-section elementor-top-section elementor-element elementor-element-38b6517 elementor-section-full_width elementor-section-height-default elementor-section-height-default\" data-id=\"38b6517\" data-element_type=\"section\">\n\t\t\t\t\t\t\t<div class=\"elementor-background-overlay\"><\/div>\n\t\t\t\t\t\t\t<div class=\"elementor-container elementor-column-gap-wider\">\n\t\t\t\t\t<div class=\"elementor-column elementor-col-100 elementor-top-column elementor-element elementor-element-fa71733\" data-id=\"fa71733\" data-element_type=\"column\">\n\t\t\t<div class=\"elementor-widget-wrap elementor-element-populated\">\n\t\t\t\t\t\t\t\t<div class=\"elementor-element elementor-element-1b4ee9b de_scroll_animation_no elementor-widget elementor-widget-theme-post-title elementor-page-title elementor-widget-heading\" data-id=\"1b4ee9b\" data-element_type=\"widget\" data-widget_type=\"theme-post-title.default\">\n\t\t\t\t<div class=\"elementor-widget-container\">\n\t\t\t<h1 class=\"elementor-heading-title elementor-size-default\">Qualit\u00e4ts-, Umwelt- und Arbeitsschutzpolitik<\/h1>\t\t<\/div>\n\t\t\t\t<\/div>\n\t\t\t\t\t<\/div>\n\t\t<\/div>\n\t\t\t\t\t\t\t<\/div>\n\t\t<\/section>\n\t\t\t\t<section class=\"elementor-section elementor-top-section elementor-element elementor-element-95f1113 elementor-section-boxed elementor-section-height-default elementor-section-height-default\" data-id=\"95f1113\" data-element_type=\"section\">\n\t\t\t\t\t\t<div class=\"elementor-container elementor-column-gap-default\">\n\t\t\t\t\t<div class=\"elementor-column elementor-col-50 elementor-top-column elementor-element elementor-element-7d4ab65\" data-id=\"7d4ab65\" data-element_type=\"column\">\n\t\t\t<div class=\"elementor-widget-wrap elementor-element-populated\">\n\t\t\t\t\t\t\t\t<div class=\"elementor-element elementor-element-554f417 de_scroll_animation_no elementor-widget elementor-widget-text-editor\" data-id=\"554f417\" data-element_type=\"widget\" data-widget_type=\"text-editor.default\">\n\t\t\t\t<div class=\"elementor-widget-container\">\n\t\t\t\t\t\t\t<p>Horizont Global Sp. z o.o. Sp. k. hat bewusst Ma\u00dfnahmen im Bereich des Qualit\u00e4ts-, Umwelt- und Arbeitsschutzmanagementsystems ergriffen, wobei die Zufriedenheit der Kunden und Mitarbeiter sowie der Schutz der Umwelt und die Interessen anderer Beteiligter, insbesondere der Lieferanten und der lokalen Umgebung, im Vordergrund standen. Qualit\u00e4ts-, Umwelt- und Arbeitsschutzmanagement betrachten wir als eine der Priorit\u00e4ten der Unternehmensf\u00fchrung. Auf der Grundlage unserer langj\u00e4hrigen Erfahrung, des bedeutenden Potenzials des Unternehmens und des Wissens unserer Mitarbeiter und Subunternehmer konzentrieren wir uns in unserer Arbeit darauf, die Anforderungen unserer Kunden bestm\u00f6glich zu verstehen und zu erf\u00fcllen. Unser Motto ist das harmonische Zusammenleben mit der Umwelt und den Interessengruppen auf der Grundlage<br \/>\neines Modells der nachhaltigen Entwicklung im \u00f6kologischen, sozialen und ethischen Kontext, insbesondere im Hinblick auf zuk\u00fcnftige Generationen. Wir sind bestrebt, die oben genannten Grunds\u00e4tze sowohl im Unternehmen als auch bei unseren Lieferanten zu respektieren.<\/p>\n<p>Wir verpflichten uns zu Folgendem:<\/p>\n<ul>\n<li>Einhaltung der f\u00fcr unsere T\u00e4tigkeit geltenden gesetzlichen und sonstigen Compliance-Anforderungen sowie Kundenanforderungen,<\/li>\n<li>Ber\u00fccksichtigung dieser Anforderungen in unseren internen Vorschriften, Schutz der Umwelt, einschlie\u00dflich der Vermeidung von Umweltverschmutzung,<\/li>\n<li>Gew\u00e4hrleistung sicherer und hygienischer Arbeitsbedingungen zur Vermeidung von arbeitsbedingten Verletzungen und Gesundheitsbeschwerden<\/li>\n<li>Beseitigung von Gefahren und Begrenzung von Risiken im Bereich Arbeitssicherheit und Gesundheitsschutz,<\/li>\n<li>Konsultation und Beteiligung der Mitarbeiter am integrierten Managementsystem.<\/li>\n<\/ul>\n<p>Zur Umsetzung dieser Politik verfolgen wir die folgenden strategischen Ziele:<\/p>\n<ul>\n<li>Einhaltung der vereinbarten Leistungsumf\u00e4nge und Termine sowie hohe Qualit\u00e4t der Dienstleistungen<\/li>\n<li>Reagieren auf die sich \u00e4ndernden Bed\u00fcrfnisse und Anforderungen unserer Kunden,<\/li>\n<li>Rationelle Bewirtschaftung von Wasser, Abfall und Energie<\/li>\n<li>Sensibilisierung der Mitarbeiter, Kunden und Lieferanten f\u00fcr Umwelt- und Arbeitsschutzfragen,<\/li>\n<li>Information der interessierten Parteien \u00fcber unsere Aktivit\u00e4ten im Bereich Umweltschutz und Arbeitssicherheit,<\/li>\n<li>Stetige Steigerung des Einsatzes energieeffizienter Informationstechnologie und verst\u00e4rkte Nutzung energieeffizienter Fahrzeuge und Ger\u00e4te.<\/li>\n<\/ul>\n<p>Wir setzen diese Politik insbesondere durch folgende Ma\u00dfnahmen um:<\/p>\n<ul>\n<li>Regelm\u00e4\u00dfige Bewertung der Sauberkeit und Untersuchung der Kundenzufriedenheit sowie Ergreifen von Ma\u00dfnahmen, falls erforderlich.<\/li>\n<li>Festlegung des Umfangs und der Art der Leistungserbringung mit Unterst\u00fctzung von technischen Beratern von Unternehmen, die professionelle Ger\u00e4te und Reinigungsmittel liefern,<\/li>\n<li>Verbesserung der Dienstleistungsprozesse, um die Auswirkungen unserer T\u00e4tigkeit auf die Umwelt und die Interessengruppen zu verringern.<\/li>\n<li>Beschaffung bei Lieferanten, die Lieferungen gem\u00e4\u00df unseren Anforderungen garantieren, darunter in Bezug auf Qualit\u00e4t, Umwelt und Arbeitssicherheit.<\/li>\n<li>Unfallverh\u00fctung durch Schulungen und Einhaltung hoher Sicherheitsstandards, die das Risiko potenzieller Unf\u00e4lle minimieren,<\/li>\n<li>Planung und Umsetzung von Ma\u00dfnahmen zur Verhinderung von St\u00f6rungen und Umweltverschmutzung sowie von Ma\u00dfnahmen zur Begrenzung ihrer Auswirkungen,<\/li>\n<li>Anwendung eines bestimmten Systems zur Gewinnung und Schulung von Mitarbeitern,<\/li>\n<li>Geheimhaltung von Informationen im Zusammenhang mit der T\u00e4tigkeit des Kunden,<\/li>\n<li>Verhinderung jeglicher Diskriminierung,<\/li>\n<li>Nur rechtm\u00e4\u00dfige Ma\u00dfnahmen in den Bereichen Qualit\u00e4t, Umweltschutz und Arbeitssicherheit zu ergreifen.<\/li>\n<\/ul>\n<p>Wir verpflichten uns zur kontinuierlichen Verbesserung des integrierten Qualit\u00e4ts-, Umwelt- und Arbeitsschutzmanagementsystems. Im Namen des Unternehmens erkl\u00e4ren wir, dass wir weiterhin alle Anstrengungen und Mittel einsetzen werden, um diese Politik vollst\u00e4ndig umzusetzen.<\/p>\n\t\t\t\t\t\t<\/div>\n\t\t\t\t<\/div>\n\t\t\t\t\t<\/div>\n\t\t<\/div>\n\t\t\t\t<div class=\"elementor-column elementor-col-50 elementor-top-column elementor-element elementor-element-bd83532\" data-id=\"bd83532\" data-element_type=\"column\">\n\t\t\t<div class=\"elementor-widget-wrap elementor-element-populated\">\n\t\t\t\t\t\t\t\t<div class=\"elementor-element elementor-element-6e89745 de_scroll_animation_no elementor-widget elementor-widget-image\" data-id=\"6e89745\" data-element_type=\"widget\" data-widget_type=\"image.default\">\n\t\t\t\t<div class=\"elementor-widget-container\">\n\t\t\t\t\t\t\t\t\t\t\t\t\t\t\t<img fetchpriority=\"high\" decoding=\"async\" width=\"1024\" height=\"723\" src=\"https:\/\/procleaner.pl\/wp-content\/uploads\/2021\/07\/HORIZONT_GLOBAL_DL_SP_Z_OO_SP_K_EcoVadis_Rating_Certificate_2021_03_31-1-scaled-1-1024x723.jpg.webp\" class=\"attachment-large size-large wp-image-2747\" alt=\"EcoVadis Procleaner certyfikat\" srcset=\"https:\/\/procleaner.pl\/wp-content\/uploads\/2021\/07\/HORIZONT_GLOBAL_DL_SP_Z_OO_SP_K_EcoVadis_Rating_Certificate_2021_03_31-1-scaled-1-1024x723.jpg.webp 1024w, https:\/\/procleaner.pl\/wp-content\/uploads\/2021\/07\/HORIZONT_GLOBAL_DL_SP_Z_OO_SP_K_EcoVadis_Rating_Certificate_2021_03_31-1-scaled-1-1024x723.jpg-300x212.webp 300w, https:\/\/procleaner.pl\/wp-content\/uploads\/2021\/07\/HORIZONT_GLOBAL_DL_SP_Z_OO_SP_K_EcoVadis_Rating_Certificate_2021_03_31-1-scaled-1-1024x723.jpg-768x542.webp 768w\" sizes=\"(max-width: 1024px) 100vw, 1024px\" \/>\t\t\t\t\t\t\t\t\t\t\t\t\t\t\t<\/div>\n\t\t\t\t<\/div>\n\t\t\t\t<div class=\"elementor-element elementor-element-9fdd32e de_scroll_animation_no elementor-widget elementor-widget-image\" data-id=\"9fdd32e\" data-element_type=\"widget\" data-widget_type=\"image.default\">\n\t\t\t\t<div class=\"elementor-widget-container\">\n\t\t\t\t\t\t\t\t\t\t\t\t\t\t\t<img decoding=\"async\" width=\"724\" height=\"1024\" src=\"https:\/\/procleaner.pl\/wp-content\/uploads\/2021\/09\/ISO-9001-724x1024.jpg\" class=\"attachment-large size-large wp-image-3536\" alt=\"ISO 9001\" srcset=\"https:\/\/procleaner.pl\/wp-content\/uploads\/2021\/09\/ISO-9001-724x1024.jpg 724w, https:\/\/procleaner.pl\/wp-content\/uploads\/2021\/09\/ISO-9001-212x300.jpg 212w, https:\/\/procleaner.pl\/wp-content\/uploads\/2021\/09\/ISO-9001-768x1086.jpg 768w, https:\/\/procleaner.pl\/wp-content\/uploads\/2021\/09\/ISO-9001.jpg 794w\" sizes=\"(max-width: 724px) 100vw, 724px\" \/>\t\t\t\t\t\t\t\t\t\t\t\t\t\t\t<\/div>\n\t\t\t\t<\/div>\n\t\t\t\t<div class=\"elementor-element elementor-element-e584b7c de_scroll_animation_no elementor-widget elementor-widget-image\" data-id=\"e584b7c\" data-element_type=\"widget\" data-widget_type=\"image.default\">\n\t\t\t\t<div class=\"elementor-widget-container\">\n\t\t\t\t\t\t\t\t\t\t\t\t\t\t\t<img decoding=\"async\" width=\"724\" height=\"1024\" src=\"https:\/\/procleaner.pl\/wp-content\/uploads\/2021\/07\/Certyfikat-Horizont-Global-DL-14001_2015-1-724x1024.jpg\" class=\"attachment-large size-large wp-image-3154\" alt=\"ISO 14001:2015\" srcset=\"https:\/\/procleaner.pl\/wp-content\/uploads\/2021\/07\/Certyfikat-Horizont-Global-DL-14001_2015-1-724x1024.jpg 724w, https:\/\/procleaner.pl\/wp-content\/uploads\/2021\/07\/Certyfikat-Horizont-Global-DL-14001_2015-1-212x300.jpg 212w, https:\/\/procleaner.pl\/wp-content\/uploads\/2021\/07\/Certyfikat-Horizont-Global-DL-14001_2015-1-768x1086.jpg 768w, https:\/\/procleaner.pl\/wp-content\/uploads\/2021\/07\/Certyfikat-Horizont-Global-DL-14001_2015-1-1086x1536.jpg 1086w, https:\/\/procleaner.pl\/wp-content\/uploads\/2021\/07\/Certyfikat-Horizont-Global-DL-14001_2015-1-1448x2048.jpg 1448w, https:\/\/procleaner.pl\/wp-content\/uploads\/2021\/07\/Certyfikat-Horizont-Global-DL-14001_2015-1.jpg 1650w\" sizes=\"(max-width: 724px) 100vw, 724px\" \/>\t\t\t\t\t\t\t\t\t\t\t\t\t\t\t<\/div>\n\t\t\t\t<\/div>\n\t\t\t\t<div class=\"elementor-element elementor-element-0cc6440 de_scroll_animation_no elementor-widget elementor-widget-image\" data-id=\"0cc6440\" data-element_type=\"widget\" data-widget_type=\"image.default\">\n\t\t\t\t<div class=\"elementor-widget-container\">\n\t\t\t\t\t\t\t\t\t\t\t\t\t\t\t<img loading=\"lazy\" decoding=\"async\" width=\"724\" height=\"1024\" src=\"https:\/\/procleaner.pl\/wp-content\/uploads\/2021\/07\/Certyfikat-Horizont-Global-DL-45001_2018-1-724x1024.jpg\" class=\"attachment-large size-large wp-image-3156\" alt=\"Certyfikat Horizont Global DL 45001_2018-1\" srcset=\"https:\/\/procleaner.pl\/wp-content\/uploads\/2021\/07\/Certyfikat-Horizont-Global-DL-45001_2018-1-724x1024.jpg 724w, https:\/\/procleaner.pl\/wp-content\/uploads\/2021\/07\/Certyfikat-Horizont-Global-DL-45001_2018-1-212x300.jpg 212w, https:\/\/procleaner.pl\/wp-content\/uploads\/2021\/07\/Certyfikat-Horizont-Global-DL-45001_2018-1-768x1086.jpg 768w, https:\/\/procleaner.pl\/wp-content\/uploads\/2021\/07\/Certyfikat-Horizont-Global-DL-45001_2018-1-1086x1536.jpg 1086w, https:\/\/procleaner.pl\/wp-content\/uploads\/2021\/07\/Certyfikat-Horizont-Global-DL-45001_2018-1-1448x2048.jpg 1448w, https:\/\/procleaner.pl\/wp-content\/uploads\/2021\/07\/Certyfikat-Horizont-Global-DL-45001_2018-1.jpg 1650w\" sizes=\"(max-width: 724px) 100vw, 724px\" \/>\t\t\t\t\t\t\t\t\t\t\t\t\t\t\t<\/div>\n\t\t\t\t<\/div>\n\t\t\t\t\t<\/div>\n\t\t<\/div>\n\t\t\t\t\t\t\t<\/div>\n\t\t<\/section>\n\t\t\t\t\t\t\t<\/div>\n\t\t","protected":false},"excerpt":{"rendered":"<p>Horizont Global Sp. z o.o. Sp. k. hat bewusst Ma\u00dfnahmen im Bereich des Qualit\u00e4ts-, Umwelt- und Arbeitsschutzmanagementsystems ergriffen, wobei die Zufriedenheit der Kunden und Mitarbeiter sowie der Schutz der Umwelt und die Interessen anderer Beteiligter, insbesondere der Lieferanten und der lokalen Umgebung, im Vordergrund standen. Qualit\u00e4ts-, Umwelt- und Arbeitsschutzmanagement betrachten wir als eine der Priorit\u00e4ten &hellip;<\/p>\n<p class=\"read-more\"> <a class=\"\" href=\"https:\/\/procleaner.pl\/de\/qualitaets-umwelt-und-arbeitsschutzpolitik\/\"> <span class=\"screen-reader-text\">Qualit\u00e4ts-, Umwelt- und Arbeitsschutzpolitik<\/span> Weiterlesen &raquo;<\/a><\/p>\n","protected":false},"author":1,"featured_media":0,"parent":0,"menu_order":0,"comment_status":"closed","ping_status":"closed","template":"elementor_theme","meta":{"site-sidebar-layout":"default","site-content-layout":"default","ast-global-header-display":"","ast-banner-title-visibility":"","ast-main-header-display":"","ast-hfb-above-header-display":"","ast-hfb-below-header-display":"","ast-hfb-mobile-header-display":"","site-post-title":"","ast-breadcrumbs-content":"","ast-featured-img":"","footer-sml-layout":"","theme-transparent-header-meta":"","adv-header-id-meta":"","stick-header-meta":"","header-above-stick-meta":"","header-main-stick-meta":"","header-below-stick-meta":"","footnotes":""},"yoast_head":"<!-- This site is optimized with the Yoast SEO plugin v21.7 - https:\/\/yoast.com\/wordpress\/plugins\/seo\/ -->\n<title>Qualit\u00e4ts-, Umwelt- und Arbeitsschutzpolitik - ProCleaner<\/title>\n<meta name=\"robots\" content=\"noindex, follow\" \/>\n<meta property=\"og:locale\" content=\"de_DE\" \/>\n<meta property=\"og:type\" content=\"article\" \/>\n<meta property=\"og:title\" content=\"Qualit\u00e4ts-, Umwelt- und Arbeitsschutzpolitik - ProCleaner\" \/>\n<meta property=\"og:description\" content=\"Horizont Global Sp. z o.o. Sp. k. hat bewusst Ma\u00dfnahmen im Bereich des Qualit\u00e4ts-, Umwelt- und Arbeitsschutzmanagementsystems ergriffen, wobei die Zufriedenheit der Kunden und Mitarbeiter sowie der Schutz der Umwelt und die Interessen anderer Beteiligter, insbesondere der Lieferanten und der lokalen Umgebung, im Vordergrund standen. Qualit\u00e4ts-, Umwelt- und Arbeitsschutzmanagement betrachten wir als eine der Priorit\u00e4ten &hellip; Qualit\u00e4ts-, Umwelt- und Arbeitsschutzpolitik Weiterlesen &raquo;\" \/>\n<meta property=\"og:url\" content=\"https:\/\/procleaner.pl\/polityka-jakosci-srodowiskowa-bhp\/\" \/>\n<meta property=\"og:site_name\" content=\"ProCleaner\" \/>\n<meta property=\"article:publisher\" content=\"https:\/\/www.facebook.com\/ProCleanerPoland\/\" \/>\n<meta property=\"article:modified_time\" content=\"2025-10-08T10:16:53+00:00\" \/>\n<meta property=\"og:image\" content=\"https:\/\/procleaner.pl\/wp-content\/uploads\/2021\/07\/HORIZONT_GLOBAL_DL_SP_Z_OO_SP_K_EcoVadis_Rating_Certificate_2021_03_31-1-scaled-1-1024x723.jpg.webp\" \/>\n<meta name=\"twitter:card\" content=\"summary_large_image\" \/>\n<meta name=\"twitter:label1\" content=\"Gesch\u00e4tzte Lesezeit\" \/>\n\t<meta name=\"twitter:data1\" content=\"2\u00a0Minuten\" \/>\n<script type=\"application\/ld+json\" class=\"yoast-schema-graph\">{\"@context\":\"https:\/\/schema.org\",\"@graph\":[{\"@type\":\"WebPage\",\"@id\":\"https:\/\/procleaner.pl\/polityka-jakosci-srodowiskowa-bhp\/\",\"url\":\"https:\/\/procleaner.pl\/polityka-jakosci-srodowiskowa-bhp\/\",\"name\":\"Qualit\u00e4ts-, Umwelt- und Arbeitsschutzpolitik - ProCleaner\",\"isPartOf\":{\"@id\":\"https:\/\/procleaner.pl\/#website\"},\"datePublished\":\"2020-11-26T08:44:10+00:00\",\"dateModified\":\"2025-10-08T10:16:53+00:00\",\"breadcrumb\":{\"@id\":\"https:\/\/procleaner.pl\/polityka-jakosci-srodowiskowa-bhp\/#breadcrumb\"},\"inLanguage\":\"de\",\"potentialAction\":[{\"@type\":\"ReadAction\",\"target\":[\"https:\/\/procleaner.pl\/polityka-jakosci-srodowiskowa-bhp\/\"]}]},{\"@type\":\"BreadcrumbList\",\"@id\":\"https:\/\/procleaner.pl\/polityka-jakosci-srodowiskowa-bhp\/#breadcrumb\",\"itemListElement\":[{\"@type\":\"ListItem\",\"position\":1,\"name\":\"Strona g\u0142\u00f3wna\",\"item\":\"https:\/\/procleaner.pl\/\"},{\"@type\":\"ListItem\",\"position\":2,\"name\":\"Qualit\u00e4ts-, Umwelt- und Arbeitsschutzpolitik\"}]},{\"@type\":\"WebSite\",\"@id\":\"https:\/\/procleaner.pl\/#website\",\"url\":\"https:\/\/procleaner.pl\/\",\"name\":\"ProCleaner\",\"description\":\"Firma sprz\u0105taj\u0105ca Wroc\u0142aw, us\u0142ugi sprz\u0105taj\u0105ce we Wroc\u0142awiu\",\"publisher\":{\"@id\":\"https:\/\/procleaner.pl\/#organization\"},\"potentialAction\":[{\"@type\":\"SearchAction\",\"target\":{\"@type\":\"EntryPoint\",\"urlTemplate\":\"https:\/\/procleaner.pl\/?s={search_term_string}\"},\"query-input\":\"required name=search_term_string\"}],\"inLanguage\":\"de\"},{\"@type\":\"Organization\",\"@id\":\"https:\/\/procleaner.pl\/#organization\",\"name\":\"ProCleaner\",\"url\":\"https:\/\/procleaner.pl\/\",\"logo\":{\"@type\":\"ImageObject\",\"inLanguage\":\"de\",\"@id\":\"https:\/\/procleaner.pl\/#\/schema\/logo\/image\/\",\"url\":\"https:\/\/procleaner.pl\/wp-content\/uploads\/2021\/05\/logo2.jpg\",\"contentUrl\":\"https:\/\/procleaner.pl\/wp-content\/uploads\/2021\/05\/logo2.jpg\",\"width\":364,\"height\":79,\"caption\":\"ProCleaner\"},\"image\":{\"@id\":\"https:\/\/procleaner.pl\/#\/schema\/logo\/image\/\"},\"sameAs\":[\"https:\/\/www.facebook.com\/ProCleanerPoland\/\"]}]}<\/script>\n<!-- \/ Yoast SEO plugin. -->","yoast_head_json":{"title":"Qualit\u00e4ts-, Umwelt- und Arbeitsschutzpolitik - ProCleaner","robots":{"index":"noindex","follow":"follow"},"og_locale":"de_DE","og_type":"article","og_title":"Qualit\u00e4ts-, Umwelt- und Arbeitsschutzpolitik - ProCleaner","og_description":"Horizont Global Sp. z o.o. Sp. k. hat bewusst Ma\u00dfnahmen im Bereich des Qualit\u00e4ts-, Umwelt- und Arbeitsschutzmanagementsystems ergriffen, wobei die Zufriedenheit der Kunden und Mitarbeiter sowie der Schutz der Umwelt und die Interessen anderer Beteiligter, insbesondere der Lieferanten und der lokalen Umgebung, im Vordergrund standen. Qualit\u00e4ts-, Umwelt- und Arbeitsschutzmanagement betrachten wir als eine der Priorit\u00e4ten &hellip; Qualit\u00e4ts-, Umwelt- und Arbeitsschutzpolitik Weiterlesen &raquo;","og_url":"https:\/\/procleaner.pl\/polityka-jakosci-srodowiskowa-bhp\/","og_site_name":"ProCleaner","article_publisher":"https:\/\/www.facebook.com\/ProCleanerPoland\/","article_modified_time":"2025-10-08T10:16:53+00:00","og_image":[{"url":"https:\/\/procleaner.pl\/wp-content\/uploads\/2021\/07\/HORIZONT_GLOBAL_DL_SP_Z_OO_SP_K_EcoVadis_Rating_Certificate_2021_03_31-1-scaled-1-1024x723.jpg.webp"}],"twitter_card":"summary_large_image","twitter_misc":{"Gesch\u00e4tzte Lesezeit":"2\u00a0Minuten"},"schema":{"@context":"https:\/\/schema.org","@graph":[{"@type":"WebPage","@id":"https:\/\/procleaner.pl\/polityka-jakosci-srodowiskowa-bhp\/","url":"https:\/\/procleaner.pl\/polityka-jakosci-srodowiskowa-bhp\/","name":"Qualit\u00e4ts-, Umwelt- und Arbeitsschutzpolitik - ProCleaner","isPartOf":{"@id":"https:\/\/procleaner.pl\/#website"},"datePublished":"2020-11-26T08:44:10+00:00","dateModified":"2025-10-08T10:16:53+00:00","breadcrumb":{"@id":"https:\/\/procleaner.pl\/polityka-jakosci-srodowiskowa-bhp\/#breadcrumb"},"inLanguage":"de","potentialAction":[{"@type":"ReadAction","target":["https:\/\/procleaner.pl\/polityka-jakosci-srodowiskowa-bhp\/"]}]},{"@type":"BreadcrumbList","@id":"https:\/\/procleaner.pl\/polityka-jakosci-srodowiskowa-bhp\/#breadcrumb","itemListElement":[{"@type":"ListItem","position":1,"name":"Strona g\u0142\u00f3wna","item":"https:\/\/procleaner.pl\/"},{"@type":"ListItem","position":2,"name":"Qualit\u00e4ts-, Umwelt- und Arbeitsschutzpolitik"}]},{"@type":"WebSite","@id":"https:\/\/procleaner.pl\/#website","url":"https:\/\/procleaner.pl\/","name":"ProCleaner","description":"Firma sprz\u0105taj\u0105ca Wroc\u0142aw, us\u0142ugi sprz\u0105taj\u0105ce we Wroc\u0142awiu","publisher":{"@id":"https:\/\/procleaner.pl\/#organization"},"potentialAction":[{"@type":"SearchAction","target":{"@type":"EntryPoint","urlTemplate":"https:\/\/procleaner.pl\/?s={search_term_string}"},"query-input":"required name=search_term_string"}],"inLanguage":"de"},{"@type":"Organization","@id":"https:\/\/procleaner.pl\/#organization","name":"ProCleaner","url":"https:\/\/procleaner.pl\/","logo":{"@type":"ImageObject","inLanguage":"de","@id":"https:\/\/procleaner.pl\/#\/schema\/logo\/image\/","url":"https:\/\/procleaner.pl\/wp-content\/uploads\/2021\/05\/logo2.jpg","contentUrl":"https:\/\/procleaner.pl\/wp-content\/uploads\/2021\/05\/logo2.jpg","width":364,"height":79,"caption":"ProCleaner"},"image":{"@id":"https:\/\/procleaner.pl\/#\/schema\/logo\/image\/"},"sameAs":["https:\/\/www.facebook.com\/ProCleanerPoland\/"]}]}},"_links":{"self":[{"href":"https:\/\/procleaner.pl\/de\/wp-json\/wp\/v2\/pages\/10225"}],"collection":[{"href":"https:\/\/procleaner.pl\/de\/wp-json\/wp\/v2\/pages"}],"about":[{"href":"https:\/\/procleaner.pl\/de\/wp-json\/wp\/v2\/types\/page"}],"author":[{"embeddable":true,"href":"https:\/\/procleaner.pl\/de\/wp-json\/wp\/v2\/users\/1"}],"replies":[{"embeddable":true,"href":"https:\/\/procleaner.pl\/de\/wp-json\/wp\/v2\/comments?post=10225"}],"version-history":[{"count":1,"href":"https:\/\/procleaner.pl\/de\/wp-json\/wp\/v2\/pages\/10225\/revisions"}],"predecessor-version":[{"id":10235,"href":"https:\/\/procleaner.pl\/de\/wp-json\/wp\/v2\/pages\/10225\/revisions\/10235"}],"wp:attachment":[{"href":"https:\/\/procleaner.pl\/de\/wp-json\/wp\/v2\/media?parent=10225"}],"curies":[{"name":"wp","href":"https:\/\/api.w.org\/{rel}","templated":true}]}}