{"id":10159,"date":"2021-04-23T11:11:21","date_gmt":"2021-04-23T09:11:21","guid":{"rendered":"https:\/\/procleaner.pl\/iso-450012018\/"},"modified":"2025-10-07T14:17:28","modified_gmt":"2025-10-07T12:17:28","slug":"iso-450012018","status":"publish","type":"page","link":"https:\/\/procleaner.pl\/de\/iso-450012018\/","title":{"rendered":"ISO 45001:2018"},"content":{"rendered":"\t\t<div data-elementor-type=\"wp-page\" data-elementor-id=\"10159\" class=\"elementor elementor-10159 elementor-1953\">\n\t\t\t\t\t\t\t\t\t<section class=\"elementor-section elementor-top-section elementor-element elementor-element-488b93d elementor-section-full_width elementor-section-height-default elementor-section-height-default\" data-id=\"488b93d\" data-element_type=\"section\" data-settings=\"{&quot;background_background&quot;:&quot;classic&quot;}\">\n\t\t\t\t\t\t\t<div class=\"elementor-background-overlay\"><\/div>\n\t\t\t\t\t\t\t<div class=\"elementor-container elementor-column-gap-wider\">\n\t\t\t\t\t<div class=\"elementor-column elementor-col-100 elementor-top-column elementor-element elementor-element-d6f8273\" data-id=\"d6f8273\" data-element_type=\"column\">\n\t\t\t<div class=\"elementor-widget-wrap elementor-element-populated\">\n\t\t\t\t\t\t\t\t<div class=\"elementor-element elementor-element-d41b189 de_scroll_animation_no elementor-widget elementor-widget-theme-post-title elementor-page-title elementor-widget-heading\" data-id=\"d41b189\" data-element_type=\"widget\" data-widget_type=\"theme-post-title.default\">\n\t\t\t\t<div class=\"elementor-widget-container\">\n\t\t\t<h1 class=\"elementor-heading-title elementor-size-default\">ISO 45001:2018<\/h1>\t\t<\/div>\n\t\t\t\t<\/div>\n\t\t\t\t\t<\/div>\n\t\t<\/div>\n\t\t\t\t\t\t\t<\/div>\n\t\t<\/section>\n\t\t\t\t<section class=\"elementor-section elementor-top-section elementor-element elementor-element-1ab652b4 elementor-section-boxed elementor-section-height-default elementor-section-height-default\" data-id=\"1ab652b4\" data-element_type=\"section\">\n\t\t\t\t\t\t<div class=\"elementor-container elementor-column-gap-default\">\n\t\t\t\t\t<div class=\"elementor-column elementor-col-100 elementor-top-column elementor-element elementor-element-776899ee\" data-id=\"776899ee\" data-element_type=\"column\">\n\t\t\t<div class=\"elementor-widget-wrap elementor-element-populated\">\n\t\t\t\t\t\t\t\t<div class=\"elementor-element elementor-element-abc36c0 de_scroll_animation_no elementor-widget elementor-widget-text-editor\" data-id=\"abc36c0\" data-element_type=\"widget\" data-widget_type=\"text-editor.default\">\n\t\t\t\t<div class=\"elementor-widget-container\">\n\t\t\t\t\t\t\t\r\n\r\nDas Zertifikat ISO 45001:2018 legt Standards f\u00fcr das Arbeitsschutzmanagement fest. Es regelt die Grunds\u00e4tze der Sicherheit und Hygiene am Arbeitsplatz und dient der Pr\u00e4vention von Unf\u00e4llen und Berufskrankheiten. Dank diesem Zertifikat k\u00f6nnen wir einen gesunden und sicheren Arbeitsplatz garantieren. Unsere Mitarbeiter sind das Herzst\u00fcck unseres Unternehmens, deshalb bem\u00fchen wir uns, die Arbeitsstandards st\u00e4ndig zu verbessern.\r\n\r\nGrundlage f\u00fcr den Erhalt dieses Zertifikats ist die Umsetzung des PDCA-Prinzips: Planen-Ausf\u00fchren-\u00dcberpr\u00fcfen-Handeln (engl. Plan-Do-Check-Act). Dank dieses Zertifikats k\u00f6nnen wir gute und gesunde Praktiken im Bereich Arbeitssicherheit und Gesundheitsschutz f\u00f6rdern.\r\n\r\n\t\t\t\t\t\t<\/div>\n\t\t\t\t<\/div>\n\t\t\t\t\t<\/div>\n\t\t<\/div>\n\t\t\t\t\t\t\t<\/div>\n\t\t<\/section>\n\t\t\t\t<section class=\"elementor-section elementor-top-section elementor-element elementor-element-34b255c elementor-section-boxed elementor-section-height-default elementor-section-height-default\" data-id=\"34b255c\" data-element_type=\"section\">\n\t\t\t\t\t\t<div class=\"elementor-container elementor-column-gap-default\">\n\t\t\t\t\t<div class=\"elementor-column elementor-col-100 elementor-top-column elementor-element elementor-element-174c644\" data-id=\"174c644\" data-element_type=\"column\">\n\t\t\t<div class=\"elementor-widget-wrap elementor-element-populated\">\n\t\t\t\t\t\t\t\t<div class=\"elementor-element elementor-element-5e65daf de_scroll_animation_no elementor-widget elementor-widget-image\" data-id=\"5e65daf\" data-element_type=\"widget\" data-widget_type=\"image.default\">\n\t\t\t\t<div class=\"elementor-widget-container\">\n\t\t\t\t\t\t\t\t\t\t\t\t\t\t\t<img fetchpriority=\"high\" decoding=\"async\" width=\"724\" height=\"1024\" src=\"https:\/\/procleaner.pl\/wp-content\/uploads\/2022\/09\/HG-ISO-45001_2018-724x1024.jpg\" class=\"attachment-large size-large wp-image-5735\" alt=\"HG ISO 45001_2018\" srcset=\"https:\/\/procleaner.pl\/wp-content\/uploads\/2022\/09\/HG-ISO-45001_2018-724x1024.jpg 724w, https:\/\/procleaner.pl\/wp-content\/uploads\/2022\/09\/HG-ISO-45001_2018-212x300.jpg 212w, https:\/\/procleaner.pl\/wp-content\/uploads\/2022\/09\/HG-ISO-45001_2018-768x1086.jpg 768w, https:\/\/procleaner.pl\/wp-content\/uploads\/2022\/09\/HG-ISO-45001_2018-8x12.jpg 8w, https:\/\/procleaner.pl\/wp-content\/uploads\/2022\/09\/HG-ISO-45001_2018.jpg 794w\" sizes=\"(max-width: 724px) 100vw, 724px\" \/>\t\t\t\t\t\t\t\t\t\t\t\t\t\t\t<\/div>\n\t\t\t\t<\/div>\n\t\t\t\t\t<\/div>\n\t\t<\/div>\n\t\t\t\t\t\t\t<\/div>\n\t\t<\/section>\n\t\t\t\t\t\t\t<\/div>\n\t\t","protected":false},"excerpt":{"rendered":"<p>Das Zertifikat ISO 45001:2018 legt Standards f\u00fcr das Arbeitsschutzmanagement fest. Es regelt die Grunds\u00e4tze der Sicherheit und Hygiene am Arbeitsplatz und dient der Pr\u00e4vention von Unf\u00e4llen und Berufskrankheiten. Dank diesem Zertifikat k\u00f6nnen wir einen gesunden und sicheren Arbeitsplatz garantieren. Unsere Mitarbeiter sind das Herzst\u00fcck unseres Unternehmens, deshalb bem\u00fchen wir uns, die Arbeitsstandards st\u00e4ndig zu verbessern. &hellip;<\/p>\n<p class=\"read-more\"> <a class=\"\" href=\"https:\/\/procleaner.pl\/de\/iso-450012018\/\"> <span class=\"screen-reader-text\">ISO 45001:2018<\/span> Weiterlesen &raquo;<\/a><\/p>\n","protected":false},"author":1,"featured_media":0,"parent":0,"menu_order":0,"comment_status":"closed","ping_status":"closed","template":"","meta":{"site-sidebar-layout":"default","site-content-layout":"default","ast-global-header-display":"","ast-banner-title-visibility":"","ast-main-header-display":"","ast-hfb-above-header-display":"","ast-hfb-below-header-display":"","ast-hfb-mobile-header-display":"","site-post-title":"","ast-breadcrumbs-content":"","ast-featured-img":"","footer-sml-layout":"","theme-transparent-header-meta":"","adv-header-id-meta":"","stick-header-meta":"","header-above-stick-meta":"","header-main-stick-meta":"","header-below-stick-meta":"","footnotes":""},"yoast_head":"<!-- This site is optimized with the Yoast SEO plugin v21.7 - https:\/\/yoast.com\/wordpress\/plugins\/seo\/ -->\n<title>ISO 45001:2018 - ProCleaner Reinigungsunternehmen<\/title>\n<meta name=\"description\" content=\"ProCleaner hat eine interne Umweltpolitik, die h\u00f6chste Standards anwendet. Wir handeln zum Wohle der Umwelt, indem wir die Auswirkungen auf das \u00d6kosystem reduzieren.\" \/>\n<meta name=\"robots\" content=\"index, follow, max-snippet:-1, max-image-preview:large, max-video-preview:-1\" \/>\n<link rel=\"canonical\" href=\"https:\/\/procleaner.pl\/iso-45001-2018\/\" \/>\n<meta property=\"og:locale\" content=\"de_DE\" \/>\n<meta property=\"og:type\" content=\"article\" \/>\n<meta property=\"og:title\" content=\"ISO 45001:2018 - ProCleaner Reinigungsunternehmen\" \/>\n<meta property=\"og:description\" content=\"ProCleaner hat eine interne Umweltpolitik, die h\u00f6chste Standards anwendet. Wir handeln zum Wohle der Umwelt, indem wir die Auswirkungen auf das \u00d6kosystem reduzieren.\" \/>\n<meta property=\"og:url\" content=\"https:\/\/procleaner.pl\/iso-45001-2018\/\" \/>\n<meta property=\"og:site_name\" content=\"ProCleaner\" \/>\n<meta property=\"article:publisher\" content=\"https:\/\/www.facebook.com\/ProCleanerPoland\/\" \/>\n<meta property=\"article:modified_time\" content=\"2025-10-07T12:17:28+00:00\" \/>\n<meta property=\"og:image\" content=\"https:\/\/procleaner.pl\/wp-content\/uploads\/2022\/09\/HG-ISO-45001_2018-724x1024.jpg\" \/>\n<meta name=\"twitter:card\" content=\"summary_large_image\" \/>\n<script type=\"application\/ld+json\" class=\"yoast-schema-graph\">{\"@context\":\"https:\/\/schema.org\",\"@graph\":[{\"@type\":\"WebPage\",\"@id\":\"https:\/\/procleaner.pl\/iso-45001-2018\/\",\"url\":\"https:\/\/procleaner.pl\/iso-45001-2018\/\",\"name\":\"ISO 45001:2018 - ProCleaner Reinigungsunternehmen\",\"isPartOf\":{\"@id\":\"https:\/\/procleaner.pl\/#website\"},\"datePublished\":\"2021-04-23T09:11:21+00:00\",\"dateModified\":\"2025-10-07T12:17:28+00:00\",\"description\":\"ProCleaner hat eine interne Umweltpolitik, die h\u00f6chste Standards anwendet. Wir handeln zum Wohle der Umwelt, indem wir die Auswirkungen auf das \u00d6kosystem reduzieren.\",\"breadcrumb\":{\"@id\":\"https:\/\/procleaner.pl\/iso-45001-2018\/#breadcrumb\"},\"inLanguage\":\"de\",\"potentialAction\":[{\"@type\":\"ReadAction\",\"target\":[\"https:\/\/procleaner.pl\/iso-45001-2018\/\"]}]},{\"@type\":\"BreadcrumbList\",\"@id\":\"https:\/\/procleaner.pl\/iso-45001-2018\/#breadcrumb\",\"itemListElement\":[{\"@type\":\"ListItem\",\"position\":1,\"name\":\"Strona g\u0142\u00f3wna\",\"item\":\"https:\/\/procleaner.pl\/\"},{\"@type\":\"ListItem\",\"position\":2,\"name\":\"ISO 45001:2018\"}]},{\"@type\":\"WebSite\",\"@id\":\"https:\/\/procleaner.pl\/#website\",\"url\":\"https:\/\/procleaner.pl\/\",\"name\":\"ProCleaner\",\"description\":\"Firma sprz\u0105taj\u0105ca Wroc\u0142aw, us\u0142ugi sprz\u0105taj\u0105ce we Wroc\u0142awiu\",\"publisher\":{\"@id\":\"https:\/\/procleaner.pl\/#organization\"},\"potentialAction\":[{\"@type\":\"SearchAction\",\"target\":{\"@type\":\"EntryPoint\",\"urlTemplate\":\"https:\/\/procleaner.pl\/?s={search_term_string}\"},\"query-input\":\"required name=search_term_string\"}],\"inLanguage\":\"de\"},{\"@type\":\"Organization\",\"@id\":\"https:\/\/procleaner.pl\/#organization\",\"name\":\"ProCleaner\",\"url\":\"https:\/\/procleaner.pl\/\",\"logo\":{\"@type\":\"ImageObject\",\"inLanguage\":\"de\",\"@id\":\"https:\/\/procleaner.pl\/#\/schema\/logo\/image\/\",\"url\":\"https:\/\/procleaner.pl\/wp-content\/uploads\/2021\/05\/logo2.jpg\",\"contentUrl\":\"https:\/\/procleaner.pl\/wp-content\/uploads\/2021\/05\/logo2.jpg\",\"width\":364,\"height\":79,\"caption\":\"ProCleaner\"},\"image\":{\"@id\":\"https:\/\/procleaner.pl\/#\/schema\/logo\/image\/\"},\"sameAs\":[\"https:\/\/www.facebook.com\/ProCleanerPoland\/\"]}]}<\/script>\n<!-- \/ Yoast SEO plugin. -->","yoast_head_json":{"title":"ISO 45001:2018 - ProCleaner Reinigungsunternehmen","description":"ProCleaner hat eine interne Umweltpolitik, die h\u00f6chste Standards anwendet. Wir handeln zum Wohle der Umwelt, indem wir die Auswirkungen auf das \u00d6kosystem reduzieren.","robots":{"index":"index","follow":"follow","max-snippet":"max-snippet:-1","max-image-preview":"max-image-preview:large","max-video-preview":"max-video-preview:-1"},"canonical":"https:\/\/procleaner.pl\/iso-45001-2018\/","og_locale":"de_DE","og_type":"article","og_title":"ISO 45001:2018 - ProCleaner Reinigungsunternehmen","og_description":"ProCleaner hat eine interne Umweltpolitik, die h\u00f6chste Standards anwendet. Wir handeln zum Wohle der Umwelt, indem wir die Auswirkungen auf das \u00d6kosystem reduzieren.","og_url":"https:\/\/procleaner.pl\/iso-45001-2018\/","og_site_name":"ProCleaner","article_publisher":"https:\/\/www.facebook.com\/ProCleanerPoland\/","article_modified_time":"2025-10-07T12:17:28+00:00","og_image":[{"url":"https:\/\/procleaner.pl\/wp-content\/uploads\/2022\/09\/HG-ISO-45001_2018-724x1024.jpg"}],"twitter_card":"summary_large_image","schema":{"@context":"https:\/\/schema.org","@graph":[{"@type":"WebPage","@id":"https:\/\/procleaner.pl\/iso-45001-2018\/","url":"https:\/\/procleaner.pl\/iso-45001-2018\/","name":"ISO 45001:2018 - ProCleaner Reinigungsunternehmen","isPartOf":{"@id":"https:\/\/procleaner.pl\/#website"},"datePublished":"2021-04-23T09:11:21+00:00","dateModified":"2025-10-07T12:17:28+00:00","description":"ProCleaner hat eine interne Umweltpolitik, die h\u00f6chste Standards anwendet. Wir handeln zum Wohle der Umwelt, indem wir die Auswirkungen auf das \u00d6kosystem reduzieren.","breadcrumb":{"@id":"https:\/\/procleaner.pl\/iso-45001-2018\/#breadcrumb"},"inLanguage":"de","potentialAction":[{"@type":"ReadAction","target":["https:\/\/procleaner.pl\/iso-45001-2018\/"]}]},{"@type":"BreadcrumbList","@id":"https:\/\/procleaner.pl\/iso-45001-2018\/#breadcrumb","itemListElement":[{"@type":"ListItem","position":1,"name":"Strona g\u0142\u00f3wna","item":"https:\/\/procleaner.pl\/"},{"@type":"ListItem","position":2,"name":"ISO 45001:2018"}]},{"@type":"WebSite","@id":"https:\/\/procleaner.pl\/#website","url":"https:\/\/procleaner.pl\/","name":"ProCleaner","description":"Firma sprz\u0105taj\u0105ca Wroc\u0142aw, us\u0142ugi sprz\u0105taj\u0105ce we Wroc\u0142awiu","publisher":{"@id":"https:\/\/procleaner.pl\/#organization"},"potentialAction":[{"@type":"SearchAction","target":{"@type":"EntryPoint","urlTemplate":"https:\/\/procleaner.pl\/?s={search_term_string}"},"query-input":"required name=search_term_string"}],"inLanguage":"de"},{"@type":"Organization","@id":"https:\/\/procleaner.pl\/#organization","name":"ProCleaner","url":"https:\/\/procleaner.pl\/","logo":{"@type":"ImageObject","inLanguage":"de","@id":"https:\/\/procleaner.pl\/#\/schema\/logo\/image\/","url":"https:\/\/procleaner.pl\/wp-content\/uploads\/2021\/05\/logo2.jpg","contentUrl":"https:\/\/procleaner.pl\/wp-content\/uploads\/2021\/05\/logo2.jpg","width":364,"height":79,"caption":"ProCleaner"},"image":{"@id":"https:\/\/procleaner.pl\/#\/schema\/logo\/image\/"},"sameAs":["https:\/\/www.facebook.com\/ProCleanerPoland\/"]}]}},"_links":{"self":[{"href":"https:\/\/procleaner.pl\/de\/wp-json\/wp\/v2\/pages\/10159"}],"collection":[{"href":"https:\/\/procleaner.pl\/de\/wp-json\/wp\/v2\/pages"}],"about":[{"href":"https:\/\/procleaner.pl\/de\/wp-json\/wp\/v2\/types\/page"}],"author":[{"embeddable":true,"href":"https:\/\/procleaner.pl\/de\/wp-json\/wp\/v2\/users\/1"}],"replies":[{"embeddable":true,"href":"https:\/\/procleaner.pl\/de\/wp-json\/wp\/v2\/comments?post=10159"}],"version-history":[{"count":3,"href":"https:\/\/procleaner.pl\/de\/wp-json\/wp\/v2\/pages\/10159\/revisions"}],"predecessor-version":[{"id":10164,"href":"https:\/\/procleaner.pl\/de\/wp-json\/wp\/v2\/pages\/10159\/revisions\/10164"}],"wp:attachment":[{"href":"https:\/\/procleaner.pl\/de\/wp-json\/wp\/v2\/media?parent=10159"}],"curies":[{"name":"wp","href":"https:\/\/api.w.org\/{rel}","templated":true}]}}