{"id":10154,"date":"2021-09-25T05:00:29","date_gmt":"2021-09-25T03:00:29","guid":{"rendered":"https:\/\/procleaner.pl\/iso-90012015\/"},"modified":"2025-10-07T13:57:12","modified_gmt":"2025-10-07T11:57:12","slug":"iso-90012015","status":"publish","type":"page","link":"https:\/\/procleaner.pl\/de\/iso-90012015\/","title":{"rendered":"ISO 9001:2015"},"content":{"rendered":"\t\t<div data-elementor-type=\"wp-page\" data-elementor-id=\"10154\" class=\"elementor elementor-10154 elementor-3698\">\n\t\t\t\t\t\t\t\t\t<section class=\"elementor-section elementor-top-section elementor-element elementor-element-61b3aee elementor-section-full_width elementor-section-height-default elementor-section-height-default\" data-id=\"61b3aee\" data-element_type=\"section\" data-settings=\"{&quot;background_background&quot;:&quot;classic&quot;}\">\n\t\t\t\t\t\t\t<div class=\"elementor-background-overlay\"><\/div>\n\t\t\t\t\t\t\t<div class=\"elementor-container elementor-column-gap-wider\">\n\t\t\t\t\t<div class=\"elementor-column elementor-col-100 elementor-top-column elementor-element elementor-element-294b94c\" data-id=\"294b94c\" data-element_type=\"column\">\n\t\t\t<div class=\"elementor-widget-wrap elementor-element-populated\">\n\t\t\t\t\t\t\t\t<div class=\"elementor-element elementor-element-8f683b8 de_scroll_animation_no elementor-widget elementor-widget-theme-post-title elementor-page-title elementor-widget-heading\" data-id=\"8f683b8\" data-element_type=\"widget\" data-widget_type=\"theme-post-title.default\">\n\t\t\t\t<div class=\"elementor-widget-container\">\n\t\t\t<h1 class=\"elementor-heading-title elementor-size-default\">ISO 9001:2015<\/h1>\t\t<\/div>\n\t\t\t\t<\/div>\n\t\t\t\t\t<\/div>\n\t\t<\/div>\n\t\t\t\t\t\t\t<\/div>\n\t\t<\/section>\n\t\t\t\t<section class=\"elementor-section elementor-top-section elementor-element elementor-element-4ec4c14b elementor-section-boxed elementor-section-height-default elementor-section-height-default\" data-id=\"4ec4c14b\" data-element_type=\"section\">\n\t\t\t\t\t\t<div class=\"elementor-container elementor-column-gap-default\">\n\t\t\t\t\t<div class=\"elementor-column elementor-col-100 elementor-top-column elementor-element elementor-element-1da2fa76\" data-id=\"1da2fa76\" data-element_type=\"column\">\n\t\t\t<div class=\"elementor-widget-wrap elementor-element-populated\">\n\t\t\t\t\t\t\t\t<div class=\"elementor-element elementor-element-100b4b0c de_scroll_animation_no elementor-widget elementor-widget-text-editor\" data-id=\"100b4b0c\" data-element_type=\"widget\" data-widget_type=\"text-editor.default\">\n\t\t\t\t<div class=\"elementor-widget-container\">\n\t\t\t\t\t\t\t\r\n\r\nISO 9001 ist definiert als eine internationale Norm, die Anforderungen an ein Qualit\u00e4tsmanagementsystem (QMS) festlegt. Organisationen nutzen diese Norm, um ihre F\u00e4higkeit unter Beweis zu stellen, Produkte und Dienstleistungen, die den Anforderungen der Kunden und den gesetzlichen Bestimmungen entsprechen, konsistent zu liefern. Es handelt sich um die beliebteste Norm der ISO 9000-Reihe und die einzige Norm dieser Reihe, nach der sich Organisationen zertifizieren lassen k\u00f6nnen.\r\n\r\nISO 9001 basiert auf der Methodik \u201ePlanen-Ausf\u00fchren-\u00dcberpr\u00fcfen-Handeln\u201d und bietet einen prozessorientierten Ansatz zur Dokumentation und \u00dcberpr\u00fcfung der Strukturen, Verantwortlichkeiten und Verfahren, die f\u00fcr ein effektives Qualit\u00e4tsmanagement in einer Organisation erforderlich sind. Die einzelnen Abschnitte der Norm enthalten Informationen zu einer Vielzahl von Themen, darunter:\r\n<ul>\r\n \t<li>Anforderungen an das QMS, einschlie\u00dflich dokumentierter Informationen, Planung und Festlegung von Prozessinteraktionen<\/li>\r\n \t<li>Verantwortlichkeiten der Gesch\u00e4ftsleitung<\/li>\r\n \t<li>Verwaltung der Ressourcen, einschlie\u00dflich der Humanressourcen und der Arbeitsumgebung der Organisation<\/li>\r\n \t<li>Produktrealisierung, einschlie\u00dflich der Phasen vom Entwurf bis zur Lieferung<\/li>\r\n \t<li>Messung, Analyse und Verbesserung des QMS durch Ma\u00dfnahmen wie interne Audits sowie Korrektur- und Vorbeugungsma\u00dfnahmen<\/li>\r\n<\/ul>\r\nDie \u00c4nderungen in der \u00dcberarbeitung der ISO 9001:2015 zielen darauf ab, die ISO 9001 kontinuierlich an die sich wandelnden Umgebungen anzupassen, in denen Organisationen t\u00e4tig sind. Zu den wichtigsten Aktualisierungen der ISO 9001:2015 geh\u00f6ren:\r\n<ul>\r\n \t<li>Einf\u00fchrung neuer Terminologie<\/li>\r\n \t<li>Umstrukturierung bestimmter Informationen<\/li>\r\n \t<li>Fokus auf risikobasiertes Denken zur Verbesserung der Anwendung des prozessorientierten Ansatzes<\/li>\r\n \t<li>Verbesserte Eignung f\u00fcr Dienstleistungen<\/li>\r\n \t<li>Erh\u00f6hte Anforderungen an die F\u00fchrungsqualit\u00e4ten<\/li>\r\n<\/ul>\r\n\t\t\t\t\t\t<\/div>\n\t\t\t\t<\/div>\n\t\t\t\t\t<\/div>\n\t\t<\/div>\n\t\t\t\t\t\t\t<\/div>\n\t\t<\/section>\n\t\t\t\t<section class=\"elementor-section elementor-top-section elementor-element elementor-element-79dc0c3 elementor-section-boxed elementor-section-height-default elementor-section-height-default\" data-id=\"79dc0c3\" data-element_type=\"section\">\n\t\t\t\t\t\t<div class=\"elementor-container elementor-column-gap-default\">\n\t\t\t\t\t<div class=\"elementor-column elementor-col-100 elementor-top-column elementor-element elementor-element-17b4032\" data-id=\"17b4032\" data-element_type=\"column\">\n\t\t\t<div class=\"elementor-widget-wrap elementor-element-populated\">\n\t\t\t\t\t\t\t\t<div class=\"elementor-element elementor-element-c809134 de_scroll_animation_no elementor-widget elementor-widget-image\" data-id=\"c809134\" data-element_type=\"widget\" data-widget_type=\"image.default\">\n\t\t\t\t<div class=\"elementor-widget-container\">\n\t\t\t\t\t\t\t\t\t\t\t\t\t\t\t<img fetchpriority=\"high\" decoding=\"async\" width=\"724\" height=\"1024\" src=\"https:\/\/procleaner.pl\/wp-content\/uploads\/2022\/09\/HG-ISO-9001_2015-724x1024.jpg\" class=\"attachment-large size-large wp-image-5733\" alt=\"HG ISO 9001_2015\" srcset=\"https:\/\/procleaner.pl\/wp-content\/uploads\/2022\/09\/HG-ISO-9001_2015-724x1024.jpg 724w, https:\/\/procleaner.pl\/wp-content\/uploads\/2022\/09\/HG-ISO-9001_2015-212x300.jpg 212w, https:\/\/procleaner.pl\/wp-content\/uploads\/2022\/09\/HG-ISO-9001_2015-768x1086.jpg 768w, https:\/\/procleaner.pl\/wp-content\/uploads\/2022\/09\/HG-ISO-9001_2015-8x12.jpg 8w, https:\/\/procleaner.pl\/wp-content\/uploads\/2022\/09\/HG-ISO-9001_2015.jpg 794w\" sizes=\"(max-width: 724px) 100vw, 724px\" \/>\t\t\t\t\t\t\t\t\t\t\t\t\t\t\t<\/div>\n\t\t\t\t<\/div>\n\t\t\t\t\t<\/div>\n\t\t<\/div>\n\t\t\t\t\t\t\t<\/div>\n\t\t<\/section>\n\t\t\t\t\t\t\t<\/div>\n\t\t","protected":false},"excerpt":{"rendered":"<p>ISO 9001 ist definiert als eine internationale Norm, die Anforderungen an ein Qualit\u00e4tsmanagementsystem (QMS) festlegt. Organisationen nutzen diese Norm, um ihre F\u00e4higkeit unter Beweis zu stellen, Produkte und Dienstleistungen, die den Anforderungen der Kunden und den gesetzlichen Bestimmungen entsprechen, konsistent zu liefern. Es handelt sich um die beliebteste Norm der ISO 9000-Reihe und die einzige &hellip;<\/p>\n<p class=\"read-more\"> <a class=\"\" href=\"https:\/\/procleaner.pl\/de\/iso-90012015\/\"> <span class=\"screen-reader-text\">ISO 9001:2015<\/span> Weiterlesen &raquo;<\/a><\/p>\n","protected":false},"author":1,"featured_media":0,"parent":0,"menu_order":0,"comment_status":"closed","ping_status":"closed","template":"","meta":{"site-sidebar-layout":"default","site-content-layout":"default","ast-global-header-display":"","ast-banner-title-visibility":"","ast-main-header-display":"","ast-hfb-above-header-display":"","ast-hfb-below-header-display":"","ast-hfb-mobile-header-display":"","site-post-title":"","ast-breadcrumbs-content":"","ast-featured-img":"","footer-sml-layout":"","theme-transparent-header-meta":"","adv-header-id-meta":"","stick-header-meta":"","header-above-stick-meta":"","header-main-stick-meta":"","header-below-stick-meta":"","footnotes":""},"yoast_head":"<!-- This site is optimized with the Yoast SEO plugin v21.7 - https:\/\/yoast.com\/wordpress\/plugins\/seo\/ -->\n<title>ISO 14001:2015 - ProCleaner Firma Sprz\u0105taj\u0105ca<\/title>\n<meta name=\"description\" content=\"ProCleaner hat eine interne Umweltpolitik, die h\u00f6chste Standards anwendet. Wir handeln zum Wohle der Umwelt, indem wir die Auswirkungen auf das \u00d6kosystem reduzieren.\" \/>\n<meta name=\"robots\" content=\"index, follow, max-snippet:-1, max-image-preview:large, max-video-preview:-1\" \/>\n<link rel=\"canonical\" href=\"https:\/\/procleaner.pl\/iso-9001-2015\/\" \/>\n<meta property=\"og:locale\" content=\"de_DE\" \/>\n<meta property=\"og:type\" content=\"article\" \/>\n<meta property=\"og:title\" content=\"ISO 14001:2015 - ProCleaner Firma Sprz\u0105taj\u0105ca\" \/>\n<meta property=\"og:description\" content=\"ProCleaner hat eine interne Umweltpolitik, die h\u00f6chste Standards anwendet. Wir handeln zum Wohle der Umwelt, indem wir die Auswirkungen auf das \u00d6kosystem reduzieren.\" \/>\n<meta property=\"og:url\" content=\"https:\/\/procleaner.pl\/iso-9001-2015\/\" \/>\n<meta property=\"og:site_name\" content=\"ProCleaner\" \/>\n<meta property=\"article:publisher\" content=\"https:\/\/www.facebook.com\/ProCleanerPoland\/\" \/>\n<meta property=\"article:modified_time\" content=\"2025-10-07T11:57:12+00:00\" \/>\n<meta property=\"og:image\" content=\"https:\/\/procleaner.pl\/wp-content\/uploads\/2022\/09\/HG-ISO-9001_2015-724x1024.jpg\" \/>\n<meta name=\"twitter:card\" content=\"summary_large_image\" \/>\n<meta name=\"twitter:label1\" content=\"Gesch\u00e4tzte Lesezeit\" \/>\n\t<meta name=\"twitter:data1\" content=\"1\u00a0Minute\" \/>\n<script type=\"application\/ld+json\" class=\"yoast-schema-graph\">{\"@context\":\"https:\/\/schema.org\",\"@graph\":[{\"@type\":\"WebPage\",\"@id\":\"https:\/\/procleaner.pl\/iso-9001-2015\/\",\"url\":\"https:\/\/procleaner.pl\/iso-9001-2015\/\",\"name\":\"ISO 14001:2015 - ProCleaner Firma Sprz\u0105taj\u0105ca\",\"isPartOf\":{\"@id\":\"https:\/\/procleaner.pl\/#website\"},\"datePublished\":\"2021-09-25T03:00:29+00:00\",\"dateModified\":\"2025-10-07T11:57:12+00:00\",\"description\":\"ProCleaner hat eine interne Umweltpolitik, die h\u00f6chste Standards anwendet. Wir handeln zum Wohle der Umwelt, indem wir die Auswirkungen auf das \u00d6kosystem reduzieren.\",\"breadcrumb\":{\"@id\":\"https:\/\/procleaner.pl\/iso-9001-2015\/#breadcrumb\"},\"inLanguage\":\"de\",\"potentialAction\":[{\"@type\":\"ReadAction\",\"target\":[\"https:\/\/procleaner.pl\/iso-9001-2015\/\"]}]},{\"@type\":\"BreadcrumbList\",\"@id\":\"https:\/\/procleaner.pl\/iso-9001-2015\/#breadcrumb\",\"itemListElement\":[{\"@type\":\"ListItem\",\"position\":1,\"name\":\"Strona g\u0142\u00f3wna\",\"item\":\"https:\/\/procleaner.pl\/\"},{\"@type\":\"ListItem\",\"position\":2,\"name\":\"ISO 9001:2015\"}]},{\"@type\":\"WebSite\",\"@id\":\"https:\/\/procleaner.pl\/#website\",\"url\":\"https:\/\/procleaner.pl\/\",\"name\":\"ProCleaner\",\"description\":\"Firma sprz\u0105taj\u0105ca Wroc\u0142aw, us\u0142ugi sprz\u0105taj\u0105ce we Wroc\u0142awiu\",\"publisher\":{\"@id\":\"https:\/\/procleaner.pl\/#organization\"},\"potentialAction\":[{\"@type\":\"SearchAction\",\"target\":{\"@type\":\"EntryPoint\",\"urlTemplate\":\"https:\/\/procleaner.pl\/?s={search_term_string}\"},\"query-input\":\"required name=search_term_string\"}],\"inLanguage\":\"de\"},{\"@type\":\"Organization\",\"@id\":\"https:\/\/procleaner.pl\/#organization\",\"name\":\"ProCleaner\",\"url\":\"https:\/\/procleaner.pl\/\",\"logo\":{\"@type\":\"ImageObject\",\"inLanguage\":\"de\",\"@id\":\"https:\/\/procleaner.pl\/#\/schema\/logo\/image\/\",\"url\":\"https:\/\/procleaner.pl\/wp-content\/uploads\/2021\/05\/logo2.jpg\",\"contentUrl\":\"https:\/\/procleaner.pl\/wp-content\/uploads\/2021\/05\/logo2.jpg\",\"width\":364,\"height\":79,\"caption\":\"ProCleaner\"},\"image\":{\"@id\":\"https:\/\/procleaner.pl\/#\/schema\/logo\/image\/\"},\"sameAs\":[\"https:\/\/www.facebook.com\/ProCleanerPoland\/\"]}]}<\/script>\n<!-- \/ Yoast SEO plugin. -->","yoast_head_json":{"title":"ISO 14001:2015 - ProCleaner Firma Sprz\u0105taj\u0105ca","description":"ProCleaner hat eine interne Umweltpolitik, die h\u00f6chste Standards anwendet. Wir handeln zum Wohle der Umwelt, indem wir die Auswirkungen auf das \u00d6kosystem reduzieren.","robots":{"index":"index","follow":"follow","max-snippet":"max-snippet:-1","max-image-preview":"max-image-preview:large","max-video-preview":"max-video-preview:-1"},"canonical":"https:\/\/procleaner.pl\/iso-9001-2015\/","og_locale":"de_DE","og_type":"article","og_title":"ISO 14001:2015 - ProCleaner Firma Sprz\u0105taj\u0105ca","og_description":"ProCleaner hat eine interne Umweltpolitik, die h\u00f6chste Standards anwendet. Wir handeln zum Wohle der Umwelt, indem wir die Auswirkungen auf das \u00d6kosystem reduzieren.","og_url":"https:\/\/procleaner.pl\/iso-9001-2015\/","og_site_name":"ProCleaner","article_publisher":"https:\/\/www.facebook.com\/ProCleanerPoland\/","article_modified_time":"2025-10-07T11:57:12+00:00","og_image":[{"url":"https:\/\/procleaner.pl\/wp-content\/uploads\/2022\/09\/HG-ISO-9001_2015-724x1024.jpg"}],"twitter_card":"summary_large_image","twitter_misc":{"Gesch\u00e4tzte Lesezeit":"1\u00a0Minute"},"schema":{"@context":"https:\/\/schema.org","@graph":[{"@type":"WebPage","@id":"https:\/\/procleaner.pl\/iso-9001-2015\/","url":"https:\/\/procleaner.pl\/iso-9001-2015\/","name":"ISO 14001:2015 - ProCleaner Firma Sprz\u0105taj\u0105ca","isPartOf":{"@id":"https:\/\/procleaner.pl\/#website"},"datePublished":"2021-09-25T03:00:29+00:00","dateModified":"2025-10-07T11:57:12+00:00","description":"ProCleaner hat eine interne Umweltpolitik, die h\u00f6chste Standards anwendet. Wir handeln zum Wohle der Umwelt, indem wir die Auswirkungen auf das \u00d6kosystem reduzieren.","breadcrumb":{"@id":"https:\/\/procleaner.pl\/iso-9001-2015\/#breadcrumb"},"inLanguage":"de","potentialAction":[{"@type":"ReadAction","target":["https:\/\/procleaner.pl\/iso-9001-2015\/"]}]},{"@type":"BreadcrumbList","@id":"https:\/\/procleaner.pl\/iso-9001-2015\/#breadcrumb","itemListElement":[{"@type":"ListItem","position":1,"name":"Strona g\u0142\u00f3wna","item":"https:\/\/procleaner.pl\/"},{"@type":"ListItem","position":2,"name":"ISO 9001:2015"}]},{"@type":"WebSite","@id":"https:\/\/procleaner.pl\/#website","url":"https:\/\/procleaner.pl\/","name":"ProCleaner","description":"Firma sprz\u0105taj\u0105ca Wroc\u0142aw, us\u0142ugi sprz\u0105taj\u0105ce we Wroc\u0142awiu","publisher":{"@id":"https:\/\/procleaner.pl\/#organization"},"potentialAction":[{"@type":"SearchAction","target":{"@type":"EntryPoint","urlTemplate":"https:\/\/procleaner.pl\/?s={search_term_string}"},"query-input":"required name=search_term_string"}],"inLanguage":"de"},{"@type":"Organization","@id":"https:\/\/procleaner.pl\/#organization","name":"ProCleaner","url":"https:\/\/procleaner.pl\/","logo":{"@type":"ImageObject","inLanguage":"de","@id":"https:\/\/procleaner.pl\/#\/schema\/logo\/image\/","url":"https:\/\/procleaner.pl\/wp-content\/uploads\/2021\/05\/logo2.jpg","contentUrl":"https:\/\/procleaner.pl\/wp-content\/uploads\/2021\/05\/logo2.jpg","width":364,"height":79,"caption":"ProCleaner"},"image":{"@id":"https:\/\/procleaner.pl\/#\/schema\/logo\/image\/"},"sameAs":["https:\/\/www.facebook.com\/ProCleanerPoland\/"]}]}},"_links":{"self":[{"href":"https:\/\/procleaner.pl\/de\/wp-json\/wp\/v2\/pages\/10154"}],"collection":[{"href":"https:\/\/procleaner.pl\/de\/wp-json\/wp\/v2\/pages"}],"about":[{"href":"https:\/\/procleaner.pl\/de\/wp-json\/wp\/v2\/types\/page"}],"author":[{"embeddable":true,"href":"https:\/\/procleaner.pl\/de\/wp-json\/wp\/v2\/users\/1"}],"replies":[{"embeddable":true,"href":"https:\/\/procleaner.pl\/de\/wp-json\/wp\/v2\/comments?post=10154"}],"version-history":[{"count":3,"href":"https:\/\/procleaner.pl\/de\/wp-json\/wp\/v2\/pages\/10154\/revisions"}],"predecessor-version":[{"id":10158,"href":"https:\/\/procleaner.pl\/de\/wp-json\/wp\/v2\/pages\/10154\/revisions\/10158"}],"wp:attachment":[{"href":"https:\/\/procleaner.pl\/de\/wp-json\/wp\/v2\/media?parent=10154"}],"curies":[{"name":"wp","href":"https:\/\/api.w.org\/{rel}","templated":true}]}}