{"id":10147,"date":"2023-11-10T09:43:11","date_gmt":"2023-11-10T08:43:11","guid":{"rendered":"https:\/\/procleaner.pl\/desinfektion\/"},"modified":"2025-10-07T13:36:23","modified_gmt":"2025-10-07T11:36:23","slug":"desinfektion","status":"publish","type":"page","link":"https:\/\/procleaner.pl\/de\/desinfektion\/","title":{"rendered":"Desinfektion"},"content":{"rendered":"\t\t<div data-elementor-type=\"wp-page\" data-elementor-id=\"10147\" class=\"elementor elementor-10147 elementor-7586\">\n\t\t\t\t\t\t\t\t\t<section class=\"elementor-section elementor-top-section elementor-element elementor-element-3a6c5204 elementor-section-full_width elementor-section-height-default elementor-section-height-default\" data-id=\"3a6c5204\" data-element_type=\"section\">\n\t\t\t\t\t\t\t<div class=\"elementor-background-overlay\"><\/div>\n\t\t\t\t\t\t\t<div class=\"elementor-container elementor-column-gap-wider\">\n\t\t\t\t\t<div class=\"elementor-column elementor-col-100 elementor-top-column elementor-element elementor-element-115bf32e\" data-id=\"115bf32e\" data-element_type=\"column\">\n\t\t\t<div class=\"elementor-widget-wrap elementor-element-populated\">\n\t\t\t\t\t\t\t\t<div class=\"elementor-element elementor-element-7ba13388 de_scroll_animation_no elementor-widget elementor-widget-theme-post-title elementor-page-title elementor-widget-heading\" data-id=\"7ba13388\" data-element_type=\"widget\" data-widget_type=\"theme-post-title.default\">\n\t\t\t\t<div class=\"elementor-widget-container\">\n\t\t\t<h1 class=\"elementor-heading-title elementor-size-default\">Desinfektion<\/h1>\t\t<\/div>\n\t\t\t\t<\/div>\n\t\t\t\t\t<\/div>\n\t\t<\/div>\n\t\t\t\t\t\t\t<\/div>\n\t\t<\/section>\n\t\t\t\t<section class=\"elementor-section elementor-top-section elementor-element elementor-element-3dd892fd elementor-section-boxed elementor-section-height-default elementor-section-height-default\" data-id=\"3dd892fd\" data-element_type=\"section\">\n\t\t\t\t\t\t<div class=\"elementor-container elementor-column-gap-extended\">\n\t\t\t\t\t<div class=\"elementor-column elementor-col-50 elementor-top-column elementor-element elementor-element-7b8639de\" data-id=\"7b8639de\" data-element_type=\"column\">\n\t\t\t<div class=\"elementor-widget-wrap elementor-element-populated\">\n\t\t\t\t\t\t\t\t<div class=\"elementor-element elementor-element-12367a0f de_scroll_animation_no elementor-widget elementor-widget-image\" data-id=\"12367a0f\" data-element_type=\"widget\" data-widget_type=\"image.default\">\n\t\t\t\t<div class=\"elementor-widget-container\">\n\t\t\t\t\t\t\t\t\t\t\t\t\t\t\t<img fetchpriority=\"high\" decoding=\"async\" width=\"1024\" height=\"684\" src=\"https:\/\/procleaner.pl\/wp-content\/uploads\/2021\/09\/dezynfekcja-dezynsekcja-deratyzacja-1024x684.webp\" class=\"attachment-large size-large wp-image-3629\" alt=\"dezynfekcja dezynsekcja deratyzacja\" srcset=\"https:\/\/procleaner.pl\/wp-content\/uploads\/2021\/09\/dezynfekcja-dezynsekcja-deratyzacja-1024x684.webp 1024w, https:\/\/procleaner.pl\/wp-content\/uploads\/2021\/09\/dezynfekcja-dezynsekcja-deratyzacja-300x200.webp 300w, https:\/\/procleaner.pl\/wp-content\/uploads\/2021\/09\/dezynfekcja-dezynsekcja-deratyzacja-768x513.webp 768w, https:\/\/procleaner.pl\/wp-content\/uploads\/2021\/09\/dezynfekcja-dezynsekcja-deratyzacja.webp 1200w\" sizes=\"(max-width: 1024px) 100vw, 1024px\" \/>\t\t\t\t\t\t\t\t\t\t\t\t\t\t\t<\/div>\n\t\t\t\t<\/div>\n\t\t\t\t\t<\/div>\n\t\t<\/div>\n\t\t\t\t<div class=\"elementor-column elementor-col-50 elementor-top-column elementor-element elementor-element-186436b\" data-id=\"186436b\" data-element_type=\"column\" data-settings=\"{&quot;background_background&quot;:&quot;classic&quot;}\">\n\t\t\t<div class=\"elementor-widget-wrap elementor-element-populated\">\n\t\t\t\t\t\t\t\t<div class=\"elementor-element elementor-element-4add3d3a de_scroll_animation_no elementor-widget elementor-widget-text-editor\" data-id=\"4add3d3a\" data-element_type=\"widget\" data-widget_type=\"text-editor.default\">\n\t\t\t\t<div class=\"elementor-widget-container\">\n\t\t\t\t\t\t\t<h3>Desinfektion, Sch\u00e4dlingsbek\u00e4mpfung, Rattenbek\u00e4mpfung?<\/h3>\n<h5>Sehen Sie, wen wir Ihnen empfehlen k\u00f6nnen<\/h5>\n<p>Bei ProCleaner bieten wir keine DDD-Dienstleistungen an. Wir k\u00f6nnen Ihnen jedoch die Dienstleistungen eines befreundeten Unternehmens empfehlen, das diese Dienstleistungen professionell ausf\u00fchrt.<br \/>\nAuch in ganz Polen.<\/p>\n\t\t\t\t\t\t<\/div>\n\t\t\t\t<\/div>\n\t\t\t\t<div class=\"elementor-element elementor-element-4afd2f2f elementor-widget__width-inherit elementor-mobile-align-center de_scroll_animation_no elementor-widget elementor-widget-button\" data-id=\"4afd2f2f\" data-element_type=\"widget\" data-widget_type=\"button.default\">\n\t\t\t\t<div class=\"elementor-widget-container\">\n\t\t\t\t\t<div class=\"elementor-button-wrapper\">\n\t\t\t<a class=\"elementor-button elementor-button-link elementor-size-md elementor-animation-float\" href=\"https:\/\/www.inseesolutions.pl\/\">\n\t\t\t\t\t\t<span class=\"elementor-button-content-wrapper\">\n\t\t\t\t\t\t<span class=\"elementor-button-icon elementor-align-icon-right\">\n\t\t\t\t<i aria-hidden=\"true\" class=\"icon icon-right-arrow\"><\/i>\t\t\t<\/span>\n\t\t\t\t\t\t<span class=\"elementor-button-text\">Nutzen Sie die Dienste von InSee<\/span>\n\t\t<\/span>\n\t\t\t\t\t<\/a>\n\t\t<\/div>\n\t\t\t\t<\/div>\n\t\t\t\t<\/div>\n\t\t\t\t\t<\/div>\n\t\t<\/div>\n\t\t\t\t\t\t\t<\/div>\n\t\t<\/section>\n\t\t\t\t<section class=\"elementor-section elementor-top-section elementor-element elementor-element-5bbd5129 elementor-section-boxed elementor-section-height-default elementor-section-height-default\" data-id=\"5bbd5129\" data-element_type=\"section\">\n\t\t\t\t\t\t<div class=\"elementor-container elementor-column-gap-default\">\n\t\t\t\t\t<div class=\"elementor-column elementor-col-100 elementor-top-column elementor-element elementor-element-478031b2\" data-id=\"478031b2\" data-element_type=\"column\">\n\t\t\t<div class=\"elementor-widget-wrap elementor-element-populated\">\n\t\t\t\t\t\t\t\t<div class=\"elementor-element elementor-element-c8c3405 de_scroll_animation_no elementor-widget elementor-widget-text-editor\" data-id=\"c8c3405\" data-element_type=\"widget\" data-widget_type=\"text-editor.default\">\n\t\t\t\t<div class=\"elementor-widget-container\">\n\t\t\t\t\t\t\t<h3 style=\"text-align: center;\">Sehen Sie sich auch unsere anderen Dienstleistungen an:<\/h3>\n\t\t\t\t\t\t<\/div>\n\t\t\t\t<\/div>\n\t\t\t\t\t<\/div>\n\t\t<\/div>\n\t\t\t\t\t\t\t<\/div>\n\t\t<\/section>\n\t\t\t\t<section class=\"elementor-section elementor-top-section elementor-element elementor-element-34e77cd4 elementor-section-boxed elementor-section-height-default elementor-section-height-default\" data-id=\"34e77cd4\" data-element_type=\"section\">\n\t\t\t\t\t\t<div class=\"elementor-container elementor-column-gap-default\">\n\t\t\t\t\t<div class=\"de-column-clickable-elementor elementor-column elementor-col-16 elementor-top-column elementor-element elementor-element-2c05a47b\" style=\"cursor: pointer;\" data-column-clickable=\"https:\/\/procleaner.pl\/sprzatanie-hal-magazynowych\/\" data-column-clickable-blank=\"_self\" data-id=\"2c05a47b\" data-element_type=\"column\">\n\t\t\t<div class=\"elementor-widget-wrap elementor-element-populated\">\n\t\t\t\t\t\t\t\t<div class=\"elementor-element elementor-element-61957e78 de_scroll_animation_no elementor-widget elementor-widget-image\" data-id=\"61957e78\" data-element_type=\"widget\" data-widget_type=\"image.default\">\n\t\t\t\t<div class=\"elementor-widget-container\">\n\t\t\t\t\t\t\t\t\t\t\t\t\t\t\t<img decoding=\"async\" src=\"https:\/\/procleaner.pl\/wp-content\/uploads\/elementor\/thumbs\/sprzatanie-magazynow-p8xz0lg4c0ee5me6kur7lw20dybpj7oz0d9ejh409o.png\" title=\"sprzatanie-magazynow\" alt=\"sprz\u0105tanie magazyn\u00f3w\" loading=\"lazy\" \/>\t\t\t\t\t\t\t\t\t\t\t\t\t\t\t<\/div>\n\t\t\t\t<\/div>\n\t\t\t\t<div class=\"elementor-element elementor-element-5b23ff3f de_scroll_animation_no elementor-widget elementor-widget-text-editor\" data-id=\"5b23ff3f\" data-element_type=\"widget\" data-widget_type=\"text-editor.default\">\n\t\t\t\t<div class=\"elementor-widget-container\">\n\t\t\t\t\t\t\t<h5 style=\"text-align: center;\">Lagerhallen<\/h5>\n\t\t\t\t\t\t<\/div>\n\t\t\t\t<\/div>\n\t\t\t\t\t<\/div>\n\t\t<\/div>\n\t\t\t\t<div class=\"de-column-clickable-elementor elementor-column elementor-col-16 elementor-top-column elementor-element elementor-element-593b6cd\" style=\"cursor: pointer;\" data-column-clickable=\"https:\/\/procleaner.pl\/sprzatanie-hoteli\/\" data-column-clickable-blank=\"_self\" data-id=\"593b6cd\" data-element_type=\"column\">\n\t\t\t<div class=\"elementor-widget-wrap elementor-element-populated\">\n\t\t\t\t\t\t\t\t<div class=\"elementor-element elementor-element-1091285a de_scroll_animation_no elementor-widget elementor-widget-image\" data-id=\"1091285a\" data-element_type=\"widget\" data-widget_type=\"image.default\">\n\t\t\t\t<div class=\"elementor-widget-container\">\n\t\t\t\t\t\t\t\t\t\t\t\t\t\t\t<img decoding=\"async\" src=\"https:\/\/procleaner.pl\/wp-content\/uploads\/elementor\/thumbs\/sprzatanie-hoteli-p8xznpbace15kituncc1ek4y3yfjrcff6qm49culb0.png\" title=\"sprzatanie-hoteli\" alt=\"sprz\u0105tanie hoteli\" loading=\"lazy\" \/>\t\t\t\t\t\t\t\t\t\t\t\t\t\t\t<\/div>\n\t\t\t\t<\/div>\n\t\t\t\t<div class=\"elementor-element elementor-element-2d9ee3a0 de_scroll_animation_no elementor-widget elementor-widget-text-editor\" data-id=\"2d9ee3a0\" data-element_type=\"widget\" data-widget_type=\"text-editor.default\">\n\t\t\t\t<div class=\"elementor-widget-container\">\n\t\t\t\t\t\t\t<h5 style=\"text-align: center;\">Hotels<\/h5>\n\t\t\t\t\t\t<\/div>\n\t\t\t\t<\/div>\n\t\t\t\t\t<\/div>\n\t\t<\/div>\n\t\t\t\t<div class=\"de-column-clickable-elementor elementor-column elementor-col-16 elementor-top-column elementor-element elementor-element-4184c266\" style=\"cursor: pointer;\" data-column-clickable=\"https:\/\/procleaner.pl\/sprzatanie-jednostek-sluzby-zdrowia\/\" data-column-clickable-blank=\"_self\" data-id=\"4184c266\" data-element_type=\"column\">\n\t\t\t<div class=\"elementor-widget-wrap elementor-element-populated\">\n\t\t\t\t\t\t\t\t<div class=\"elementor-element elementor-element-2fbafb2d de_scroll_animation_no elementor-widget elementor-widget-image\" data-id=\"2fbafb2d\" data-element_type=\"widget\" data-widget_type=\"image.default\">\n\t\t\t\t<div class=\"elementor-widget-container\">\n\t\t\t\t\t\t\t\t\t\t\t\t\t\t\t<img decoding=\"async\" width=\"150\" height=\"150\" src=\"https:\/\/procleaner.pl\/wp-content\/uploads\/2021\/06\/sprzatanie-placowek-medycznych-150x150.png\" class=\"attachment-thumbnail size-thumbnail wp-image-2631\" alt=\"sprz\u0105tanie plac\u00f3wek medycznych\" srcset=\"https:\/\/procleaner.pl\/wp-content\/uploads\/2021\/06\/sprzatanie-placowek-medycznych-150x150.png 150w, https:\/\/procleaner.pl\/wp-content\/uploads\/2021\/06\/sprzatanie-placowek-medycznych-300x300.png 300w, https:\/\/procleaner.pl\/wp-content\/uploads\/2021\/06\/sprzatanie-placowek-medycznych.png 450w\" sizes=\"(max-width: 150px) 100vw, 150px\" \/>\t\t\t\t\t\t\t\t\t\t\t\t\t\t\t<\/div>\n\t\t\t\t<\/div>\n\t\t\t\t<div class=\"elementor-element elementor-element-337c688b de_scroll_animation_no elementor-widget elementor-widget-text-editor\" data-id=\"337c688b\" data-element_type=\"widget\" data-widget_type=\"text-editor.default\">\n\t\t\t\t<div class=\"elementor-widget-container\">\n\t\t\t\t\t\t\t<h5 style=\"text-align: center;\">Gesundheitswesen<\/h5>\n\t\t\t\t\t\t<\/div>\n\t\t\t\t<\/div>\n\t\t\t\t\t<\/div>\n\t\t<\/div>\n\t\t\t\t<div class=\"de-column-clickable-elementor elementor-column elementor-col-16 elementor-top-column elementor-element elementor-element-4e6ff006\" style=\"cursor: pointer;\" data-column-clickable=\"https:\/\/procleaner.pl\/sprzatanie-obiektow-handlowych\/\" data-column-clickable-blank=\"_self\" data-id=\"4e6ff006\" data-element_type=\"column\">\n\t\t\t<div class=\"elementor-widget-wrap elementor-element-populated\">\n\t\t\t\t\t\t\t\t<div class=\"elementor-element elementor-element-ab9835 de_scroll_animation_no elementor-widget elementor-widget-image\" data-id=\"ab9835\" data-element_type=\"widget\" data-widget_type=\"image.default\">\n\t\t\t\t<div class=\"elementor-widget-container\">\n\t\t\t\t\t\t\t\t\t\t\t\t\t\t\t<img decoding=\"async\" width=\"150\" height=\"150\" src=\"https:\/\/procleaner.pl\/wp-content\/uploads\/2021\/06\/sprzatanie-galerii-handlowych-150x150.png\" class=\"attachment-thumbnail size-thumbnail wp-image-2619\" alt=\"sprz\u0105tanie obiekt\u00f3w handlowych\" srcset=\"https:\/\/procleaner.pl\/wp-content\/uploads\/2021\/06\/sprzatanie-galerii-handlowych-150x150.png 150w, https:\/\/procleaner.pl\/wp-content\/uploads\/2021\/06\/sprzatanie-galerii-handlowych-300x300.png 300w, https:\/\/procleaner.pl\/wp-content\/uploads\/2021\/06\/sprzatanie-galerii-handlowych.png 450w\" sizes=\"(max-width: 150px) 100vw, 150px\" \/>\t\t\t\t\t\t\t\t\t\t\t\t\t\t\t<\/div>\n\t\t\t\t<\/div>\n\t\t\t\t<div class=\"elementor-element elementor-element-78bc57d4 de_scroll_animation_no elementor-widget elementor-widget-text-editor\" data-id=\"78bc57d4\" data-element_type=\"widget\" data-widget_type=\"text-editor.default\">\n\t\t\t\t<div class=\"elementor-widget-container\">\n\t\t\t\t\t\t\t<h5 style=\"text-align: center;\">Gewerbeimmobilien<\/h5>\n\t\t\t\t\t\t<\/div>\n\t\t\t\t<\/div>\n\t\t\t\t\t<\/div>\n\t\t<\/div>\n\t\t\t\t<div class=\"de-column-clickable-elementor elementor-column elementor-col-16 elementor-top-column elementor-element elementor-element-79fc3d6b\" style=\"cursor: pointer;\" data-column-clickable=\"https:\/\/procleaner.pl\/sprzatanie-obiektow-kulturalnych-i-edukacyjnych\/\" data-column-clickable-blank=\"_self\" data-id=\"79fc3d6b\" data-element_type=\"column\">\n\t\t\t<div class=\"elementor-widget-wrap elementor-element-populated\">\n\t\t\t\t\t\t\t\t<div class=\"elementor-element elementor-element-23484b2a de_scroll_animation_no elementor-widget elementor-widget-image\" data-id=\"23484b2a\" data-element_type=\"widget\" data-widget_type=\"image.default\">\n\t\t\t\t<div class=\"elementor-widget-container\">\n\t\t\t\t\t\t\t\t\t\t\t\t\t\t\t<img loading=\"lazy\" decoding=\"async\" width=\"150\" height=\"150\" src=\"https:\/\/procleaner.pl\/wp-content\/uploads\/2021\/06\/sprzatanie-obiektow-kulturowych-150x150.png\" class=\"attachment-thumbnail size-thumbnail wp-image-2621\" alt=\"sprz\u0105tanie obiekt\u00f3w kulturalno edukacyjnych\" srcset=\"https:\/\/procleaner.pl\/wp-content\/uploads\/2021\/06\/sprzatanie-obiektow-kulturowych-150x150.png 150w, https:\/\/procleaner.pl\/wp-content\/uploads\/2021\/06\/sprzatanie-obiektow-kulturowych-300x300.png 300w, https:\/\/procleaner.pl\/wp-content\/uploads\/2021\/06\/sprzatanie-obiektow-kulturowych.png 450w\" sizes=\"(max-width: 150px) 100vw, 150px\" \/>\t\t\t\t\t\t\t\t\t\t\t\t\t\t\t<\/div>\n\t\t\t\t<\/div>\n\t\t\t\t<div class=\"elementor-element elementor-element-555bd2c de_scroll_animation_no elementor-widget elementor-widget-text-editor\" data-id=\"555bd2c\" data-element_type=\"widget\" data-widget_type=\"text-editor.default\">\n\t\t\t\t<div class=\"elementor-widget-container\">\n\t\t\t\t\t\t\t<h5 style=\"text-align: center;\">Kultur- und Bildungseinrichtungen<\/h5>\n\t\t\t\t\t\t<\/div>\n\t\t\t\t<\/div>\n\t\t\t\t\t<\/div>\n\t\t<\/div>\n\t\t\t\t<div class=\"de-column-clickable-elementor elementor-column elementor-col-16 elementor-top-column elementor-element elementor-element-63267497\" style=\"cursor: pointer;\" data-column-clickable=\"https:\/\/procleaner.pl\/obiekty-sportowo-rekreacyjne\/\" data-column-clickable-blank=\"_self\" data-id=\"63267497\" data-element_type=\"column\">\n\t\t\t<div class=\"elementor-widget-wrap elementor-element-populated\">\n\t\t\t\t\t\t\t\t<div class=\"elementor-element elementor-element-1a21bf30 de_scroll_animation_no elementor-widget elementor-widget-image\" data-id=\"1a21bf30\" data-element_type=\"widget\" data-widget_type=\"image.default\">\n\t\t\t\t<div class=\"elementor-widget-container\">\n\t\t\t\t\t\t\t\t\t\t\t\t\t\t\t<img loading=\"lazy\" decoding=\"async\" width=\"150\" height=\"150\" src=\"https:\/\/procleaner.pl\/wp-content\/uploads\/2021\/06\/sprzatanie-obiektow-sportowych-150x150.png\" class=\"attachment-thumbnail size-thumbnail wp-image-2620\" alt=\"sprz\u0105tanie obiekt\u00f3w sportowo rekreacyjnych\" srcset=\"https:\/\/procleaner.pl\/wp-content\/uploads\/2021\/06\/sprzatanie-obiektow-sportowych-150x150.png 150w, https:\/\/procleaner.pl\/wp-content\/uploads\/2021\/06\/sprzatanie-obiektow-sportowych-300x300.png 300w, https:\/\/procleaner.pl\/wp-content\/uploads\/2021\/06\/sprzatanie-obiektow-sportowych.png 450w\" sizes=\"(max-width: 150px) 100vw, 150px\" \/>\t\t\t\t\t\t\t\t\t\t\t\t\t\t\t<\/div>\n\t\t\t\t<\/div>\n\t\t\t\t<div class=\"elementor-element elementor-element-5c2fa838 de_scroll_animation_no elementor-widget elementor-widget-text-editor\" data-id=\"5c2fa838\" data-element_type=\"widget\" data-widget_type=\"text-editor.default\">\n\t\t\t\t<div class=\"elementor-widget-container\">\n\t\t\t\t\t\t\t<h5 style=\"text-align: center;\">Sport- und Freizeitanlagen<\/h5>\n\t\t\t\t\t\t<\/div>\n\t\t\t\t<\/div>\n\t\t\t\t\t<\/div>\n\t\t<\/div>\n\t\t\t\t\t\t\t<\/div>\n\t\t<\/section>\n\t\t\t\t\t\t\t<\/div>\n\t\t","protected":false},"excerpt":{"rendered":"<p>Desinfektion, Sch\u00e4dlingsbek\u00e4mpfung, Rattenbek\u00e4mpfung? Sehen Sie, wen wir Ihnen empfehlen k\u00f6nnen Bei ProCleaner bieten wir keine DDD-Dienstleistungen an. Wir k\u00f6nnen Ihnen jedoch die Dienstleistungen eines befreundeten Unternehmens empfehlen, das diese Dienstleistungen professionell ausf\u00fchrt. Auch in ganz Polen. Nutzen Sie die Dienste von InSee Sehen Sie sich auch unsere anderen Dienstleistungen an: Lagerhallen Hotels Gesundheitswesen Gewerbeimmobilien Kultur- &hellip;<\/p>\n<p class=\"read-more\"> <a class=\"\" href=\"https:\/\/procleaner.pl\/de\/desinfektion\/\"> <span class=\"screen-reader-text\">Desinfektion<\/span> Weiterlesen &raquo;<\/a><\/p>\n","protected":false},"author":1,"featured_media":0,"parent":0,"menu_order":0,"comment_status":"closed","ping_status":"closed","template":"elementor_theme","meta":{"site-sidebar-layout":"no-sidebar","site-content-layout":"page-builder","ast-global-header-display":"","ast-banner-title-visibility":"","ast-main-header-display":"","ast-hfb-above-header-display":"","ast-hfb-below-header-display":"","ast-hfb-mobile-header-display":"","site-post-title":"disabled","ast-breadcrumbs-content":"","ast-featured-img":"disabled","footer-sml-layout":"","theme-transparent-header-meta":"","adv-header-id-meta":"","stick-header-meta":"","header-above-stick-meta":"","header-main-stick-meta":"","header-below-stick-meta":"","footnotes":""},"yoast_head":"<!-- This site is optimized with the Yoast SEO plugin v21.7 - https:\/\/yoast.com\/wordpress\/plugins\/seo\/ -->\n<title>Desinfektion - ProCleaner<\/title>\n<meta name=\"robots\" content=\"index, follow, max-snippet:-1, max-image-preview:large, max-video-preview:-1\" \/>\n<link rel=\"canonical\" href=\"https:\/\/procleaner.pl\/dezynfekcja-pomieszczen-zamglawianie\/\" \/>\n<meta property=\"og:locale\" content=\"de_DE\" \/>\n<meta property=\"og:type\" content=\"article\" \/>\n<meta property=\"og:title\" content=\"Desinfektion - ProCleaner\" \/>\n<meta property=\"og:description\" content=\"Desinfektion, Sch\u00e4dlingsbek\u00e4mpfung, Rattenbek\u00e4mpfung? Sehen Sie, wen wir Ihnen empfehlen k\u00f6nnen Bei ProCleaner bieten wir keine DDD-Dienstleistungen an. Wir k\u00f6nnen Ihnen jedoch die Dienstleistungen eines befreundeten Unternehmens empfehlen, das diese Dienstleistungen professionell ausf\u00fchrt. Auch in ganz Polen. Nutzen Sie die Dienste von InSee Sehen Sie sich auch unsere anderen Dienstleistungen an: Lagerhallen Hotels Gesundheitswesen Gewerbeimmobilien Kultur- &hellip; Desinfektion Weiterlesen &raquo;\" \/>\n<meta property=\"og:url\" content=\"https:\/\/procleaner.pl\/dezynfekcja-pomieszczen-zamglawianie\/\" \/>\n<meta property=\"og:site_name\" content=\"ProCleaner\" \/>\n<meta property=\"article:publisher\" content=\"https:\/\/www.facebook.com\/ProCleanerPoland\/\" \/>\n<meta property=\"article:modified_time\" content=\"2025-10-07T11:36:23+00:00\" \/>\n<meta property=\"og:image\" content=\"https:\/\/procleaner.pl\/wp-content\/uploads\/2021\/09\/dezynfekcja-dezynsekcja-deratyzacja-1024x684.webp\" \/>\n<meta name=\"twitter:card\" content=\"summary_large_image\" \/>\n<script type=\"application\/ld+json\" class=\"yoast-schema-graph\">{\"@context\":\"https:\/\/schema.org\",\"@graph\":[{\"@type\":\"WebPage\",\"@id\":\"https:\/\/procleaner.pl\/dezynfekcja-pomieszczen-zamglawianie\/\",\"url\":\"https:\/\/procleaner.pl\/dezynfekcja-pomieszczen-zamglawianie\/\",\"name\":\"Desinfektion - ProCleaner\",\"isPartOf\":{\"@id\":\"https:\/\/procleaner.pl\/#website\"},\"datePublished\":\"2023-11-10T08:43:11+00:00\",\"dateModified\":\"2025-10-07T11:36:23+00:00\",\"breadcrumb\":{\"@id\":\"https:\/\/procleaner.pl\/dezynfekcja-pomieszczen-zamglawianie\/#breadcrumb\"},\"inLanguage\":\"de\",\"potentialAction\":[{\"@type\":\"ReadAction\",\"target\":[\"https:\/\/procleaner.pl\/dezynfekcja-pomieszczen-zamglawianie\/\"]}]},{\"@type\":\"BreadcrumbList\",\"@id\":\"https:\/\/procleaner.pl\/dezynfekcja-pomieszczen-zamglawianie\/#breadcrumb\",\"itemListElement\":[{\"@type\":\"ListItem\",\"position\":1,\"name\":\"Strona g\u0142\u00f3wna\",\"item\":\"https:\/\/procleaner.pl\/\"},{\"@type\":\"ListItem\",\"position\":2,\"name\":\"Desinfektion\"}]},{\"@type\":\"WebSite\",\"@id\":\"https:\/\/procleaner.pl\/#website\",\"url\":\"https:\/\/procleaner.pl\/\",\"name\":\"ProCleaner\",\"description\":\"Firma sprz\u0105taj\u0105ca Wroc\u0142aw, us\u0142ugi sprz\u0105taj\u0105ce we Wroc\u0142awiu\",\"publisher\":{\"@id\":\"https:\/\/procleaner.pl\/#organization\"},\"potentialAction\":[{\"@type\":\"SearchAction\",\"target\":{\"@type\":\"EntryPoint\",\"urlTemplate\":\"https:\/\/procleaner.pl\/?s={search_term_string}\"},\"query-input\":\"required name=search_term_string\"}],\"inLanguage\":\"de\"},{\"@type\":\"Organization\",\"@id\":\"https:\/\/procleaner.pl\/#organization\",\"name\":\"ProCleaner\",\"url\":\"https:\/\/procleaner.pl\/\",\"logo\":{\"@type\":\"ImageObject\",\"inLanguage\":\"de\",\"@id\":\"https:\/\/procleaner.pl\/#\/schema\/logo\/image\/\",\"url\":\"https:\/\/procleaner.pl\/wp-content\/uploads\/2021\/05\/logo2.jpg\",\"contentUrl\":\"https:\/\/procleaner.pl\/wp-content\/uploads\/2021\/05\/logo2.jpg\",\"width\":364,\"height\":79,\"caption\":\"ProCleaner\"},\"image\":{\"@id\":\"https:\/\/procleaner.pl\/#\/schema\/logo\/image\/\"},\"sameAs\":[\"https:\/\/www.facebook.com\/ProCleanerPoland\/\"]}]}<\/script>\n<!-- \/ Yoast SEO plugin. -->","yoast_head_json":{"title":"Desinfektion - ProCleaner","robots":{"index":"index","follow":"follow","max-snippet":"max-snippet:-1","max-image-preview":"max-image-preview:large","max-video-preview":"max-video-preview:-1"},"canonical":"https:\/\/procleaner.pl\/dezynfekcja-pomieszczen-zamglawianie\/","og_locale":"de_DE","og_type":"article","og_title":"Desinfektion - ProCleaner","og_description":"Desinfektion, Sch\u00e4dlingsbek\u00e4mpfung, Rattenbek\u00e4mpfung? Sehen Sie, wen wir Ihnen empfehlen k\u00f6nnen Bei ProCleaner bieten wir keine DDD-Dienstleistungen an. Wir k\u00f6nnen Ihnen jedoch die Dienstleistungen eines befreundeten Unternehmens empfehlen, das diese Dienstleistungen professionell ausf\u00fchrt. Auch in ganz Polen. Nutzen Sie die Dienste von InSee Sehen Sie sich auch unsere anderen Dienstleistungen an: Lagerhallen Hotels Gesundheitswesen Gewerbeimmobilien Kultur- &hellip; Desinfektion Weiterlesen &raquo;","og_url":"https:\/\/procleaner.pl\/dezynfekcja-pomieszczen-zamglawianie\/","og_site_name":"ProCleaner","article_publisher":"https:\/\/www.facebook.com\/ProCleanerPoland\/","article_modified_time":"2025-10-07T11:36:23+00:00","og_image":[{"url":"https:\/\/procleaner.pl\/wp-content\/uploads\/2021\/09\/dezynfekcja-dezynsekcja-deratyzacja-1024x684.webp"}],"twitter_card":"summary_large_image","schema":{"@context":"https:\/\/schema.org","@graph":[{"@type":"WebPage","@id":"https:\/\/procleaner.pl\/dezynfekcja-pomieszczen-zamglawianie\/","url":"https:\/\/procleaner.pl\/dezynfekcja-pomieszczen-zamglawianie\/","name":"Desinfektion - ProCleaner","isPartOf":{"@id":"https:\/\/procleaner.pl\/#website"},"datePublished":"2023-11-10T08:43:11+00:00","dateModified":"2025-10-07T11:36:23+00:00","breadcrumb":{"@id":"https:\/\/procleaner.pl\/dezynfekcja-pomieszczen-zamglawianie\/#breadcrumb"},"inLanguage":"de","potentialAction":[{"@type":"ReadAction","target":["https:\/\/procleaner.pl\/dezynfekcja-pomieszczen-zamglawianie\/"]}]},{"@type":"BreadcrumbList","@id":"https:\/\/procleaner.pl\/dezynfekcja-pomieszczen-zamglawianie\/#breadcrumb","itemListElement":[{"@type":"ListItem","position":1,"name":"Strona g\u0142\u00f3wna","item":"https:\/\/procleaner.pl\/"},{"@type":"ListItem","position":2,"name":"Desinfektion"}]},{"@type":"WebSite","@id":"https:\/\/procleaner.pl\/#website","url":"https:\/\/procleaner.pl\/","name":"ProCleaner","description":"Firma sprz\u0105taj\u0105ca Wroc\u0142aw, us\u0142ugi sprz\u0105taj\u0105ce we Wroc\u0142awiu","publisher":{"@id":"https:\/\/procleaner.pl\/#organization"},"potentialAction":[{"@type":"SearchAction","target":{"@type":"EntryPoint","urlTemplate":"https:\/\/procleaner.pl\/?s={search_term_string}"},"query-input":"required name=search_term_string"}],"inLanguage":"de"},{"@type":"Organization","@id":"https:\/\/procleaner.pl\/#organization","name":"ProCleaner","url":"https:\/\/procleaner.pl\/","logo":{"@type":"ImageObject","inLanguage":"de","@id":"https:\/\/procleaner.pl\/#\/schema\/logo\/image\/","url":"https:\/\/procleaner.pl\/wp-content\/uploads\/2021\/05\/logo2.jpg","contentUrl":"https:\/\/procleaner.pl\/wp-content\/uploads\/2021\/05\/logo2.jpg","width":364,"height":79,"caption":"ProCleaner"},"image":{"@id":"https:\/\/procleaner.pl\/#\/schema\/logo\/image\/"},"sameAs":["https:\/\/www.facebook.com\/ProCleanerPoland\/"]}]}},"_links":{"self":[{"href":"https:\/\/procleaner.pl\/de\/wp-json\/wp\/v2\/pages\/10147"}],"collection":[{"href":"https:\/\/procleaner.pl\/de\/wp-json\/wp\/v2\/pages"}],"about":[{"href":"https:\/\/procleaner.pl\/de\/wp-json\/wp\/v2\/types\/page"}],"author":[{"embeddable":true,"href":"https:\/\/procleaner.pl\/de\/wp-json\/wp\/v2\/users\/1"}],"replies":[{"embeddable":true,"href":"https:\/\/procleaner.pl\/de\/wp-json\/wp\/v2\/comments?post=10147"}],"version-history":[{"count":1,"href":"https:\/\/procleaner.pl\/de\/wp-json\/wp\/v2\/pages\/10147\/revisions"}],"predecessor-version":[{"id":10148,"href":"https:\/\/procleaner.pl\/de\/wp-json\/wp\/v2\/pages\/10147\/revisions\/10148"}],"wp:attachment":[{"href":"https:\/\/procleaner.pl\/de\/wp-json\/wp\/v2\/media?parent=10147"}],"curies":[{"name":"wp","href":"https:\/\/api.w.org\/{rel}","templated":true}]}}